{"id":1016001,"date":"2024-06-17T15:03:12","date_gmt":"2024-06-17T07:03:12","guid":{"rendered":"https:\/\/vimaterial.de\/product\/stannato-di-zinco-zto-ossido-di-zinco-e-stagno\/"},"modified":"2025-03-26T18:02:40","modified_gmt":"2025-03-26T10:02:40","slug":"stannato-di-zinco-zto-ossido-di-zinco-e-stagno","status":"publish","type":"product","link":"https:\/\/vimaterial.de\/it\/product\/stannato-di-zinco-zto-ossido-di-zinco-e-stagno\/","title":{"rendered":"Stannato di zinco (ZTO) (ossido di zinco-stagno)"},"content":{"rendered":"<p><span style=\"font-family: arial, helvetica, sans-serif; font-size: 12pt;\">I granuli ZTO sono particelle di ossido di zinco-stagno. \u00c8 un ossido metallico composto dagli elementi zinco (Zn), stagno (Sn) e ossigeno (O). <\/span><\/p>\n<p><span style=\"font-family: arial, helvetica, sans-serif; font-size: 12pt;\">VIMATERIAL \u00e8 in grado di fornire granuli ZTO in varie confezioni e specifiche, la nostra azienda produce granuli ZTO con elevata purezza e qualit\u00e0 eccellente, i nostri clienti rispondono alla qualit\u00e0 del prodotto \u00e8 molto buona. ZTO ha buone propriet\u00e0 ottiche, elevata attivit\u00e0 fotocatalitica, stabilit\u00e0 chimica, ha un ruolo indispensabile nella produzione industriale vera e propria.<\/span><\/p>\n<p><span style=\"color: #0000ff; font-family: arial, helvetica, sans-serif; font-size: 12pt;\"><a style=\"color: #0000ff;\" href=\"https:\/\/vimaterial.de\/it\/contatto\/\">Contattaci.<\/a><\/span><\/p>\n<h2><span style=\"font-family: arial, helvetica, sans-serif; font-size: 14pt;\">Propriet\u00e0 fisiche:<\/span><\/h2>\n<p><span style=\"font-family: arial, helvetica, sans-serif; font-size: 12pt;\">Formula molecolare: ZnSnO\u2083<\/span><\/p>\n<p><span style=\"font-family: arial, helvetica, sans-serif; font-size: 12pt;\">Peso molecolare: 232.087<\/span><\/p>\n<p><span style=\"font-family: arial, helvetica, sans-serif; font-size: 12pt;\">Aspetto: bersaglio da bianco a bianco sporco<\/span><\/p>\n<p><span style=\"font-family: arial, helvetica, sans-serif; font-size: 12pt;\">Densit\u00e0: 4,25 g\/cm\u00b3<\/span><\/p>\n<p><span style=\"font-family: arial, helvetica, sans-serif; font-size: 12pt;\">Struttura cristallina: Ha una struttura cristallina di tipo calcogenuro, in cui gli ioni zinco (Zn\u00b2\u207a) e gli ioni stagno (Sn\u2074\u207a) occupano insieme il sito B nella struttura calcogenuro e gli ioni ossigeno (O\u00b2-) formano un reticolo cubico centrato sulla faccia.<\/span><\/p>\n<h2><span style=\"font-family: arial, helvetica, sans-serif; font-size: 14pt;\">Applicazione:<\/span><\/h2>\n<p><span style=\"font-family: arial, helvetica, sans-serif; font-size: 12pt;\">Dispositivi elettronici: pu\u00f2 essere utilizzato come materiale per canali o materiali per strati attivi in dispositivi a semiconduttore come transistor e tubi ad effetto di campo. <\/span><\/p>\n<p><span style=\"font-family: arial, helvetica, sans-serif; font-size: 12pt;\">Pellicole conduttive trasparenti: Pu\u00f2 essere utilizzato per preparare pellicole conduttive trasparenti. Questo tipo di film ha una vasta gamma di applicazioni in touch screen, display a cristalli liquidi (LCD), display a diodi organici a emissione di luce (OLED) e altri campi. <\/span><\/p>\n<p><span style=\"font-family: arial, helvetica, sans-serif; font-size: 12pt;\">Campo del sensore: A causa della sensibilit\u00e0 delle particelle a determinati gas (ad es. idrogeno, monossido di carbonio, ecc.), pu\u00f2 essere utilizzato per preparare sensori di gas.<\/span><\/p>\n<h2><span style=\"font-family: arial, helvetica, sans-serif; font-size: 14pt;\">Imballaggio e conservazione:<\/span><\/h2>\n<p><span style=\"font-family: arial, helvetica, sans-serif; font-size: 12pt;\">L&#8217;imballaggio pu\u00f2 essere personalizzato. Selezioneremo il materiale di imballaggio appropriato in base alla natura del materiale granulare. <\/span><\/p>\n<p>I granuli di stannato di zinco devono essere conservati in un ambiente asciutto, resistente all&#8217;umidit\u00e0 e sigillato, mantenuti a temperatura ambiente e protetti dalla luce, conservati verticalmente e tenuti lontani da acidi e alcali e altre fonti di inquinamento.<\/p>\n<h2><span style=\"font-family: arial, helvetica, sans-serif; font-size: 14pt;\">Controllo di qualit\u00e0:<\/span><\/h2>\n<p><span style=\"font-family: arial, helvetica, sans-serif; font-size: 12pt;\">Ogni lotto di merci \u00e8 accompagnato da COA e rapporto di analisi, le merci sono tutte qualificate, non esitate a ordinare.<\/span><\/p>\n","protected":false},"excerpt":{"rendered":"<p><span style=\"font-family: arial, helvetica, sans-serif; font-size: 12pt;\">I granuli ZTO sono particelle di ossido di zinco-stagno. \u00c8 un ossido metallico composto dagli elementi zinco (Zn), stagno (Sn) e ossigeno (O). <\/span><\/p>\n<p><span style=\"font-family: arial, helvetica, sans-serif; font-size: 12pt;\">VIMATERIAL \u00e8 in grado di fornire granuli ZTO in varie confezioni e specifiche, la nostra azienda produce granuli ZTO con elevata purezza e qualit\u00e0 eccellente, i nostri clienti rispondono alla qualit\u00e0 del prodotto \u00e8 molto buona. ZTO ha buone propriet\u00e0 ottiche, elevata attivit\u00e0 fotocatalitica, stabilit\u00e0 chimica, ha un ruolo indispensabile nella produzione industriale vera e propria.<\/span><\/p>\n","protected":false},"featured_media":1003497,"comment_status":"open","ping_status":"closed","template":"","meta":{"_acf_changed":false},"product_brand":[],"product_cat":[198],"product_tag":[],"class_list":{"0":"post-1016001","1":"product","2":"type-product","3":"status-publish","4":"has-post-thumbnail","6":"product_cat-materiali-per-levaporazione","8":"first","9":"instock","10":"shipping-taxable","11":"product-type-variable"},"acf":[],"_links":{"self":[{"href":"https:\/\/vimaterial.de\/it\/wp-json\/wp\/v2\/product\/1016001","targetHints":{"allow":["GET"]}}],"collection":[{"href":"https:\/\/vimaterial.de\/it\/wp-json\/wp\/v2\/product"}],"about":[{"href":"https:\/\/vimaterial.de\/it\/wp-json\/wp\/v2\/types\/product"}],"replies":[{"embeddable":true,"href":"https:\/\/vimaterial.de\/it\/wp-json\/wp\/v2\/comments?post=1016001"}],"wp:featuredmedia":[{"embeddable":true,"href":"https:\/\/vimaterial.de\/it\/wp-json\/wp\/v2\/media\/1003497"}],"wp:attachment":[{"href":"https:\/\/vimaterial.de\/it\/wp-json\/wp\/v2\/media?parent=1016001"}],"wp:term":[{"taxonomy":"product_brand","embeddable":true,"href":"https:\/\/vimaterial.de\/it\/wp-json\/wp\/v2\/product_brand?post=1016001"},{"taxonomy":"product_cat","embeddable":true,"href":"https:\/\/vimaterial.de\/it\/wp-json\/wp\/v2\/product_cat?post=1016001"},{"taxonomy":"product_tag","embeddable":true,"href":"https:\/\/vimaterial.de\/it\/wp-json\/wp\/v2\/product_tag?post=1016001"}],"curies":[{"name":"wp","href":"https:\/\/api.w.org\/{rel}","templated":true}]}}