{"id":1015988,"date":"2024-06-17T15:04:20","date_gmt":"2024-06-17T07:04:20","guid":{"rendered":"https:\/\/vimaterial.de\/product\/arsenuro-di-zinco-2\/"},"modified":"2025-03-26T17:30:57","modified_gmt":"2025-03-26T09:30:57","slug":"arsenuro-di-zinco-2","status":"publish","type":"product","link":"https:\/\/vimaterial.de\/it\/product\/arsenuro-di-zinco-2\/","title":{"rendered":"Arseniuro di zinco"},"content":{"rendered":"<p><span style=\"font-family: arial, helvetica, sans-serif; font-size: 12pt;\">L&#8217;arseniuro di zinco (Zn3As2) \u00e8 un composto binario di zinco con arsenico che forma cristalli tetragonali grigi.<\/span><\/p>\n<p><span style=\"font-family: arial, helvetica, sans-serif; font-size: 12pt;\">VIMATERIAL \u00e8 in grado di fornire granuli di arseniuro di zinco in vari pacchetti e specifiche, la nostra azienda produce granuli di arseniuro di zinco con elevata purezza e qualit\u00e0 eccellente, i nostri clienti hanno un&#8217;ottima risposta alla qualit\u00e0 del prodotto. L&#8217;arseniuro di zinco ha propriet\u00e0 di stabilit\u00e0, ossidazione e riduzione, indispensabili nella produzione industriale pratica. <\/span><\/p>\n<p><span style=\"color: #0000ff; font-family: arial, helvetica, sans-serif; font-size: 12pt;\"><a style=\"color: #0000ff;\" href=\"https:\/\/vimaterial.de\/it\/contatto\/\">Contattaci.<\/a><\/span><\/p>\n<h2><span style=\"font-family: arial, helvetica, sans-serif; font-size: 14pt;\">Propriet\u00e0 fisiche:<\/span><\/h2>\n<p><span style=\"font-family: arial, helvetica, sans-serif; font-size: 12pt;\">Formula chimica:Zn3As2<\/span><\/p>\n<p><span style=\"font-family: arial, helvetica, sans-serif; font-size: 12pt;\">Peso molecolare: circa 347,27 g\/mol <\/span><\/p>\n<p><span style=\"font-family: arial, helvetica, sans-serif; font-size: 12pt;\">Aspetto:Solido grigio scuroMolare<\/span><\/p>\n<p><span style=\"font-family: arial, helvetica, sans-serif; font-size: 12pt;\">Densit\u00e0: 5,62 g \u00b7 cm-3<\/span><\/p>\n<p><span style=\"font-family: arial, helvetica, sans-serif; font-size: 12pt;\">Punto di fusione: 1015\u00b0C.<\/span><\/p>\n<p><span style=\"font-family: arial, helvetica, sans-serif; font-size: 12pt;\">Struttura cristallina: cristalli tetragonali grigi con una struttura cristallina tetragonale centrata sul corpo, i suoi parametri cellulari, contiene tre atomi di zinco cristallograficamente diversi, tutti coordinati in tetraedri da atomi di arsenico, e a temperature elevate, si verificheranno trasformazioni in altre strutture.<\/span><\/p>\n<h2><span style=\"font-family: arial, helvetica, sans-serif; font-size: 12pt;\">Aree di applicazione:<\/span><\/h2>\n<p><span style=\"font-family: arial, helvetica, sans-serif; font-size: 12pt;\">Reagente sperimentale: utilizzato come reagente in alcuni esperimenti chimici o di ricerca.<\/span><\/p>\n<p><span style=\"font-family: arial, helvetica, sans-serif; font-size: 12pt;\">Prodotti chimici fini: pu\u00f2 essere utilizzato nel campo della chimica fine per la produzione di prodotti chimici o materiali specifici.<\/span><\/p>\n<p><span style=\"font-family: arial, helvetica, sans-serif; font-size: 12pt;\">Intermedi farmaceutici: utilizzati come intermedi farmaceutici per partecipare al processo di sintesi o ricerca e sviluppo di alcuni farmaci.<\/span><\/p>\n<p><span style=\"font-family: arial, helvetica, sans-serif; font-size: 12pt;\">Intermedi dei materiali: nel campo della scienza dei materiali, utilizzati nella preparazione di materiali specifici, come i materiali semiconduttori.<\/span><\/p>\n<h2><span style=\"font-family: arial, helvetica, sans-serif; font-size: 12pt;\">Imballaggio e conservazione:<\/span><\/h2>\n<p><span style=\"font-family: arial, helvetica, sans-serif; font-size: 12pt;\">L&#8217;imballaggio pu\u00f2 essere personalizzato. Selezioneremo il materiale di imballaggio appropriato in base alla natura del materiale granulare. <\/span><\/p>\n<p><span style=\"font-family: arial, helvetica, sans-serif; font-size: 12pt;\">I materiali in grani sono forniti in sacchetti, bottiglie e confezioni sottovuoto per garantire la stabilit\u00e0 dei materiali.<\/span><\/p>\n<h2><span style=\"font-family: arial, helvetica, sans-serif; font-size: 12pt;\">Controllo di qualit\u00e0:<\/span><\/h2>\n<p><span style=\"font-family: arial, helvetica, sans-serif; font-size: 12pt;\">Ogni lotto di merci \u00e8 accompagnato da COA e rapporto di analisi, le merci sono tutte qualificate, non esitate a ordinare.<\/span><\/p>\n","protected":false},"excerpt":{"rendered":"<p><span style=\"font-family: arial, helvetica, sans-serif; font-size: 12pt;\">L&#8217;arseniuro di zinco (Zn3As2) \u00e8 un composto binario di zinco con arsenico che forma cristalli tetragonali grigi.<\/span><\/p>\n<p><span style=\"font-family: arial, helvetica, sans-serif; font-size: 12pt;\">VIMATERIAL \u00e8 in grado di fornire granuli di arseniuro di zinco in vari pacchetti e specifiche, la nostra azienda produce granuli di arseniuro di zinco con elevata purezza e qualit\u00e0 eccellente, i nostri clienti hanno un&#8217;ottima risposta alla qualit\u00e0 del prodotto. L&#8217;arseniuro di zinco ha propriet\u00e0 di stabilit\u00e0, ossidazione e riduzione, indispensabili nella produzione industriale pratica.<\/span><\/p>\n","protected":false},"featured_media":1003504,"comment_status":"open","ping_status":"closed","template":"","meta":{"_acf_changed":false},"product_brand":[],"product_cat":[198],"product_tag":[],"class_list":{"0":"post-1015988","1":"product","2":"type-product","3":"status-publish","4":"has-post-thumbnail","6":"product_cat-materiali-per-levaporazione","8":"first","9":"instock","10":"shipping-taxable","11":"purchasable","12":"product-type-variable"},"acf":[],"_links":{"self":[{"href":"https:\/\/vimaterial.de\/it\/wp-json\/wp\/v2\/product\/1015988","targetHints":{"allow":["GET"]}}],"collection":[{"href":"https:\/\/vimaterial.de\/it\/wp-json\/wp\/v2\/product"}],"about":[{"href":"https:\/\/vimaterial.de\/it\/wp-json\/wp\/v2\/types\/product"}],"replies":[{"embeddable":true,"href":"https:\/\/vimaterial.de\/it\/wp-json\/wp\/v2\/comments?post=1015988"}],"wp:featuredmedia":[{"embeddable":true,"href":"https:\/\/vimaterial.de\/it\/wp-json\/wp\/v2\/media\/1003504"}],"wp:attachment":[{"href":"https:\/\/vimaterial.de\/it\/wp-json\/wp\/v2\/media?parent=1015988"}],"wp:term":[{"taxonomy":"product_brand","embeddable":true,"href":"https:\/\/vimaterial.de\/it\/wp-json\/wp\/v2\/product_brand?post=1015988"},{"taxonomy":"product_cat","embeddable":true,"href":"https:\/\/vimaterial.de\/it\/wp-json\/wp\/v2\/product_cat?post=1015988"},{"taxonomy":"product_tag","embeddable":true,"href":"https:\/\/vimaterial.de\/it\/wp-json\/wp\/v2\/product_tag?post=1015988"}],"curies":[{"name":"wp","href":"https:\/\/api.w.org\/{rel}","templated":true}]}}