{"id":1015979,"date":"2024-06-17T15:04:25","date_gmt":"2024-06-17T07:04:25","guid":{"rendered":"https:\/\/vimaterial.de\/product\/fosfuro-di-zinco\/"},"modified":"2025-03-26T16:14:31","modified_gmt":"2025-03-26T08:14:31","slug":"fosfuro-di-zinco","status":"publish","type":"product","link":"https:\/\/vimaterial.de\/it\/product\/fosfuro-di-zinco\/","title":{"rendered":"Fosfuro di zinco"},"content":{"rendered":"<p><span style=\"font-family: arial, helvetica, sans-serif; font-size: 12pt;\">Il granulo di fosfuro di zinco \u00e8 un prodotto chimico importante. Si presenta come una polvere o granulo cristallino grigio scuro, \u00e8 insolubile in acqua ed etanolo ed \u00e8 relativamente stabile a temperatura ambiente.<\/span><\/p>\n<p><span style=\"font-family: arial, helvetica, sans-serif; font-size: 12pt;\">VIMATERIAL \u00e8 in grado di fornire granuli di fosfuro di zinco in vari pacchetti e specifiche, prodotto dalla nostra azienda ha le caratteristiche di elevata purezza e qualit\u00e0 eccellente e la risposta dei nostri clienti a questo prodotto \u00e8 molto buona. Pu\u00f2 essere utilizzato nella preparazione di materiali semiconduttori e ha un ruolo indispensabile nella produzione industriale vera e propria. Pu\u00f2 essere utilizzato nella preparazione di materiali semiconduttori e ha un ruolo indispensabile nella produzione industriale vera e propria. <\/span><\/p>\n<p><span style=\"color: #0000ff; font-family: arial, helvetica, sans-serif; font-size: 12pt;\"><a style=\"color: #0000ff;\" href=\"https:\/\/vimaterial.de\/it\/contatto\/\">Contattaci.<\/a><\/span><\/p>\n<h2><span style=\"font-family: arial, helvetica, sans-serif; font-size: 14pt;\">Propriet\u00e0 fisiche:<\/span><\/h2>\n<p><span style=\"font-family: arial, helvetica, sans-serif; font-size: 12pt;\">Formula molecolare: Zn\u2083P\u2082.<\/span><\/p>\n<p><span style=\"font-family: arial, helvetica, sans-serif; font-size: 12pt;\">Peso molecolare: 258,08<\/span><\/p>\n<p><span style=\"font-family: arial, helvetica, sans-serif; font-size: 12pt;\">Aspetto: particelle solitamente grigio scuro o grigio-nere.<\/span><\/p>\n<p><span style=\"font-family: arial, helvetica, sans-serif; font-size: 12pt;\">Densit\u00e0: circa 4,55 g\/cm\u00b3.<\/span><\/p>\n<p><span style=\"font-family: arial, helvetica, sans-serif; font-size: 12pt;\">Punto di fusione: pi\u00f9 di 420\u00b0C.<\/span><\/p>\n<p><span style=\"font-family: arial, helvetica, sans-serif; font-size: 12pt;\">Punto di ebollizione: 1100\u00b0C.<\/span><\/p>\n<p><span style=\"font-family: arial, helvetica, sans-serif; font-size: 12pt;\">Struttura cristallina: sistema cristallino tetragonale a temperatura e pressione ambiente, se riscaldato a circa 845\u00b0C, si trasformer\u00e0 in sistema cristallino cubico.<\/span><\/p>\n<h2><span style=\"font-family: arial, helvetica, sans-serif; font-size: 14pt;\">Applicazioni:<\/span><\/h2>\n<p><span style=\"font-family: arial, helvetica, sans-serif; font-size: 12pt;\">Industria elettronica: Nel campo dei materiali semiconduttori e dei dispositivi elettronici, pu\u00f2 essere utilizzato per preparare alcuni materiali con propriet\u00e0 elettriche speciali.<\/span><\/p>\n<p><span style=\"font-family: arial, helvetica, sans-serif; font-size: 12pt;\">Industria metallurgica: nel processo metallurgico, pu\u00f2 essere utilizzato come additivo per migliorare le propriet\u00e0 dei materiali metallici.<\/span><\/p>\n<h2><span style=\"font-family: arial, helvetica, sans-serif; font-size: 14pt;\">Imballaggio e conservazione:<\/span><\/h2>\n<p><span style=\"font-family: arial, helvetica, sans-serif; font-size: 12pt;\">L&#8217;imballaggio pu\u00f2 essere personalizzato. Selezioneremo il materiale di imballaggio appropriato in base alla natura del materiale granulare. <\/span><\/p>\n<p><span style=\"font-family: arial, helvetica, sans-serif; font-size: 12pt;\">I materiali in pellet sono forniti in sacchi, bottiglie e confezioni sottovuoto per garantire la stabilit\u00e0 dei materiali.<\/span><\/p>\n<h2><span style=\"font-family: arial, helvetica, sans-serif; font-size: 14pt;\">Controllo di qualit\u00e0:<\/span><\/h2>\n<p><span style=\"font-family: arial, helvetica, sans-serif; font-size: 12pt;\">Ogni lotto di merci \u00e8 accompagnato da COA e rapporto di analisi, le merci sono tutte qualificate, non esitate a ordinare.<\/span><\/p>\n","protected":false},"excerpt":{"rendered":"<p><span style=\"font-family: arial, helvetica, sans-serif; font-size: 12pt;\">Il granulo di fosfuro di zinco \u00e8 un prodotto chimico importante. Si presenta come una polvere o granulo cristallino grigio scuro, \u00e8 insolubile in acqua ed etanolo ed \u00e8 relativamente stabile a temperatura ambiente.<\/span><\/p>\n<p><span style=\"font-family: arial, helvetica, sans-serif; font-size: 12pt;\">VIMATERIAL \u00e8 in grado di fornire granuli di fosfuro di zinco in vari pacchetti e specifiche, prodotto dalla nostra azienda ha le caratteristiche di elevata purezza e qualit\u00e0 eccellente e la risposta dei nostri clienti a questo prodotto \u00e8 molto buona. Pu\u00f2 essere utilizzato nella preparazione di materiali semiconduttori e ha un ruolo indispensabile nella produzione industriale vera e propria. Pu\u00f2 essere utilizzato nella preparazione di materiali semiconduttori e ha un ruolo indispensabile nella produzione industriale vera e propria.<\/span><\/p>\n","protected":false},"featured_media":1003518,"comment_status":"open","ping_status":"closed","template":"","meta":{"_acf_changed":false},"product_brand":[],"product_cat":[198],"product_tag":[],"class_list":{"0":"post-1015979","1":"product","2":"type-product","3":"status-publish","4":"has-post-thumbnail","6":"product_cat-materiali-per-levaporazione","8":"first","9":"outofstock","10":"shipping-taxable","11":"product-type-variable"},"acf":[],"_links":{"self":[{"href":"https:\/\/vimaterial.de\/it\/wp-json\/wp\/v2\/product\/1015979","targetHints":{"allow":["GET"]}}],"collection":[{"href":"https:\/\/vimaterial.de\/it\/wp-json\/wp\/v2\/product"}],"about":[{"href":"https:\/\/vimaterial.de\/it\/wp-json\/wp\/v2\/types\/product"}],"replies":[{"embeddable":true,"href":"https:\/\/vimaterial.de\/it\/wp-json\/wp\/v2\/comments?post=1015979"}],"wp:featuredmedia":[{"embeddable":true,"href":"https:\/\/vimaterial.de\/it\/wp-json\/wp\/v2\/media\/1003518"}],"wp:attachment":[{"href":"https:\/\/vimaterial.de\/it\/wp-json\/wp\/v2\/media?parent=1015979"}],"wp:term":[{"taxonomy":"product_brand","embeddable":true,"href":"https:\/\/vimaterial.de\/it\/wp-json\/wp\/v2\/product_brand?post=1015979"},{"taxonomy":"product_cat","embeddable":true,"href":"https:\/\/vimaterial.de\/it\/wp-json\/wp\/v2\/product_cat?post=1015979"},{"taxonomy":"product_tag","embeddable":true,"href":"https:\/\/vimaterial.de\/it\/wp-json\/wp\/v2\/product_tag?post=1015979"}],"curies":[{"name":"wp","href":"https:\/\/api.w.org\/{rel}","templated":true}]}}