{"id":1015975,"date":"2024-06-17T15:04:24","date_gmt":"2024-06-17T07:04:24","guid":{"rendered":"https:\/\/vimaterial.de\/product\/arsenuro-di-zinco\/"},"modified":"2025-03-26T17:16:12","modified_gmt":"2025-03-26T09:16:12","slug":"arsenuro-di-zinco","status":"publish","type":"product","link":"https:\/\/vimaterial.de\/it\/product\/arsenuro-di-zinco\/","title":{"rendered":"Arseniuro di zinco"},"content":{"rendered":"<p><span style=\"font-family: arial, helvetica, sans-serif; font-size: 12pt;\">L&#8217;arseniuro di zinco \u00e8 un composto inorganico. \u00c8 un importante materiale semiconduttore.<\/span><\/p>\n<p><span style=\"font-family: arial, helvetica, sans-serif; font-size: 12pt;\">VIMATERIAL \u00e8 in grado di fornire polvere di arseniuro di zinco in vari pacchetti e specifiche, la nostra azienda la produce con elevata purezza e qualit\u00e0 eccellente e la risposta dei nostri clienti alla qualit\u00e0 di questo prodotto \u00e8 molto buona. Ha propriet\u00e0 ossidanti e riducenti e svolge un ruolo indispensabile nella produzione industriale pratica.<\/span><\/p>\n<p><span style=\"color: #0000ff;\"><a style=\"color: #0000ff;\" href=\"https:\/\/vimaterial.de\/it\/contatto\/\">Contattaci.<\/a><\/span><\/p>\n<h2><span style=\"font-family: arial, helvetica, sans-serif; font-size: 14pt;\">Propriet\u00e0 fisiche:<\/span><\/h2>\n<p><span style=\"font-family: arial, helvetica, sans-serif; font-size: 12pt;\">Formula molecolare: Zn3As2.<\/span><\/p>\n<p><span style=\"font-family: arial, helvetica, sans-serif; font-size: 12pt;\">Peso molecolare: 347,27 g\/mol circa.<\/span><\/p>\n<p><span style=\"font-family: arial, helvetica, sans-serif; font-size: 12pt;\">Aspetto: cristallo tetragonale grigio.<\/span><\/p>\n<p><span style=\"font-family: arial, helvetica, sans-serif; font-size: 12pt;\">Densit\u00e0: non trovata.<\/span><\/p>\n<p><span style=\"font-family: arial, helvetica, sans-serif; font-size: 12pt;\">Punto di fusione: non sono stati trovati dati chiari.<\/span><\/p>\n<p><span style=\"font-family: arial, helvetica, sans-serif; font-size: 12pt;\">Punto di ebollizione: non sono stati trovati dati chiari.<\/span><\/p>\n<p><span style=\"font-family: arial, helvetica, sans-serif; font-size: 12pt;\">Struttura cristallina: Sistema cristallino tetragonale.<\/span><\/p>\n<h2><span style=\"font-family: arial, helvetica, sans-serif; font-size: 14pt;\">Applicazioni:<\/span><\/h2>\n<p><span style=\"font-family: arial, helvetica, sans-serif; font-size: 12pt;\">Produzione di dispositivi elettronici: \u00e8 un importante materiale semiconduttore utilizzato nella produzione di dispositivi elettronici come transistor, diodi e circuiti integrati.<\/span><\/p>\n<p><span style=\"font-family: arial, helvetica, sans-serif; font-size: 12pt;\">Ricerca e sviluppo di dispositivi optoelettronici: ha anche importanti applicazioni nei dispositivi optoelettronici, come i diodi emettitori di luce (LED) e i diodi laser.<\/span><\/p>\n<p><span style=\"font-family: arial, helvetica, sans-serif; font-size: 12pt;\">Produzione di celle solari: pu\u00f2 essere utilizzato come materiale dello strato di assorbimento delle celle solari, il suo coefficiente di assorbimento della luce solare \u00e8 elevato, pu\u00f2 convertire in modo pi\u00f9 efficace l&#8217;energia solare in elettricit\u00e0, migliorare l&#8217;efficienza di conversione fotoelettrica delle celle solari.<\/span><\/p>\n<p><span style=\"font-family: arial, helvetica, sans-serif; font-size: 12pt;\">Produzione di rivelatori: pu\u00f2 essere utilizzato per produrre rivelatori a infrarossi grazie alle sue buone caratteristiche di assorbimento e risposta alla luce infrarossa.<\/span><\/p>\n<p><span style=\"font-family: arial, helvetica, sans-serif; font-size: 12pt;\">Reagente sperimentale: negli esperimenti chimici, pu\u00f2 essere utilizzato come reagente speciale per reazioni chimiche specifiche o ricerca sperimentale per aiutare gli scienziati a esplorare nuovi fenomeni chimici e metodi di sintesi.<\/span><\/p>\n<h2><span style=\"font-family: arial, helvetica, sans-serif; font-size: 14pt;\">Imballaggio e conservazione:<\/span><\/h2>\n<p><span style=\"font-family: arial, helvetica, sans-serif; font-size: 12pt;\">L&#8217;imballaggio pu\u00f2 essere personalizzato. I materiali in polvere possono essere confezionati in sacchetti sottovuoto, barattoli sottovuoto, bottiglie sottovuoto, ecc. <\/span><\/p>\n<p><span style=\"font-family: arial, helvetica, sans-serif; font-size: 12pt;\">I materiali in polvere vengono conservati asciutti e confezionati in confezioni sigillate per garantire la stabilit\u00e0 del materiale.<\/span><\/p>\n<h2><span style=\"font-family: arial, helvetica, sans-serif; font-size: 14pt;\">Controllo di qualit\u00e0:<\/span><\/h2>\n<p><span style=\"font-family: arial, helvetica, sans-serif; font-size: 12pt;\">Ogni lotto di merci ha un COA di accompagnamento e un rapporto di analisi, le merci sono tutte qualificate, ti assicuriamo che l&#8217;ordine.<\/span><\/p>\n","protected":false},"excerpt":{"rendered":"<p><span style=\"font-family: arial, helvetica, sans-serif; font-size: 12pt;\">L&#8217;arseniuro di zinco \u00e8 un composto inorganico. \u00c8 un importante materiale semiconduttore.<\/span><\/p>\n<p><span style=\"font-family: arial, helvetica, sans-serif; font-size: 12pt;\">VIMATERIAL \u00e8 in grado di fornire polvere di arseniuro di zinco in vari pacchetti e specifiche, la nostra azienda la produce con elevata purezza e qualit\u00e0 eccellente e la risposta dei nostri clienti alla qualit\u00e0 di questo prodotto \u00e8 molto buona. Ha propriet\u00e0 ossidanti e riducenti e svolge un ruolo indispensabile nella produzione industriale pratica.<\/span><\/p>\n","protected":false},"featured_media":1003511,"comment_status":"open","ping_status":"closed","template":"","meta":{"_acf_changed":false},"product_brand":[],"product_cat":[213],"product_tag":[],"class_list":{"0":"post-1015975","1":"product","2":"type-product","3":"status-publish","4":"has-post-thumbnail","6":"product_cat-materiali-al-fosforo","8":"first","9":"instock","10":"shipping-taxable","11":"product-type-variable"},"acf":[],"_links":{"self":[{"href":"https:\/\/vimaterial.de\/it\/wp-json\/wp\/v2\/product\/1015975","targetHints":{"allow":["GET"]}}],"collection":[{"href":"https:\/\/vimaterial.de\/it\/wp-json\/wp\/v2\/product"}],"about":[{"href":"https:\/\/vimaterial.de\/it\/wp-json\/wp\/v2\/types\/product"}],"replies":[{"embeddable":true,"href":"https:\/\/vimaterial.de\/it\/wp-json\/wp\/v2\/comments?post=1015975"}],"wp:featuredmedia":[{"embeddable":true,"href":"https:\/\/vimaterial.de\/it\/wp-json\/wp\/v2\/media\/1003511"}],"wp:attachment":[{"href":"https:\/\/vimaterial.de\/it\/wp-json\/wp\/v2\/media?parent=1015975"}],"wp:term":[{"taxonomy":"product_brand","embeddable":true,"href":"https:\/\/vimaterial.de\/it\/wp-json\/wp\/v2\/product_brand?post=1015975"},{"taxonomy":"product_cat","embeddable":true,"href":"https:\/\/vimaterial.de\/it\/wp-json\/wp\/v2\/product_cat?post=1015975"},{"taxonomy":"product_tag","embeddable":true,"href":"https:\/\/vimaterial.de\/it\/wp-json\/wp\/v2\/product_tag?post=1015975"}],"curies":[{"name":"wp","href":"https:\/\/api.w.org\/{rel}","templated":true}]}}