{"id":1015850,"date":"2024-06-17T14:51:37","date_gmt":"2024-06-17T06:51:37","guid":{"rendered":"https:\/\/vimaterial.de\/product\/lega-inconel-625-2\/"},"modified":"2025-04-15T16:28:02","modified_gmt":"2025-04-15T08:28:02","slug":"lega-inconel-625-2","status":"publish","type":"product","link":"https:\/\/vimaterial.de\/it\/product\/lega-inconel-625-2\/","title":{"rendered":"Lega INCONEL 625"},"content":{"rendered":"<p>Il bersaglio per sputtering in lega INCONEL 625 \u00e8 un bersaglio per sputtering in lega ad alte prestazioni realizzato in nichel &#8211; cromo &#8211; molibdeno &#8211; niobio, con lucentezza metallica, eccellente resistenza alla corrosione, resistenza alle alte temperature e resistenza all&#8217;ossidazione, che viene utilizzato principalmente nella deposizione fisica da vapore per la preparazione di film sottili con prestazioni eccellenti in ambienti ad alta temperatura e corrosivi.<\/p>\n<p>VIMATERIAL fornisce bersagli di sputtering in lega INCONEL 625, i nostri bersagli di sputtering in lega INCONEL 625 hanno densit\u00e0 elevate, omogeneit\u00e0 all&#8217;interno del target, basse impurit\u00e0, elevata finitura superficiale, alta efficienza di sputtering del target e possiamo anche fornire servizi di rilegatura del target. Abbiamo un team di ricerca e sviluppo professionale e possiamo accettare personalizzazioni ed esperimenti, non esitate <span style=\"color: #0000ff;\"><a style=\"color: #0000ff;\" href=\"https:\/\/vimaterial.de\/en\/contact-us\/\">a contattarci<\/a><\/span>. <\/p>\n<h2><span style=\"font-size: 14pt;\">Propriet\u00e0 fisiche<\/span><\/h2>\n<p>Formula molecolare: NiCrFeCo<\/p>\n<p>Aspetto: solido metallizzato grigio argento<\/p>\n<p>Densit\u00e0: circa 8,44 g\/cm\u00b3.<\/p>\n<p>Struttura cristallina: struttura cristallina cubica a facce centrate (FCC).<\/p>\n<h2><span style=\"font-size: 14pt;\">Applicazioni<\/span><\/h2>\n<p>Aerospaziale: il bersaglio sputtering in lega INCONEL 625 pu\u00f2 essere utilizzato nella preparazione del rivestimento per le pale dei motori aeronautici. Con la sua eccellente resistenza alle alte temperature e le propriet\u00e0 di resistenza alla corrosione, pu\u00f2 resistere efficacemente all&#8217;erosione dei gas ad alta temperatura e all&#8217;impatto delle sollecitazioni meccaniche, prolungando la durata delle pale e migliorando le prestazioni del motore. <\/p>\n<p>Campo dell&#8217;ingegneria marina: nel campo dell&#8217;ingegneria marina, il bersaglio sputtering pu\u00f2 depositare una pellicola protettiva sulla superficie delle attrezzature marine e la sua eccellente resistenza alla corrosione dell&#8217;acqua di mare pu\u00f2 impedire l&#8217;erosione del substrato metallico da ioni cloro e altre erosioni, per garantire che le piattaforme di perforazione marine, le eliche delle navi e altre attrezzature funzionino in modo affidabile in ambienti marini difficili.<\/p>\n<p>Industria petrolchimica: per l&#8217;industria petrolchimica, il bersaglio sputtering in lega INCONEL 625 pu\u00f2 essere utilizzato per rivestire la parete interna del reattore, basandosi sulla sua eccellente resistenza all&#8217;ossidazione ad alta temperatura e alla corrosione chimica, per resistere all&#8217;ambiente di reazione ad alta temperatura e ad alta pressione di una variet\u00e0 di acidi forti, alcali e altri fluidi di corrosione, per proteggere la sicurezza e la stabilit\u00e0 della produzione chimica.<\/p>\n<p>Industria elettronica: nell&#8217;industria elettronica, l&#8217;obiettivo di sputtering pu\u00f2 essere applicato alla deposizione di uno strato di interconnessione metallica nel processo di produzione di chip, sfruttando la sua buona conduttivit\u00e0 elettrica e stabilit\u00e0 per garantire una trasmissione accurata e ad alta velocit\u00e0 dei segnali elettronici e migliorare le prestazioni complessive e l&#8217;affidabilit\u00e0 del chip.<\/p>\n<h2><span style=\"font-size: 14pt;\">Controllo qualit\u00e0<\/span><\/h2>\n<p><span style=\"color: #0000ff;\"><a style=\"color: #0000ff;\" href=\"https:\/\/vimaterial.de\/en\/quality-control\/\">I nostri prodotti<\/a><\/span> sono implementati il sistema di gestione della qualit\u00e0 pi\u00f9 rigoroso, i materiali in entrata, il processo, l&#8217;ispezione finale, l&#8217;ispezione in fabbrica hanno rigorosi standard di ispezione, per l&#8217;elaborazione non qualificata utilizzer\u00e0 rigorose misure di isolamento per evitare il flusso di prodotti non conformi nel processo successivo, in base alle esigenze del cliente fornir\u00e0 ai clienti campioni per i clienti da ispezionare nuovamente.<\/p>\n<h2><span style=\"font-size: 14pt;\">Imballaggio e stoccaggio<\/span><\/h2>\n<p>I bersagli sputtering in lega INCONEL 625 sono confezionati in sacchetti e cartoni a doppio vuoto.<\/p>\n<p>I bersagli sputtering in lega INCONEL 625 devono essere conservati in un ambiente asciutto, a temperatura costante, ben ventilato e pulito, evitando umidit\u00e0, polvere e sostanze corrosive, prevenendo collisioni e attriti violenti e, allo stesso tempo, mantenendo una certa distanza dal forte campo magnetico e dalle fonti di elettricit\u00e0 statica, al fine di garantire la stabilit\u00e0 delle sue prestazioni,  e per facilitare l&#8217;uso dello sputtering.<\/p>\n","protected":false},"excerpt":{"rendered":"<p>Il bersaglio per sputtering in lega INCONEL 625 \u00e8 un bersaglio per sputtering in lega ad alte prestazioni realizzato in nichel &#8211; cromo &#8211; molibdeno &#8211; niobio, con lucentezza metallica, eccellente resistenza alla corrosione, resistenza alle alte temperature e resistenza all&#8217;ossidazione, che viene utilizzato principalmente nella deposizione fisica da vapore per la preparazione di film sottili con prestazioni eccellenti in ambienti ad alta temperatura e corrosivi.<\/p>\n","protected":false},"featured_media":1002595,"comment_status":"open","ping_status":"closed","template":"","meta":{"_acf_changed":false},"product_brand":[],"product_cat":[197],"product_tag":[],"class_list":{"0":"post-1015850","1":"product","2":"type-product","3":"status-publish","4":"has-post-thumbnail","6":"product_cat-obiettivi-di-sputtering-planari","8":"first","9":"instock","10":"shipping-taxable","11":"product-type-variable"},"acf":[],"_links":{"self":[{"href":"https:\/\/vimaterial.de\/it\/wp-json\/wp\/v2\/product\/1015850","targetHints":{"allow":["GET"]}}],"collection":[{"href":"https:\/\/vimaterial.de\/it\/wp-json\/wp\/v2\/product"}],"about":[{"href":"https:\/\/vimaterial.de\/it\/wp-json\/wp\/v2\/types\/product"}],"replies":[{"embeddable":true,"href":"https:\/\/vimaterial.de\/it\/wp-json\/wp\/v2\/comments?post=1015850"}],"wp:featuredmedia":[{"embeddable":true,"href":"https:\/\/vimaterial.de\/it\/wp-json\/wp\/v2\/media\/1002595"}],"wp:attachment":[{"href":"https:\/\/vimaterial.de\/it\/wp-json\/wp\/v2\/media?parent=1015850"}],"wp:term":[{"taxonomy":"product_brand","embeddable":true,"href":"https:\/\/vimaterial.de\/it\/wp-json\/wp\/v2\/product_brand?post=1015850"},{"taxonomy":"product_cat","embeddable":true,"href":"https:\/\/vimaterial.de\/it\/wp-json\/wp\/v2\/product_cat?post=1015850"},{"taxonomy":"product_tag","embeddable":true,"href":"https:\/\/vimaterial.de\/it\/wp-json\/wp\/v2\/product_tag?post=1015850"}],"curies":[{"name":"wp","href":"https:\/\/api.w.org\/{rel}","templated":true}]}}