{"id":1015846,"date":"2024-06-17T14:51:36","date_gmt":"2024-06-17T06:51:36","guid":{"rendered":"https:\/\/vimaterial.de\/product\/lega-inconel-625\/"},"modified":"2025-04-15T16:55:49","modified_gmt":"2025-04-15T08:55:49","slug":"lega-inconel-625","status":"publish","type":"product","link":"https:\/\/vimaterial.de\/it\/product\/lega-inconel-625\/","title":{"rendered":"Lega INCONEL 625"},"content":{"rendered":"<p>La polvere di <a href=\"https:\/\/vimaterial.de\/en\/product\/inconel-625-alloy-2\/\"><span style=\"color: #0000ff;\">lega INCONEL 625<\/span><\/a> \u00e8 una polvere di lega a base di nichel con eccellente resistenza alla corrosione, resistenza alle alte temperature e resistenza all&#8217;ossidazione, che pu\u00f2 essere utilizzata nella produzione di parti ad alte prestazioni per i settori aerospaziale, chimico, marino e di altro tipo attraverso una variet\u00e0 di processi.<\/p>\n<p>VIMATERIAL offre la polvere di lega INCONEL 625. La nostra polvere di lega IINCONEL 625 \u00e8 caratterizzata da elevata purezza, basse impurit\u00e0, granulometria uniforme, dimensioni ridotte della confezione e MOQ ridotto. Abbiamo un team di ricerca e sviluppo tecnico professionale, possiamo accettare la personalizzazione e la sperimentazione del prodotto, non esitate <span style=\"color: #0000ff;\"><a style=\"color: #0000ff;\" href=\"https:\/\/vimaterial.de\/en\/contact-us\/\">a contattarci<\/a>.<\/span>  <\/p>\n<h2><span style=\"font-size: 14pt;\">Propriet\u00e0 fisiche<\/span><\/h2>\n<p>Formula molecolare: NiCrFeCo<\/p>\n<p>Aspetto: polvere grigio o grigio argento<\/p>\n<p>Densit\u00e0: circa 8,44 g\/cm\u00b3.<\/p>\n<p>Struttura cristallina: struttura cristallina cubica a facce centrate (FCC)<\/p>\n<h2><span style=\"font-size: 14pt;\">Applicazioni<\/span><\/h2>\n<p>Aerospaziale: le polveri di lega Inconel 625 sono utilizzate nella produzione di componenti ad alta temperatura per motori aeronautici, come pale di turbine, camere di combustione, ecc. Sono in grado di resistere all&#8217;urto di gas ad alta temperatura e a sollecitazioni meccaniche complesse per garantire un funzionamento affidabile del motore in condizioni estreme. <\/p>\n<p>Petrolchimico: utilizzato nella produzione di apparecchiature chimiche, come reattori, condutture, ecc. La sua eccellente resistenza alla corrosione pu\u00f2 resistere a una variet\u00e0 di acidi forti, alcali e corrosione ambientale ad alta temperatura e alta pressione, per garantire la sicurezza del processo di produzione chimica e la stabilit\u00e0 a lungo termine dell&#8217;apparecchiatura. <\/p>\n<p>Ingegneria navale: viene utilizzato nella costruzione di piattaforme marine e nella produzione di attrezzature marine, come dispositivi di desalinizzazione dell&#8217;acqua di mare, condutture sottomarine, ecc. Pu\u00f2 resistere alla corrosione dell&#8217;acqua di mare e all&#8217;erosione dell&#8217;ambiente marino e prolungare la durata dell&#8217;apparecchiatura. <\/p>\n<p>Campo dell&#8217;energia nucleare: pu\u00f2 essere utilizzato nella produzione di alcune parti chiave all&#8217;interno del reattore nucleare, come le parti del meccanismo di azionamento dell&#8217;asta di controllo, ecc. La sua buona resistenza alle radiazioni e la resistenza alle alte temperature aiutano a lavorare in modo sicuro e stabile nell&#8217;ambiente nucleare. <\/p>\n<p>Industria automobilistica: Viene utilizzato per produrre parti ad alta temperatura come parti di turbocompressori di motori automobilistici ad alte prestazioni, per migliorare le prestazioni e l&#8217;affidabilit\u00e0 del motore e per sfruttare i suoi vantaggi di resistenza alle alte temperature e resistenza all&#8217;abrasione in condizioni di lavoro ad alta temperatura e ad alto numero di giri.<\/p>\n<h2><span style=\"font-size: 14pt;\">Controllo qualit\u00e0<\/span><\/h2>\n<p><span style=\"color: #0000ff;\"><a style=\"color: #0000ff;\" href=\"https:\/\/vimaterial.de\/en\/quality-control\/\">I nostri prodotti<\/a> <\/span>sono implementati il sistema di gestione della qualit\u00e0 pi\u00f9 rigoroso, i materiali in entrata, il processo, l&#8217;ispezione finale, l&#8217;ispezione in fabbrica hanno rigorosi standard di ispezione, per l&#8217;elaborazione non qualificata utilizzer\u00e0 rigorose misure di isolamento per evitare il flusso di prodotti non conformi nel processo successivo, in base alle esigenze del cliente fornir\u00e0 ai clienti campioni per i clienti da ispezionare nuovamente.<\/p>\n<h2><span style=\"font-size: 14pt;\">Imballaggio e stoccaggio<\/span><\/h2>\n<p>Le polveri in lega INCONEL 625 sono confezionate in sacchetti a doppio vuoto o in flaconi a doppio vuoto e confezionate in cartoni.<\/p>\n<p>Le polveri di lega INCONEL 625 devono essere conservate in un ambiente asciutto e ben ventilato con temperatura e umidit\u00e0 relativamente stabili per evitare umidit\u00e0, ossidazione e impurit\u00e0 e lontano da fonti di accensione e materiali infiammabili. Devono essere prese misure appropriate per prevenire l&#8217;accumulo di polvere e elettricit\u00e0 statica della polvere. <\/p>\n","protected":false},"excerpt":{"rendered":"<p>La polvere di lega INCONEL 625 \u00e8 una polvere di lega a base di nichel con eccellente resistenza alla corrosione, resistenza alle alte temperature e resistenza all&#8217;ossidazione, che pu\u00f2 essere utilizzata nella produzione di parti ad alte prestazioni per i settori aerospaziale, chimico, marino e di altro tipo attraverso una variet\u00e0 di processi.<\/p>\n","protected":false},"featured_media":1002588,"comment_status":"open","ping_status":"closed","template":"","meta":{"_acf_changed":false},"product_brand":[],"product_cat":[204],"product_tag":[],"class_list":{"0":"post-1015846","1":"product","2":"type-product","3":"status-publish","4":"has-post-thumbnail","6":"product_cat-stampa-3d-di-polvere-sferica","8":"first","9":"instock","10":"shipping-taxable","11":"product-type-variable"},"acf":[],"_links":{"self":[{"href":"https:\/\/vimaterial.de\/it\/wp-json\/wp\/v2\/product\/1015846","targetHints":{"allow":["GET"]}}],"collection":[{"href":"https:\/\/vimaterial.de\/it\/wp-json\/wp\/v2\/product"}],"about":[{"href":"https:\/\/vimaterial.de\/it\/wp-json\/wp\/v2\/types\/product"}],"replies":[{"embeddable":true,"href":"https:\/\/vimaterial.de\/it\/wp-json\/wp\/v2\/comments?post=1015846"}],"wp:featuredmedia":[{"embeddable":true,"href":"https:\/\/vimaterial.de\/it\/wp-json\/wp\/v2\/media\/1002588"}],"wp:attachment":[{"href":"https:\/\/vimaterial.de\/it\/wp-json\/wp\/v2\/media?parent=1015846"}],"wp:term":[{"taxonomy":"product_brand","embeddable":true,"href":"https:\/\/vimaterial.de\/it\/wp-json\/wp\/v2\/product_brand?post=1015846"},{"taxonomy":"product_cat","embeddable":true,"href":"https:\/\/vimaterial.de\/it\/wp-json\/wp\/v2\/product_cat?post=1015846"},{"taxonomy":"product_tag","embeddable":true,"href":"https:\/\/vimaterial.de\/it\/wp-json\/wp\/v2\/product_tag?post=1015846"}],"curies":[{"name":"wp","href":"https:\/\/api.w.org\/{rel}","templated":true}]}}