{"id":1015836,"date":"2024-06-17T14:51:37","date_gmt":"2024-06-17T06:51:37","guid":{"rendered":"https:\/\/vimaterial.de\/product\/lega-nichel-cromo-molibdeno-niobio-inconel-625\/"},"modified":"2025-04-15T15:29:27","modified_gmt":"2025-04-15T07:29:27","slug":"lega-nichel-cromo-molibdeno-niobio-inconel-625","status":"publish","type":"product","link":"https:\/\/vimaterial.de\/it\/product\/lega-nichel-cromo-molibdeno-niobio-inconel-625\/","title":{"rendered":"Lega di nichel-cromo-molibdeno e niobio (INCONEL 625)"},"content":{"rendered":"<p>La polvere di lega di nichel-cromo-molibdeno niobio \u00e8 una polvere di lega a base di nichel, il colore \u00e8 solitamente grigio argento, particelle fini e uniformi, con eccellente resistenza alla corrosione, stabilit\u00e0 alle alte temperature, buona lavorabilit\u00e0, \u00e8 ampiamente utilizzata nell&#8217;industria aerospaziale, chimica, ingegneria navale e altre aree che richiedono propriet\u00e0 impegnative dei materiali in polvere ad alte prestazioni.<\/p>\n<p>VIMATERIAL fornisce polvere in lega di nichel cromo molibdeno niobio. La nostra polvere INCONEL 625 presenta un&#8217;elevata purezza, una granulometria uniforme, una confezione piccola e un prezzo basso con un MOQ ridotto. Abbiamo un team di ricerca e sviluppo tecnico professionale, possiamo accettare la personalizzazione e la sperimentazione del prodotto, non esitate <span style=\"color: #0000ff;\"><a style=\"color: #0000ff;\" href=\"https:\/\/vimaterial.de\/en\/contact-us\/\">a contattarci<\/a><\/span>.  <\/p>\n<h2><span style=\"font-size: 14pt;\">Propriet\u00e0 fisiche<\/span><\/h2>\n<p>Formula molecolare: NiCrMoNb<\/p>\n<p>Aspetto: polvere grigio argento<\/p>\n<p>Densit\u00e0: circa 8,44 g\/cm\u00b3.<\/p>\n<p>Struttura cristallina: struttura reticolare cubica a facce centrate<\/p>\n<h2><span style=\"font-size: 14pt;\">Applicazioni<\/span><\/h2>\n<p>Aerospaziale: utilizzato nella produzione di parti ad alta temperatura di motori aeronautici, come pale di turbine e camere di combustione, con la sua eccellente resistenza alle alte temperature e resistenza allo scorrimento, pu\u00f2 resistere efficacemente a temperature estremamente elevate e ambienti ad alto stress e migliorare l&#8217;affidabilit\u00e0 e l&#8217;efficienza del motore.<\/p>\n<p>Industria petrolchimica: Nell&#8217;industria petrolchimica, la polvere viene utilizzata nella produzione di reattori, condutture e valvole e altre apparecchiature, utilizzando la sua eccellente resistenza alla corrosione, in grado di resistere ad acidi forti, alcali forti e una variet\u00e0 di mezzi corrosivi ad alta temperatura e alta pressione, per garantire la sicurezza e la stabilit\u00e0 del processo di produzione chimica.<\/p>\n<p>Campo dell&#8217;ingegneria marina: per l&#8217;ingegneria marina, questa polvere di lega viene utilizzata per fabbricare eliche di navi, unit\u00e0 di desalinizzazione e componenti chiave di piattaforme offshore, attraverso la sua buona resistenza alla corrosione dell&#8217;acqua di mare e le propriet\u00e0 di bioadesione anti-acqua di mare, per prolungare la durata dell&#8217;attrezzatura in ambienti marini difficili.<\/p>\n<p>Dispositivi medici: nei dispositivi medici, le polveri in lega di nichel-cromo-molibdeno niobio sono utilizzate nella produzione di dispositivi medici impiantabili, come articolazioni artificiali e impianti dentali, per fornire soluzioni mediche sicure e durature per i pazienti in base alla loro buona biocompatibilit\u00e0 e resistenza alla corrosione.<\/p>\n<h2><span style=\"font-size: 14pt;\">Controllo qualit\u00e0<\/span><\/h2>\n<p><span style=\"color: #0000ff;\"><a style=\"color: #0000ff;\" href=\"https:\/\/vimaterial.de\/en\/quality-control\/\">I nostri prodotti<\/a><\/span> sono implementati il sistema di gestione della qualit\u00e0 pi\u00f9 rigoroso, i materiali in entrata, il processo, l&#8217;ispezione finale, l&#8217;ispezione in fabbrica hanno rigorosi standard di ispezione, per l&#8217;elaborazione non qualificata utilizzer\u00e0 rigorose misure di isolamento per evitare il flusso di prodotti non conformi nel processo successivo, in base alle esigenze del cliente fornir\u00e0 ai clienti campioni per i clienti da ispezionare nuovamente.<\/p>\n<h2><span style=\"font-size: 14pt;\">Imballaggio e stoccaggio<\/span><\/h2>\n<p>Le polveri in lega di nichel cromo molibdeno niobio sono confezionate in doppi sacchetti sottovuoto o doppi flaconi sottovuoto con cartoni esterni.<\/p>\n<p>La polvere di lega di nichel-cromo-molibdeno niobio deve essere conservata in un ambiente asciutto, fresco e ben ventilato, sigillata per prevenire l&#8217;umidit\u00e0, l&#8217;ossidazione e la contaminazione da impurit\u00e0 e deve essere tenuta lontana da fonti di accensione, calore e sostanze corrosive e, allo stesso tempo, una buona marcatura e misure protettive per evitare danni meccanici che ne compromettano le prestazioni.<\/p>\n","protected":false},"excerpt":{"rendered":"<p>La polvere di lega di nichel-cromo-molibdeno niobio \u00e8 una polvere di lega a base di nichel, il colore \u00e8 solitamente grigio argento, particelle fini e uniformi, con eccellente resistenza alla corrosione, stabilit\u00e0 alle alte temperature, buona lavorabilit\u00e0, \u00e8 ampiamente utilizzata nell&#8217;industria aerospaziale, chimica, ingegneria navale e altre aree che richiedono propriet\u00e0 impegnative dei materiali in polvere ad alte prestazioni.<\/p>\n","protected":false},"featured_media":1002610,"comment_status":"open","ping_status":"closed","template":"","meta":{"_acf_changed":false},"product_brand":[],"product_cat":[204],"product_tag":[],"class_list":{"0":"post-1015836","1":"product","2":"type-product","3":"status-publish","4":"has-post-thumbnail","6":"product_cat-stampa-3d-di-polvere-sferica","8":"first","9":"instock","10":"shipping-taxable","11":"product-type-variable"},"acf":[],"_links":{"self":[{"href":"https:\/\/vimaterial.de\/it\/wp-json\/wp\/v2\/product\/1015836","targetHints":{"allow":["GET"]}}],"collection":[{"href":"https:\/\/vimaterial.de\/it\/wp-json\/wp\/v2\/product"}],"about":[{"href":"https:\/\/vimaterial.de\/it\/wp-json\/wp\/v2\/types\/product"}],"replies":[{"embeddable":true,"href":"https:\/\/vimaterial.de\/it\/wp-json\/wp\/v2\/comments?post=1015836"}],"wp:featuredmedia":[{"embeddable":true,"href":"https:\/\/vimaterial.de\/it\/wp-json\/wp\/v2\/media\/1002610"}],"wp:attachment":[{"href":"https:\/\/vimaterial.de\/it\/wp-json\/wp\/v2\/media?parent=1015836"}],"wp:term":[{"taxonomy":"product_brand","embeddable":true,"href":"https:\/\/vimaterial.de\/it\/wp-json\/wp\/v2\/product_brand?post=1015836"},{"taxonomy":"product_cat","embeddable":true,"href":"https:\/\/vimaterial.de\/it\/wp-json\/wp\/v2\/product_cat?post=1015836"},{"taxonomy":"product_tag","embeddable":true,"href":"https:\/\/vimaterial.de\/it\/wp-json\/wp\/v2\/product_tag?post=1015836"}],"curies":[{"name":"wp","href":"https:\/\/api.w.org\/{rel}","templated":true}]}}