{"id":1015819,"date":"2024-06-17T14:51:41","date_gmt":"2024-06-17T06:51:41","guid":{"rendered":"https:\/\/vimaterial.de\/product\/nichel-rame\/"},"modified":"2025-04-15T15:26:06","modified_gmt":"2025-04-15T07:26:06","slug":"nichel-rame","status":"publish","type":"product","link":"https:\/\/vimaterial.de\/it\/product\/nichel-rame\/","title":{"rendered":"Nichel Rame"},"content":{"rendered":"<p>Il bersaglio sputtering in nichel rame \u00e8 un bersaglio sputtering in nichel e lega di rame, lucentezza metallica, buona conduttivit\u00e0 elettrica, conduttivit\u00e0 termica e resistenza alla corrosione, utilizzato principalmente nella tecnologia di deposizione fisica del vapore per preparare materiali a film sottile con propriet\u00e0 specifiche.<\/p>\n<p>VIMATERIAL fornisce bersagli sputtering in nichel-rame. I nostri bersagli di sputtering al nichel-rame sono caratterizzati da alte densit\u00e0, omogeneit\u00e0 all&#8217;interno del target, basse impurit\u00e0, elevata finitura superficiale, elevata efficienza di sputtering del target e servizi di bonding del target. Abbiamo un team di ricerca e sviluppo professionale e possiamo accettare personalizzazioni ed esperimenti, non esitate <span style=\"color: #0000ff;\"><a style=\"color: #0000ff;\" href=\"https:\/\/vimaterial.de\/en\/contact-us\/\">a contattarci<\/a><\/span>.  <\/p>\n<h2><span style=\"font-size: 14pt;\">Propriet\u00e0 fisiche<\/span><\/h2>\n<p>Formula molecolare: NiCu<\/p>\n<p>Peso molecolare: 61,12 g\/mol<\/p>\n<p>Aspetto: Rosa pallido o solido bianco-argento con lucentezza metallica<\/p>\n<p>Struttura cristallina: struttura cristallina cubica a facce centrate<\/p>\n<h2><span style=\"font-size: 14pt;\">Applicazioni<\/span><\/h2>\n<p>Industria elettronica: Nell&#8217;industria elettronica, pu\u00f2 essere utilizzato per la preparazione di linee di interconnessione in circuiti integrati. Con la sua buona conduttivit\u00e0 e resistenza alla corrosione, pu\u00f2 garantire la trasmissione stabile di segnali elettronici e prolungare la durata delle linee. <\/p>\n<p>Rivestimento decorativo: nel campo del rivestimento decorativo, il bersaglio sputtering pu\u00f2 depositare un film sottile con lucentezza metallica e buona resistenza alla corrosione sulla superficie di tutti i tipi di substrati, il che rende i prodotti squisiti e durevoli ed \u00e8 ampiamente utilizzato nel trattamento superficiale di gioielli, orologi e accessori per la casa di alta qualit\u00e0 e altri oggetti decorativi.<\/p>\n<p>Aerospaziale: per le parti aerospaziali, pu\u00f2 essere utilizzato per realizzare rivestimenti speciali per migliorare le prestazioni antiusura e anticorrosione delle parti in ambienti estremi, mentre la sua buona conduttivit\u00e0 termica aiuta a dissipare il calore e garantire il funzionamento affidabile delle parti chiave dell&#8217;aeromobile.<\/p>\n<p>Produzione automobilistica: nella produzione automobilistica, il bersaglio sputtering pu\u00f2 essere utilizzato per il rivestimento superficiale delle parti interne delle automobili per migliorarne la consistenza e la resistenza agli agenti atmosferici e pu\u00f2 anche essere applicato a componenti chiave come i motori automobilistici per migliorarne la resistenza agli shock termici e alla corrosione e prolungare la durata dei componenti.<\/p>\n<h2><span style=\"font-size: 14pt;\">Controllo qualit\u00e0<\/span><\/h2>\n<p><span style=\"color: #0000ff;\"><a style=\"color: #0000ff;\" href=\"https:\/\/vimaterial.de\/en\/quality-control\/\">I nostri prodotti<\/a><\/span> sono implementati il sistema di gestione della qualit\u00e0 pi\u00f9 rigoroso, i materiali in entrata, il processo, l&#8217;ispezione finale, l&#8217;ispezione in fabbrica hanno rigorosi standard di ispezione, per l&#8217;elaborazione non qualificata utilizzer\u00e0 rigorose misure di isolamento per evitare il flusso di prodotti non conformi nel processo successivo, in base alle esigenze del cliente fornir\u00e0 ai clienti campioni per i clienti da ispezionare nuovamente.<\/p>\n<h2><span style=\"font-size: 14pt;\">Imballaggio e stoccaggio<\/span><\/h2>\n<p>I bersagli sputtering in nichel rame sono confezionati in sacchetti e cartoni a doppio vuoto.<\/p>\n<p>I bersagli sputtering in nichel-rame devono essere conservati in un ambiente asciutto e ben ventilato con temperatura e umidit\u00e0 relativamente stabili per evitare umidit\u00e0, ossidazione e danni fisici e devono essere tenuti lontani da sostanze corrosive e fonti di forti campi magnetici e preferibilmente collocati su rack di stoccaggio supportati e protetti.<\/p>\n","protected":false},"excerpt":{"rendered":"<p>Il bersaglio sputtering in nichel rame \u00e8 un bersaglio sputtering in nichel e lega di rame, lucentezza metallica, buona conduttivit\u00e0 elettrica, conduttivit\u00e0 termica e resistenza alla corrosione, utilizzato principalmente nella tecnologia di deposizione fisica del vapore per preparare materiali a film sottile con propriet\u00e0 specifiche.<\/p>\n","protected":false},"featured_media":1002623,"comment_status":"open","ping_status":"closed","template":"","meta":{"_acf_changed":false},"product_brand":[],"product_cat":[197],"product_tag":[],"class_list":{"0":"post-1015819","1":"product","2":"type-product","3":"status-publish","4":"has-post-thumbnail","6":"product_cat-obiettivi-di-sputtering-planari","8":"first","9":"instock","10":"shipping-taxable","11":"product-type-variable"},"acf":[],"_links":{"self":[{"href":"https:\/\/vimaterial.de\/it\/wp-json\/wp\/v2\/product\/1015819","targetHints":{"allow":["GET"]}}],"collection":[{"href":"https:\/\/vimaterial.de\/it\/wp-json\/wp\/v2\/product"}],"about":[{"href":"https:\/\/vimaterial.de\/it\/wp-json\/wp\/v2\/types\/product"}],"replies":[{"embeddable":true,"href":"https:\/\/vimaterial.de\/it\/wp-json\/wp\/v2\/comments?post=1015819"}],"wp:featuredmedia":[{"embeddable":true,"href":"https:\/\/vimaterial.de\/it\/wp-json\/wp\/v2\/media\/1002623"}],"wp:attachment":[{"href":"https:\/\/vimaterial.de\/it\/wp-json\/wp\/v2\/media?parent=1015819"}],"wp:term":[{"taxonomy":"product_brand","embeddable":true,"href":"https:\/\/vimaterial.de\/it\/wp-json\/wp\/v2\/product_brand?post=1015819"},{"taxonomy":"product_cat","embeddable":true,"href":"https:\/\/vimaterial.de\/it\/wp-json\/wp\/v2\/product_cat?post=1015819"},{"taxonomy":"product_tag","embeddable":true,"href":"https:\/\/vimaterial.de\/it\/wp-json\/wp\/v2\/product_tag?post=1015819"}],"curies":[{"name":"wp","href":"https:\/\/api.w.org\/{rel}","templated":true}]}}