{"id":1015802,"date":"2024-06-17T14:52:27","date_gmt":"2024-06-17T06:52:27","guid":{"rendered":"https:\/\/vimaterial.de\/product\/fluoruro-di-nichel\/"},"modified":"2025-04-15T14:57:02","modified_gmt":"2025-04-15T06:57:02","slug":"fluoruro-di-nichel","status":"publish","type":"product","link":"https:\/\/vimaterial.de\/it\/product\/fluoruro-di-nichel\/","title":{"rendered":"Fluoruro di nichel"},"content":{"rendered":"<p>La polvere di <span style=\"color: #0000ff;\"><a style=\"color: #0000ff;\" href=\"https:\/\/vimaterial.de\/en\/product\/nickel-oxide-3\/\">fluoruro di nichel<\/a><\/span> \u00e8 un composto di fluoruro di nichel in polvere, solitamente di colore verde o verde giallastro, igroscopico e chimicamente attivo, che svolge un ruolo importante nell&#8217;industria chimica, galvanica, ecc.<\/p>\n<p>VIMATERIAL fornisce polvere di fluoruro di nichel, elevata purezza, buona uniformit\u00e0 delle dimensioni delle particelle, bassa impurit\u00e0, confezione piccola e MOQ ridotto. Abbiamo un team di ricerca e sviluppo tecnico professionale, possiamo accettare la personalizzazione del prodotto e gli esperimenti, non esitate <span style=\"color: #0000ff;\"><a style=\"color: #0000ff;\" href=\"https:\/\/vimaterial.de\/en\/contact-us\/\">a contattarci<\/a><\/span>. <\/p>\n<h2><span style=\"font-size: 14pt;\">Propriet\u00e0 fisiche<\/span><\/h2>\n<p>Formula molecolare: NiF2<\/p>\n<p>Peso molecolare: 96,69 g\/mol<\/p>\n<p>Aspetto: polvere cristallina di colore giallo chiaro o verde.<\/p>\n<p>Densit\u00e0: circa 4,63 g\/cm\u00b3<\/p>\n<p>Punto di fusione: circa 1380\u00b0C<\/p>\n<p>Punto di ebollizione: circa 2300\u00b0C<\/p>\n<p>Struttura cristallina: appartiene al sistema cristallino tetragonale, nella struttura cristallina gli ioni nichel sono circondati da ioni fluoruro, gli ioni nichel si trovano al centro dell&#8217;ottaedro formato da ioni fluoruro, questa struttura conferisce un certo grado di stabilit\u00e0 e propriet\u00e0 fisiche e chimiche specifiche.<\/p>\n<h2><span style=\"font-size: 14pt;\">Applicazioni<\/span><\/h2>\n<p>Campo galvanico: pu\u00f2 essere utilizzato come materia prima della nichelatura, che pu\u00f2 formare uno strato di nichelatura uniforme e forte sulla superficie metallica, migliorare la resistenza alla corrosione e l&#8217;estetica del metallo ed \u00e8 ampiamente utilizzato nel processo di placcatura decorativa e placcatura funzionale.<\/p>\n<p>Campo del catalizzatore: pu\u00f2 essere utilizzato come catalizzatore in alcune reazioni chimiche, ad esempio nella reazione di sintesi organica, pu\u00f2 accelerare il processo di reazione, migliorare la resa della reazione, promuovere la formazione o la rottura di legami chimici specifici e fornire un forte supporto per la sintesi di prodotti chimici fini.<\/p>\n<p>Campo dei materiali ceramici: pu\u00f2 essere aggiunto alla formulazione di materiali ceramici e, dopo la sinterizzazione ad alta temperatura, pu\u00f2 migliorare le propriet\u00e0 elettriche e meccaniche delle ceramiche, come migliorare la conduttivit\u00e0 elettrica e la durezza delle ceramiche, in modo da farle avere un migliore potenziale applicativo nelle ceramiche elettroniche e nelle ceramiche strutturali.<\/p>\n<p>Campo dei materiali per batterie: come additivo per i materiali catodici delle batterie, aiuta a migliorare le prestazioni di carica e scarica della batteria, migliorare la densit\u00e0 di energia e la durata del ciclo della batteria e ha determinate prospettive applicative nella ricerca, sviluppo e produzione di batterie agli ioni di litio e altre tecnologie avanzate per batterie.<\/p>\n<h2><span style=\"font-size: 14pt;\">Controllo qualit\u00e0<\/span><\/h2>\n<p><span style=\"color: #0000ff;\"><a style=\"color: #0000ff;\" href=\"https:\/\/vimaterial.de\/en\/quality-control\/\">I nostri prodotti<\/a><\/span> sono implementati il sistema di gestione della qualit\u00e0 pi\u00f9 rigoroso, i materiali in entrata, il processo, l&#8217;ispezione finale, l&#8217;ispezione in fabbrica hanno rigorosi standard di ispezione, per l&#8217;elaborazione non qualificata utilizzer\u00e0 rigorose misure di isolamento per evitare il flusso di prodotti non conformi nel processo successivo, in base alle esigenze del cliente fornir\u00e0 ai clienti campioni per i clienti da ispezionare nuovamente.<\/p>\n<h2><span style=\"font-size: 14pt;\">Imballaggio e stoccaggio<\/span><\/h2>\n<p>Le polveri di fluoruro di nichel sono confezionate in sacchetti a doppio vuoto o in flaconi a doppio vuoto con cartoni esterni.<\/p>\n<p>La polvere di fluoruro di nichel deve essere conservata in un ambiente asciutto, fresco e ben ventilato, sigillata per evitare che assorba l&#8217;umidit\u00e0 nell&#8217;aria, isolata da agenti ossidanti forti, acidi e altre sostanze incompatibili e ben etichettata per evitare un uso improprio.<\/p>\n","protected":false},"excerpt":{"rendered":"<p>La polvere di <span style=\"color: #0000ff;\"><a style=\"color: #0000ff;\" href=\"https:\/\/vimaterial.de\/en\/product\/nickel-oxide-3\/\">fluoruro di nichel<\/a><\/span> \u00e8 un composto di fluoruro di nichel in polvere, solitamente di colore verde o verde giallastro, igroscopico e chimicamente attivo, che svolge un ruolo importante nell&#8217;industria chimica, galvanica, ecc.<\/p>\n","protected":false},"featured_media":1002630,"comment_status":"open","ping_status":"closed","template":"","meta":{"_acf_changed":false},"product_brand":[],"product_cat":[201],"product_tag":[],"class_list":{"0":"post-1015802","1":"product","2":"type-product","3":"status-publish","4":"has-post-thumbnail","6":"product_cat-materiali-a-base-di-alogenuri","8":"first","9":"instock","10":"shipping-taxable","11":"product-type-variable"},"acf":[],"_links":{"self":[{"href":"https:\/\/vimaterial.de\/it\/wp-json\/wp\/v2\/product\/1015802","targetHints":{"allow":["GET"]}}],"collection":[{"href":"https:\/\/vimaterial.de\/it\/wp-json\/wp\/v2\/product"}],"about":[{"href":"https:\/\/vimaterial.de\/it\/wp-json\/wp\/v2\/types\/product"}],"replies":[{"embeddable":true,"href":"https:\/\/vimaterial.de\/it\/wp-json\/wp\/v2\/comments?post=1015802"}],"wp:featuredmedia":[{"embeddable":true,"href":"https:\/\/vimaterial.de\/it\/wp-json\/wp\/v2\/media\/1002630"}],"wp:attachment":[{"href":"https:\/\/vimaterial.de\/it\/wp-json\/wp\/v2\/media?parent=1015802"}],"wp:term":[{"taxonomy":"product_brand","embeddable":true,"href":"https:\/\/vimaterial.de\/it\/wp-json\/wp\/v2\/product_brand?post=1015802"},{"taxonomy":"product_cat","embeddable":true,"href":"https:\/\/vimaterial.de\/it\/wp-json\/wp\/v2\/product_cat?post=1015802"},{"taxonomy":"product_tag","embeddable":true,"href":"https:\/\/vimaterial.de\/it\/wp-json\/wp\/v2\/product_tag?post=1015802"}],"curies":[{"name":"wp","href":"https:\/\/api.w.org\/{rel}","templated":true}]}}