{"id":1015795,"date":"2024-06-17T14:52:28","date_gmt":"2024-06-17T06:52:28","guid":{"rendered":"https:\/\/vimaterial.de\/product\/lega-di-nichel-e-ferro-3\/"},"modified":"2025-04-15T14:52:03","modified_gmt":"2025-04-15T06:52:03","slug":"lega-di-nichel-e-ferro-3","status":"publish","type":"product","link":"https:\/\/vimaterial.de\/it\/product\/lega-di-nichel-e-ferro-3\/","title":{"rendered":"Lega di nichel-ferro"},"content":{"rendered":"<p><span style=\"color: #0000ff;\"><a style=\"color: #0000ff;\" href=\"https:\/\/vimaterial.de\/en\/product\/nickel-iron-alloy-2\/\">Lega di nichel ferro<\/a> <\/span>La polvere \u00e8 un materiale granulare fine realizzato in lega di nichel-ferro, che \u00e8 di colore grigio argento con lucentezza metallica, ha buone propriet\u00e0 magnetiche e una certa stabilit\u00e0 chimica e viene utilizzato nella produzione di materiali magnetici, parti metalliche e molti altri prodotti.<\/p>\n<p>VIMATERIAL offre polveri in leghe di nichel-ferro. Le nostre polveri hanno un&#8217;elevata purezza, una buona uniformit\u00e0 granulometrica, basse impurit\u00e0, piccoli imballaggi e piccoli MOQ. Abbiamo un team di ricerca e sviluppo tecnico professionale, siamo in grado di accettare la personalizzazione del prodotto e gli esperimenti, non esitate <span style=\"color: #0000ff;\"><a style=\"color: #0000ff;\" href=\"https:\/\/vimaterial.de\/en\/contact-us\/\">a contattarci.<\/a><\/span>  <\/p>\n<h2><span style=\"font-size: 14pt;\">Propriet\u00e0 fisiche<\/span><\/h2>\n<p>Formula molecolare: NiFe<\/p>\n<p>Peso molecolare: circa 57,27 g\/mol<\/p>\n<p>Aspetto: polvere metallizzata grigio argento<\/p>\n<h2><span style=\"font-size: 14pt;\">Applicazioni<\/span><\/h2>\n<p>Campo di materiale magnetico: pu\u00f2 essere utilizzato per produrre materiali magnetici morbidi, attraverso un appropriato processo di stampaggio e trattamento termico, pu\u00f2 formare componenti magnetici con elevata permeabilit\u00e0 e bassa coercitivit\u00e0, come il nucleo del trasformatore e il nucleo dell&#8217;induttore, che possono migliorare efficacemente le prestazioni delle apparecchiature elettromagnetiche.<\/p>\n<p>Campo della metallurgia delle polveri: la polvere di lega di nichel ferro \u00e8 un&#8217;importante materia prima, pu\u00f2 essere pressata, sinterizzata e altri processi per realizzare una variet\u00e0 di parti metalliche di precisione, i suoi prodotti hanno un&#8217;alta densit\u00e0 e buone propriet\u00e0 meccaniche, ampiamente utilizzate nella produzione di macchinari e nell&#8217;industria automobilistica e in altri campi.<\/p>\n<p>Campo di incapsulamento elettronico: pu\u00f2 essere utilizzato come materiale di riempimento aggiunto al materiale di incapsulamento, utilizzando la sua buona conduttivit\u00e0 termica e le propriet\u00e0 di schermatura elettromagnetica, che aiutano a proteggere i componenti elettronici dalle interferenze elettromagnetiche esterne e, allo stesso tempo, possono dissipare efficacemente il calore e prolungare la durata dei componenti elettronici.<\/p>\n<p>Stampa 3D: la polvere di lega di nichel-ferro \u00e8 un materiale di stampa ideale. Attraverso la fusione laser selettiva o la fusione a fascio di elettroni e altre tecnologie di stampa 3D, \u00e8 possibile produrre direttamente parti metalliche con geometrie complesse per soddisfare le esigenze dell&#8217;industria aerospaziale e dei dispositivi medici per parti personalizzate e ad alte prestazioni. <\/p>\n<h2><span style=\"font-size: 14pt;\">Controllo qualit\u00e0<\/span><\/h2>\n<p><span style=\"color: #0000ff;\"><a style=\"color: #0000ff;\" href=\"https:\/\/vimaterial.de\/en\/quality-control\/\">I nostri prodotti<\/a> <\/span>sono implementati il sistema di gestione della qualit\u00e0 pi\u00f9 rigoroso, i materiali in entrata, il processo, l&#8217;ispezione finale, l&#8217;ispezione in fabbrica hanno rigorosi standard di ispezione, per l&#8217;elaborazione non qualificata utilizzer\u00e0 rigorose misure di isolamento per evitare il flusso di prodotti non conformi nel processo successivo, in base alle esigenze del cliente fornir\u00e0 ai clienti campioni per i clienti da ispezionare nuovamente.<\/p>\n<h2><span style=\"font-size: 14pt;\">Imballaggio e stoccaggio<\/span><\/h2>\n<p>Le polveri di leghe di nichel-ferro sono confezionate in sacchetti a doppio vuoto o in flaconi a doppio vuoto con cartoni esterni.<\/p>\n<p>Le polveri in lega di nichel-ferro devono essere conservate in un ambiente asciutto, fresco, ben ventilato e sigillato, protetto da umidit\u00e0 e ossidazione, lontano da fonti di accensione, calore e sostanze corrosive e su scaffali stabili per evitare perdite di polvere dovute al ribaltamento dei contenitori.<\/p>\n","protected":false},"excerpt":{"rendered":"<p><span style=\"color: #0000ff;\"><a style=\"color: #0000ff;\" href=\"https:\/\/vimaterial.de\/en\/product\/nickel-iron-alloy-2\/\">Lega di nichel ferro<\/a> <\/span>La polvere \u00e8 un materiale granulare fine realizzato in lega di nichel-ferro, che \u00e8 di colore grigio argento con lucentezza metallica, ha buone propriet\u00e0 magnetiche e una certa stabilit\u00e0 chimica e viene utilizzato nella produzione di materiali magnetici, parti metalliche e molti altri prodotti.<\/p>\n","protected":false},"featured_media":1002651,"comment_status":"open","ping_status":"closed","template":"","meta":{"_acf_changed":false},"product_brand":[],"product_cat":[212],"product_tag":[],"class_list":{"0":"post-1015795","1":"product","2":"type-product","3":"status-publish","4":"has-post-thumbnail","6":"product_cat-polvere-di-metallo-puro-e-leghe","8":"first","9":"instock","10":"shipping-taxable","11":"purchasable","12":"product-type-variable"},"acf":[],"_links":{"self":[{"href":"https:\/\/vimaterial.de\/it\/wp-json\/wp\/v2\/product\/1015795","targetHints":{"allow":["GET"]}}],"collection":[{"href":"https:\/\/vimaterial.de\/it\/wp-json\/wp\/v2\/product"}],"about":[{"href":"https:\/\/vimaterial.de\/it\/wp-json\/wp\/v2\/types\/product"}],"replies":[{"embeddable":true,"href":"https:\/\/vimaterial.de\/it\/wp-json\/wp\/v2\/comments?post=1015795"}],"wp:featuredmedia":[{"embeddable":true,"href":"https:\/\/vimaterial.de\/it\/wp-json\/wp\/v2\/media\/1002651"}],"wp:attachment":[{"href":"https:\/\/vimaterial.de\/it\/wp-json\/wp\/v2\/media?parent=1015795"}],"wp:term":[{"taxonomy":"product_brand","embeddable":true,"href":"https:\/\/vimaterial.de\/it\/wp-json\/wp\/v2\/product_brand?post=1015795"},{"taxonomy":"product_cat","embeddable":true,"href":"https:\/\/vimaterial.de\/it\/wp-json\/wp\/v2\/product_cat?post=1015795"},{"taxonomy":"product_tag","embeddable":true,"href":"https:\/\/vimaterial.de\/it\/wp-json\/wp\/v2\/product_tag?post=1015795"}],"curies":[{"name":"wp","href":"https:\/\/api.w.org\/{rel}","templated":true}]}}