{"id":1015788,"date":"2024-06-17T14:52:28","date_gmt":"2024-06-17T06:52:28","guid":{"rendered":"https:\/\/vimaterial.de\/product\/lega-di-nichel-e-ferro-2\/"},"modified":"2025-04-15T14:53:34","modified_gmt":"2025-04-15T06:53:34","slug":"lega-di-nichel-e-ferro-2","status":"publish","type":"product","link":"https:\/\/vimaterial.de\/it\/product\/lega-di-nichel-e-ferro-2\/","title":{"rendered":"Lega di nichel-ferro"},"content":{"rendered":"<p>I pellet in <span style=\"color: #0000ff;\"><a style=\"color: #0000ff;\" href=\"https:\/\/vimaterial.de\/en\/product\/nickel-iron-alloy-3\/\">lega di nichel ferro<\/a> <\/span>sono particelle di lega composte da nichel e ferro con lucentezza metallica, che possono essere utilizzate come materie prime per la preparazione di materiali in lega o per la produzione di materiali funzionali come le propriet\u00e0 magnetiche attraverso processi speciali.<\/p>\n<p>VIMATERIAL offre pellet in lega di nichel-ferro con elevata purezza, granulometrie uniformi e personalizzate, buona consistenza, basse impurit\u00e0, imballaggi di piccole dimensioni e basso MOQ. Abbiamo un team di ricerca e sviluppo tecnico professionale, siamo in grado di accettare la personalizzazione del prodotto e gli esperimenti, non esitate <span style=\"color: #0000ff;\"><a style=\"color: #0000ff;\" href=\"https:\/\/vimaterial.de\/en\/contact-us\/\">a contattarci<\/a><\/span>. <\/p>\n<h2><span style=\"font-size: 14pt;\">Propriet\u00e0 fisiche<\/span><\/h2>\n<p>Formula molecolare: NiFe<\/p>\n<p>Peso molecolare: circa 57,27 g\/mol<\/p>\n<p>Aspetto: solido grigio argento con lucentezza metallica, la forma pu\u00f2 essere personalizzata.<\/p>\n<h2><span style=\"font-size: 14pt;\">Applicazioni<\/span><\/h2>\n<p>Materiali magnetici: pu\u00f2 essere utilizzato nella produzione di materiali magnetici morbidi ad alte prestazioni, che possono essere utilizzati in trasformatori, induttori e altre apparecchiature di alimentazione per ridurre efficacemente la perdita di energia e migliorare l&#8217;efficienza della conversione elettromagnetica.<\/p>\n<p>Rafforzamento dei materiali metallici: l&#8217;aggiunta di particelle di lega di nichel-ferro alla preparazione dei materiali metallici pu\u00f2 affinare la struttura del grano, aumentare la resistenza e la tenacit\u00e0 del metallo di base e migliorare le propriet\u00e0 meccaniche complessive dei materiali metallici.<\/p>\n<p>Produzione elettronica: come componente di riempimento nei materiali di imballaggio elettronico, le particelle di lega di nichel-ferro possono aiutare a migliorare la conduttivit\u00e0 termica e le propriet\u00e0 di schermatura elettromagnetica dei materiali di imballaggio e garantire il funzionamento stabile dei dispositivi elettronici.<\/p>\n<p>Campo della stampa 3D: come materia prima metallica per la stampa 3D, pu\u00f2 costruire con precisione parti con forme complesse e propriet\u00e0 specifiche per soddisfare la domanda di parti personalizzate nel settore aerospaziale, nella produzione automobilistica e in altri campi.<\/p>\n<h2><span style=\"font-size: 14pt;\">Controllo qualit\u00e0<\/span><\/h2>\n<p><span style=\"color: #0000ff;\"><a style=\"color: #0000ff;\" href=\"https:\/\/vimaterial.de\/en\/quality-control\/\">I nostri prodotti<\/a> <\/span>sono implementati il sistema di gestione della qualit\u00e0 pi\u00f9 rigoroso, i materiali in entrata, il processo, l&#8217;ispezione finale, l&#8217;ispezione in fabbrica hanno rigorosi standard di ispezione, per l&#8217;elaborazione non qualificata utilizzer\u00e0 rigorose misure di isolamento per evitare il flusso di prodotti non conformi nel processo successivo, in base alle esigenze del cliente fornir\u00e0 ai clienti campioni per i clienti da ispezionare nuovamente.<\/p>\n<h2><span style=\"font-size: 14pt;\">Imballaggio e stoccaggio<\/span><\/h2>\n<p>I pellet in lega di nichel-ferro sono confezionati in sacchetti sottovuoto a doppio strato o in flaconi sottovuoto a doppio strato con cartoni esterni.<\/p>\n<p>I pellet in lega di nichel-ferro devono essere conservati in un ambiente asciutto, fresco e ben ventilato, evitando umidit\u00e0, ossidazione e contaminazione da altre impurit\u00e0. Si consiglia di sigillare il pellet in appositi contenitori e di posizionarlo lontano da fonti di accensione, acidi, alcali e altri prodotti chimici, e allo stesso tempo marcarli bene in modo da distinguere tra diverse dimensioni di pellet. <\/p>\n","protected":false},"excerpt":{"rendered":"<p>I pellet in <span style=\"color: #0000ff;\"><a style=\"color: #0000ff;\" href=\"https:\/\/vimaterial.de\/en\/product\/nickel-iron-alloy-3\/\">lega di nichel ferro<\/a> <\/span>sono particelle di lega composte da nichel e ferro con lucentezza metallica, che possono essere utilizzate come materie prime per la preparazione di materiali in lega o per la produzione di materiali funzionali come le propriet\u00e0 magnetiche attraverso processi speciali.<\/p>\n","protected":false},"featured_media":1002644,"comment_status":"open","ping_status":"closed","template":"","meta":{"_acf_changed":false},"product_brand":[],"product_cat":[198],"product_tag":[],"class_list":{"0":"post-1015788","1":"product","2":"type-product","3":"status-publish","4":"has-post-thumbnail","6":"product_cat-materiali-per-levaporazione","8":"first","9":"instock","10":"shipping-taxable","11":"product-type-variable"},"acf":[],"_links":{"self":[{"href":"https:\/\/vimaterial.de\/it\/wp-json\/wp\/v2\/product\/1015788","targetHints":{"allow":["GET"]}}],"collection":[{"href":"https:\/\/vimaterial.de\/it\/wp-json\/wp\/v2\/product"}],"about":[{"href":"https:\/\/vimaterial.de\/it\/wp-json\/wp\/v2\/types\/product"}],"replies":[{"embeddable":true,"href":"https:\/\/vimaterial.de\/it\/wp-json\/wp\/v2\/comments?post=1015788"}],"wp:featuredmedia":[{"embeddable":true,"href":"https:\/\/vimaterial.de\/it\/wp-json\/wp\/v2\/media\/1002644"}],"wp:attachment":[{"href":"https:\/\/vimaterial.de\/it\/wp-json\/wp\/v2\/media?parent=1015788"}],"wp:term":[{"taxonomy":"product_brand","embeddable":true,"href":"https:\/\/vimaterial.de\/it\/wp-json\/wp\/v2\/product_brand?post=1015788"},{"taxonomy":"product_cat","embeddable":true,"href":"https:\/\/vimaterial.de\/it\/wp-json\/wp\/v2\/product_cat?post=1015788"},{"taxonomy":"product_tag","embeddable":true,"href":"https:\/\/vimaterial.de\/it\/wp-json\/wp\/v2\/product_tag?post=1015788"}],"curies":[{"name":"wp","href":"https:\/\/api.w.org\/{rel}","templated":true}]}}