{"id":1015759,"date":"2024-06-17T14:52:29","date_gmt":"2024-06-17T06:52:29","guid":{"rendered":"https:\/\/vimaterial.de\/product\/lega-di-nichel-e-ferro\/"},"modified":"2025-04-15T14:50:24","modified_gmt":"2025-04-15T06:50:24","slug":"lega-di-nichel-e-ferro","status":"publish","type":"product","link":"https:\/\/vimaterial.de\/it\/product\/lega-di-nichel-e-ferro\/","title":{"rendered":"Lega di nichel-ferro"},"content":{"rendered":"<p>Il bersaglio sputtering in <span style=\"color: #0000ff;\"><a style=\"color: #0000ff;\" href=\"https:\/\/vimaterial.de\/en\/product\/nickel-iron-alloy\/\">lega di nichel ferro<\/a><\/span> \u00e8 un tipo di bersaglio sputtering in lega composto da nichel e ferro, che utilizza la tecnologia di deposizione fisica da vapore per depositare atomi di nichel e ferro sulla superficie del substrato mediante bombardamento ionico e viene utilizzato per la preparazione di materiali a film sottile con speciali propriet\u00e0 magnetiche, elettriche e di altro tipo.<\/p>\n<p>VIMATERIAL offre bersagli sputtering in lega di nichel-ferro. Offriamo bersagli di sputtering ad alta densit\u00e0, uniformit\u00e0 all&#8217;interno del target, basse impurit\u00e0 nel prodotto, buone caratteristiche della superficie target e servizi di legatura del target, abbiamo un team di ricerca e sviluppo tecnico professionale e possiamo accettare la personalizzazione del prodotto e gli esperimenti, non esitate <span style=\"color: #0000ff;\"><a style=\"color: #0000ff;\" href=\"https:\/\/vimaterial.de\/en\/contact-us\/\">a contattarci.<\/a><\/span><\/p>\n<h2><span style=\"font-size: 14pt;\">Propriet\u00e0 fisiche<\/span><\/h2>\n<p>Formula molecolare: NiFe<\/p>\n<p>Peso molecolare: circa 57,27 g\/mol<\/p>\n<p>Aspetto: solido grigio argento con lucentezza metallica, la forma pu\u00f2 essere personalizzata.<\/p>\n<h2><span style=\"font-size: 14pt;\">Applicazioni<\/span><\/h2>\n<p>Memorizzazione magnetica: i film sottili formati dallo sputtering possono essere utilizzati come materiali per testine magnetiche per operazioni di archiviazione magnetica ad alta risoluzione e ad alta velocit\u00e0 di lettura\/scrittura grazie alle loro eccellenti propriet\u00e0 magnetiche morbide.<\/p>\n<p>Produzione di componenti elettronici: per i componenti induttivi, i film sottili vengono depositati per fornire la giusta permeabilit\u00e0 magnetica per ridurre le dimensioni dei componenti e migliorare le prestazioni.<\/p>\n<p>Induzione elettromagnetica: pu\u00f2 essere utilizzata per preparare film sottili per i nuclei dei trasformatori, utilizzando le loro buone propriet\u00e0 magnetiche e conduttive per migliorare l&#8217;efficienza dei trasformatori.<\/p>\n<p>Campo del sensore: i film sottili formati dallo sputtering possono essere utilizzati per la fabbricazione di sensori magnetici, consentendo il rilevamento accurato di grandezze fisiche in virt\u00f9 della loro sensibilit\u00e0 alle variazioni dei campi magnetici.<\/p>\n<h2><span style=\"font-size: 14pt;\">Controllo qualit\u00e0<\/span><\/h2>\n<p><span style=\"color: #0000ff;\"><a style=\"color: #0000ff;\" href=\"https:\/\/vimaterial.de\/en\/quality-control\/\">I nostri prodotti<\/a> <\/span>sono implementati il sistema di gestione della qualit\u00e0 pi\u00f9 rigoroso, i materiali in entrata, il processo, l&#8217;ispezione finale, l&#8217;ispezione in fabbrica hanno rigorosi standard di ispezione, per l&#8217;elaborazione non qualificata utilizzer\u00e0 rigorose misure di isolamento per evitare il flusso di prodotti non conformi nel processo successivo, in base alle esigenze del cliente fornir\u00e0 ai clienti campioni per i clienti da ispezionare nuovamente.<\/p>\n<h2><span style=\"font-size: 14pt;\">Imballaggio e stoccaggio<\/span><\/h2>\n<p>I bersagli sputtering in lega di nichel-ferro sono confezionati in sacchetti e scatole sottovuoto a doppio strato e confezionati in cartoni.<\/p>\n<p>Quando si conservano i bersagli sputtering in lega di nichel-ferro, devono essere collocati in ambienti asciutti e ben ventilati con temperatura e umidit\u00e0 relativamente stabili, evitando umidit\u00e0, ossidazione o collisioni fisiche, graffi e allo stesso tempo devono essere tenuti lontani da sostanze corrosive, ed \u00e8 meglio imballarli in confezioni sigillate o posizionarli su scaffali di stoccaggio protetti.<\/p>\n","protected":false},"excerpt":{"rendered":"<p>Il bersaglio sputtering in <span style=\"color: #0000ff;\"><a style=\"color: #0000ff;\" href=\"https:\/\/vimaterial.de\/en\/product\/nickel-iron-alloy\/\">lega di nichel ferro<\/a><\/span> \u00e8 un tipo di bersaglio sputtering in lega composto da nichel e ferro, che utilizza la tecnologia di deposizione fisica da vapore per depositare atomi di nichel e ferro sulla superficie del substrato mediante bombardamento ionico e viene utilizzato per la preparazione di materiali a film sottile con speciali propriet\u00e0 magnetiche, elettriche e di altro tipo.<\/p>\n","protected":false},"featured_media":1002659,"comment_status":"open","ping_status":"closed","template":"","meta":{"_acf_changed":false},"product_brand":[],"product_cat":[197],"product_tag":[],"class_list":{"0":"post-1015759","1":"product","2":"type-product","3":"status-publish","4":"has-post-thumbnail","6":"product_cat-obiettivi-di-sputtering-planari","8":"first","9":"instock","10":"shipping-taxable","11":"product-type-variable"},"acf":[],"_links":{"self":[{"href":"https:\/\/vimaterial.de\/it\/wp-json\/wp\/v2\/product\/1015759","targetHints":{"allow":["GET"]}}],"collection":[{"href":"https:\/\/vimaterial.de\/it\/wp-json\/wp\/v2\/product"}],"about":[{"href":"https:\/\/vimaterial.de\/it\/wp-json\/wp\/v2\/types\/product"}],"replies":[{"embeddable":true,"href":"https:\/\/vimaterial.de\/it\/wp-json\/wp\/v2\/comments?post=1015759"}],"wp:featuredmedia":[{"embeddable":true,"href":"https:\/\/vimaterial.de\/it\/wp-json\/wp\/v2\/media\/1002659"}],"wp:attachment":[{"href":"https:\/\/vimaterial.de\/it\/wp-json\/wp\/v2\/media?parent=1015759"}],"wp:term":[{"taxonomy":"product_brand","embeddable":true,"href":"https:\/\/vimaterial.de\/it\/wp-json\/wp\/v2\/product_brand?post=1015759"},{"taxonomy":"product_cat","embeddable":true,"href":"https:\/\/vimaterial.de\/it\/wp-json\/wp\/v2\/product_cat?post=1015759"},{"taxonomy":"product_tag","embeddable":true,"href":"https:\/\/vimaterial.de\/it\/wp-json\/wp\/v2\/product_tag?post=1015759"}],"curies":[{"name":"wp","href":"https:\/\/api.w.org\/{rel}","templated":true}]}}