{"id":1015738,"date":"2024-06-17T14:52:30","date_gmt":"2024-06-17T06:52:30","guid":{"rendered":"https:\/\/vimaterial.de\/product\/nichel-manganese-gallio\/"},"modified":"2025-04-15T14:47:03","modified_gmt":"2025-04-15T06:47:03","slug":"nichel-manganese-gallio","status":"publish","type":"product","link":"https:\/\/vimaterial.de\/it\/product\/nichel-manganese-gallio\/","title":{"rendered":"Nichel Manganese Gallio"},"content":{"rendered":"<p>Il bersaglio sputtering di <span style=\"color: #0000ff;\"><a style=\"color: #0000ff;\" href=\"https:\/\/vimaterial.de\/en\/product\/nickel-manganese\/\">nichel manganese gallio<\/a><\/span> \u00e8 un materiale composto da tre elementi, nichel, manganese e gallio, utilizzato nella tecnologia di deposizione fisica da vapore (PVD), che \u00e8 in grado di depositare film sottili con propriet\u00e0 fisiche e chimiche speciali (ad esempio, propriet\u00e0 magnetiche, propriet\u00e0 elettriche, ecc.) su un substrato ed \u00e8 ampiamente utilizzato in molti campi, come l&#8217;elettronica e i materiali magnetici.<\/p>\n<p>VIMATERIAL fornisce bersagli sputtering in nichel, manganese, gallio. I nostri bersagli sputtering hanno alta densit\u00e0, elevata purezza, basse impurit\u00e0, struttura interna uniforme del prodotto e servizio di legatura del bersaglio. La nostra azienda supporta la personalizzazione e la sperimentazione del prodotto e disponiamo del team di ricerca e sviluppo tecnico pi\u00f9 professionale, <span style=\"color: #0000ff;\"><a style=\"color: #0000ff;\" href=\"https:\/\/vimaterial.de\/en\/contact-us\/\">contattaci<\/a><\/span>.  <\/p>\n<h2><span style=\"font-size: 14pt;\">Propriet\u00e0 fisiche<\/span><\/h2>\n<p>Formula molecolare: NiMnGa<\/p>\n<p>Peso molecolare: circa 61,12 g\/mol<\/p>\n<p>Aspetto: grumo metallizzato grigio argento<\/p>\n<h2><span style=\"font-size: 14pt;\">Applicazioni<\/span><\/h2>\n<p>Elettronica: pu\u00f2 essere utilizzato per la preparazione di unit\u00e0 di archiviazione magnetiche in dispositivi elettronici, che possono aiutare ad aumentare la densit\u00e0 di archiviazione e la velocit\u00e0 di lettura\/scrittura con le sue propriet\u00e0 magnetiche uniche.<\/p>\n<p>Sensori: nella produzione di sensori, i target di sputtering possono depositare film sottili sensibili alle variazioni delle quantit\u00e0 fisiche, come i sensori di deformazione ad alta precisione in grado di rilevare con precisione piccole deformazioni.<\/p>\n<p>Materiali intelligenti: per lo sviluppo di materiali intelligenti, \u00e8 possibile formare film sottili con effetti di memoria di forma, che svolgono un ruolo chiave nelle strutture intelligenti o nei sistemi microelettromeccanici.<\/p>\n<p>Micronanofabbricazione: Nel processo di micronanofabbricazione, questo bersaglio sputtering pu\u00f2 essere utilizzato per preparare strutture a film sottile su scala nanometrica mediante tecnologia sputtering, che pu\u00f2 fornire un supporto materiale di base per la ricerca all&#8217;avanguardia in nanoelettronica e nanofotonica.<\/p>\n<h2><span style=\"font-size: 14pt;\">Controllo qualit\u00e0<\/span><\/h2>\n<p><span style=\"color: #0000ff;\"><a style=\"color: #0000ff;\" href=\"https:\/\/vimaterial.de\/en\/quality-control\/\">Ogni lotto<\/a> <\/span>di prodotti nel processo di produzione per implementare un rigoroso sistema di gestione della qualit\u00e0, abbiamo rigorosi standard di ispezione per i materiali in entrata, i prodotti non conformi hanno misure di trattamento e isolamento perfette. Utilizziamo strumenti di prova ad alta precisione per garantire la qualit\u00e0 dei prodotti che lasciano la fabbrica, possiamo anche fornire campioni in base alle esigenze del cliente delle organizzazioni di ispezione di terze parti e, infine, realizzare i nostri prodotti per soddisfare le esigenze del cliente. <\/p>\n<h2><span style=\"font-size: 14pt;\">Imballaggio e stoccaggio<\/span><\/h2>\n<p>I bersagli per sputtering di nichel, manganese e gallio sono confezionati in doppi sacchetti sottovuoto e poi inscatolati in cartoni esterni.<\/p>\n<p>I bersagli sputtering di nichel manganese gallio devono essere conservati in un ambiente asciutto e pulito con temperatura e umidit\u00e0 relativamente stabili, protetti da umidit\u00e0, ossidazione, impatto fisico e contaminazione chimica e preferibilmente collocati in un luogo protetto da materiali di imballaggio adeguati.<\/p>\n","protected":false},"excerpt":{"rendered":"<p>Il bersaglio sputtering di <span style=\"color: #0000ff;\"><a style=\"color: #0000ff;\" href=\"https:\/\/vimaterial.de\/en\/product\/nickel-manganese\/\">nichel manganese gallio<\/a><\/span> \u00e8 un materiale composto da tre elementi, nichel, manganese e gallio, utilizzato nella tecnologia di deposizione fisica da vapore (PVD), che \u00e8 in grado di depositare film sottili con propriet\u00e0 fisiche e chimiche speciali (ad esempio, propriet\u00e0 magnetiche, propriet\u00e0 elettriche, ecc.) su un substrato ed \u00e8 ampiamente utilizzato in molti campi, come l&#8217;elettronica e i materiali magnetici.<\/p>\n","protected":false},"featured_media":1002679,"comment_status":"open","ping_status":"closed","template":"","meta":{"_acf_changed":false},"product_brand":[],"product_cat":[197],"product_tag":[],"class_list":{"0":"post-1015738","1":"product","2":"type-product","3":"status-publish","4":"has-post-thumbnail","6":"product_cat-obiettivi-di-sputtering-planari","8":"first","9":"instock","10":"shipping-taxable","11":"product-type-variable"},"acf":[],"_links":{"self":[{"href":"https:\/\/vimaterial.de\/it\/wp-json\/wp\/v2\/product\/1015738","targetHints":{"allow":["GET"]}}],"collection":[{"href":"https:\/\/vimaterial.de\/it\/wp-json\/wp\/v2\/product"}],"about":[{"href":"https:\/\/vimaterial.de\/it\/wp-json\/wp\/v2\/types\/product"}],"replies":[{"embeddable":true,"href":"https:\/\/vimaterial.de\/it\/wp-json\/wp\/v2\/comments?post=1015738"}],"wp:featuredmedia":[{"embeddable":true,"href":"https:\/\/vimaterial.de\/it\/wp-json\/wp\/v2\/media\/1002679"}],"wp:attachment":[{"href":"https:\/\/vimaterial.de\/it\/wp-json\/wp\/v2\/media?parent=1015738"}],"wp:term":[{"taxonomy":"product_brand","embeddable":true,"href":"https:\/\/vimaterial.de\/it\/wp-json\/wp\/v2\/product_brand?post=1015738"},{"taxonomy":"product_cat","embeddable":true,"href":"https:\/\/vimaterial.de\/it\/wp-json\/wp\/v2\/product_cat?post=1015738"},{"taxonomy":"product_tag","embeddable":true,"href":"https:\/\/vimaterial.de\/it\/wp-json\/wp\/v2\/product_tag?post=1015738"}],"curies":[{"name":"wp","href":"https:\/\/api.w.org\/{rel}","templated":true}]}}