{"id":1015724,"date":"2024-06-17T14:52:31","date_gmt":"2024-06-17T06:52:31","guid":{"rendered":"https:\/\/vimaterial.de\/product\/molibdato-di-nichel-ossido-di-nichel-e-molibdeno\/"},"modified":"2025-04-15T14:43:24","modified_gmt":"2025-04-15T06:43:24","slug":"molibdato-di-nichel-ossido-di-nichel-e-molibdeno","status":"publish","type":"product","link":"https:\/\/vimaterial.de\/it\/product\/molibdato-di-nichel-ossido-di-nichel-e-molibdeno\/","title":{"rendered":"Molibdato di nichel (ossido di nichel molibdeno)"},"content":{"rendered":"<p>La polvere di <span style=\"color: #0000ff;\"><a style=\"color: #0000ff;\" href=\"https:\/\/vimaterial.de\/en\/product\/nickel-molybdenum\/\">nichel-molibdato<\/a><\/span> \u00e8 una polvere giallo-verde con una buona stabilit\u00e0 chimica e propriet\u00e0 elettrochimiche, che pu\u00f2 essere utilizzata come catalizzatore HDS nel campo petrolchimico, come materiale per elettrodi di supercondensatori e materiale catodico per batterie agli ioni di litio nell&#8217;accumulo di energia e nel campo elettrocatalitico, pu\u00f2 essere utilizzato in vari processi catalitici elettrochimici come la reazione di precipitazione dell&#8217;idrogeno e la reazione di precipitazione dell&#8217;ossigeno.<\/p>\n<p>VIMATERIAL fornisce polveri di nichel-molibdato, le nostre polveri hanno una purezza pi\u00f9 elevata, un controllo granulometrico pi\u00f9 preciso, una migliore dispersione, un&#8217;eccellente stabilit\u00e0 chimica e un&#8217;attivit\u00e0 catalitica pi\u00f9 forte, che sono di gran lunga superiori ad altri prodotti simili in termini di prestazioni e adattabilit\u00e0 all&#8217;applicazione. La nostra azienda supporta la personalizzazione e la sperimentazione del prodotto e disponiamo del team di ricerca e sviluppo tecnico pi\u00f9 professionale, <span style=\"color: #0000ff;\"><a style=\"color: #0000ff;\" href=\"https:\/\/vimaterial.de\/en\/contact-us\/\">contattaci<\/a><\/span>. <\/p>\n<h2><span style=\"font-size: 14pt;\">Propriet\u00e0 fisiche<\/span><\/h2>\n<p>Formula molecolare: NiMoO4<\/p>\n<p>Peso molecolare: circa 218,63 g\/mol<\/p>\n<p>Aspetto: polvere verde giallastra<\/p>\n<p>Densit\u00e0: 4,62 g\/cm\u00b3<\/p>\n<p>Punto di fusione: 780 &#8211; 800\u00b0C<\/p>\n<p>Struttura cristallina: struttura cristallina ortorombica<\/p>\n<h2><span style=\"font-size: 14pt;\">Applicazioni<\/span><\/h2>\n<p>Petrolchimico: la polvere di nichel-molibdato pu\u00f2 essere utilizzata come catalizzatore di idrodesolforazione nei prodotti petrolchimici, promuovendo la reazione di idrogenazione dei composti contenenti zolfo attraverso i suoi siti attivi, riducendo efficacemente il contenuto di zolfo dei prodotti petroliferi e migliorando la qualit\u00e0 dei prodotti petroliferi.<\/p>\n<h2><span style=\"font-size: 12pt;\">Accumulo di energia<\/span><\/h2>\n<p>Supercondensatore: come materiale per elettrodi di supercondensatori, pu\u00f2 fornire un&#8217;elevata capacit\u00e0 specifica e, in virt\u00f9 della sua struttura cristallina unica e delle propriet\u00e0 redox, pu\u00f2 ottenere un rapido trasferimento di ioni ed elettroni durante la carica e la scarica, migliorando cos\u00ec le prestazioni di accumulo di energia dei supercondensatori.<\/p>\n<p>Batterie agli ioni di litio Nelle applicazioni catodiche delle batterie agli ioni di litio, gli ioni di litio possono essere incorporati e de-incorporati in modo reversibile nel ciclo di carica\/scarica attraverso la propria struttura e hanno un&#8217;elevata densit\u00e0 di energia, che pu\u00f2 aiutare a prolungare la durata e la durata della batteria.<\/p>\n<h2><span style=\"font-size: 12pt;\">Elettrocatalisi<\/span><\/h2>\n<p>Precipitazione dell&#8217;idrogeno: per la reazione di precipitazione dell&#8217;idrogeno, pu\u00f2 ridurre l&#8217;energia di attivazione della reazione, fornire siti attivi catalitici efficaci sulla sua superficie, accelerare il processo di riduzione degli ioni idrogeno e quindi migliorare l&#8217;efficienza della reazione di precipitazione dell&#8217;idrogeno, che svolge un ruolo importante nel processo di produzione di idrogeno per l&#8217;energia rinnovabile.<\/p>\n<p>Reazione di precipitazione dell&#8217;ossigeno: per la reazione di precipitazione dell&#8217;ossigeno, pu\u00f2 catalizzare efficacemente l&#8217;ossidazione delle molecole d&#8217;acqua nel processo elettrochimico e la sua speciale struttura elettronica e le propriet\u00e0 superficiali possono aiutare a migliorare la velocit\u00e0 di reazione, che ha un potenziale valore applicativo nel processo di conversione elettrochimica dell&#8217;energia, come l&#8217;elettrolisi dell&#8217;acqua.<\/p>\n<h2><span style=\"font-size: 14pt;\">Controllo qualit\u00e0<\/span><\/h2>\n<p><span style=\"color: #0000ff;\"><a style=\"color: #0000ff;\" href=\"https:\/\/vimaterial.de\/en\/quality-control\/\">Ogni lotto<\/a> <\/span>di prodotti nel processo di produzione per implementare un rigoroso sistema di gestione della qualit\u00e0, abbiamo rigorosi standard di ispezione per i materiali in entrata, i prodotti non conformi hanno misure di trattamento e isolamento perfette. Utilizziamo strumenti di prova ad alta precisione per garantire la qualit\u00e0 dei prodotti che lasciano la fabbrica, possiamo anche fornire campioni in base alle esigenze del cliente delle organizzazioni di ispezione di terze parti e, infine, realizzare i nostri prodotti per soddisfare le esigenze del cliente. <\/p>\n<h2><span style=\"font-size: 14pt;\">Imballaggio e stoccaggio<\/span><\/h2>\n<p>Le polveri di nichel-molibdato sono confezionate in sacchetti a doppio vuoto o in flaconi a doppio vuoto seguiti da cartoni.<\/p>\n<p>La polvere di nichel-molibdato deve essere conservata in un ambiente fresco, asciutto e ben ventilato, lontano da fuoco, calore, acqua e forti ossidanti, acidi, alcali e altre sostanze chimiche e deve essere sigillata per evitare che si verifichi umidit\u00e0, ossidazione o deterioramento a causa di reazioni chimiche con altre sostanze.<\/p>\n","protected":false},"excerpt":{"rendered":"<p>La polvere di <span style=\"color: #0000ff;\"><a style=\"color: #0000ff;\" href=\"https:\/\/vimaterial.de\/en\/product\/nickel-molybdenum\/\">nichel-molibdato<\/a><\/span> \u00e8 una polvere giallo-verde con una buona stabilit\u00e0 chimica e propriet\u00e0 elettrochimiche, che pu\u00f2 essere utilizzata come catalizzatore HDS nel campo petrolchimico, come materiale per elettrodi di supercondensatori e materiale catodico per batterie agli ioni di litio nell&#8217;accumulo di energia e nel campo elettrocatalitico, pu\u00f2 essere utilizzato in vari processi catalitici elettrochimici come la reazione di precipitazione dell&#8217;idrogeno e la reazione di precipitazione dell&#8217;ossigeno.<\/p>\n","protected":false},"featured_media":1002694,"comment_status":"open","ping_status":"closed","template":"","meta":{"_acf_changed":false},"product_brand":[],"product_cat":[206],"product_tag":[],"class_list":{"0":"post-1015724","1":"product","2":"type-product","3":"status-publish","4":"has-post-thumbnail","6":"product_cat-altri-materiali","8":"first","9":"instock","10":"shipping-taxable","11":"purchasable","12":"product-type-variable"},"acf":[],"_links":{"self":[{"href":"https:\/\/vimaterial.de\/it\/wp-json\/wp\/v2\/product\/1015724","targetHints":{"allow":["GET"]}}],"collection":[{"href":"https:\/\/vimaterial.de\/it\/wp-json\/wp\/v2\/product"}],"about":[{"href":"https:\/\/vimaterial.de\/it\/wp-json\/wp\/v2\/types\/product"}],"replies":[{"embeddable":true,"href":"https:\/\/vimaterial.de\/it\/wp-json\/wp\/v2\/comments?post=1015724"}],"wp:featuredmedia":[{"embeddable":true,"href":"https:\/\/vimaterial.de\/it\/wp-json\/wp\/v2\/media\/1002694"}],"wp:attachment":[{"href":"https:\/\/vimaterial.de\/it\/wp-json\/wp\/v2\/media?parent=1015724"}],"wp:term":[{"taxonomy":"product_brand","embeddable":true,"href":"https:\/\/vimaterial.de\/it\/wp-json\/wp\/v2\/product_brand?post=1015724"},{"taxonomy":"product_cat","embeddable":true,"href":"https:\/\/vimaterial.de\/it\/wp-json\/wp\/v2\/product_cat?post=1015724"},{"taxonomy":"product_tag","embeddable":true,"href":"https:\/\/vimaterial.de\/it\/wp-json\/wp\/v2\/product_tag?post=1015724"}],"curies":[{"name":"wp","href":"https:\/\/api.w.org\/{rel}","templated":true}]}}