{"id":1015721,"date":"2024-06-17T14:52:30","date_gmt":"2024-06-17T06:52:30","guid":{"rendered":"https:\/\/vimaterial.de\/product\/nichel-molibdeno\/"},"modified":"2025-04-15T14:45:38","modified_gmt":"2025-04-15T06:45:38","slug":"nichel-molibdeno","status":"publish","type":"product","link":"https:\/\/vimaterial.de\/it\/product\/nichel-molibdeno\/","title":{"rendered":"Nichel Molibdeno"},"content":{"rendered":"<p>Il bersaglio sputtering al <span style=\"color: #0000ff;\"><a style=\"color: #0000ff;\" href=\"https:\/\/vimaterial.de\/en\/product\/nickel-molybdate-nickel-molybdenum-oxide\/\">nichel molibdeno<\/a><\/span> \u00e8 un materiale costituito da nichel e molibdeno utilizzato nella tecnologia di deposizione fisica da vapore, in cui gli atomi di nichel e molibdeno vengono spruzzati e depositati sulla superficie di un substrato mediante bombardamento ionico, che pu\u00f2 essere utilizzato per preparare rivestimenti a film sottile con propriet\u00e0 speciali.<\/p>\n<p>VIMATERIAL fornisce bersagli sputtering in nichel-molibdeno, i nostri bersagli sputtering hanno un&#8217;elevata densificazione, uniformit\u00e0 all&#8217;interno del target, basse impurit\u00e0 nel prodotto, buone propriet\u00e0 della superficie target e servizio di legatura target, abbiamo un team di ricerca e sviluppo tecnico professionale, possiamo accettare la personalizzazione e la sperimentazione dei prodotti, si prega di <span style=\"color: #0000ff;\"><a style=\"color: #0000ff;\" href=\"https:\/\/vimaterial.de\/en\/contact-us\/\">contattare us<\/a><\/span> s.<\/p>\n<h2><span style=\"font-size: 14pt;\">Propriet\u00e0 fisiche<\/span><\/h2>\n<p>Formula molecolare: NiMo<\/p>\n<p>Peso molecolare: circa 77,315 g\/mol<\/p>\n<p>Aspetto: solido grigio argento con lucentezza metallica, la forma pu\u00f2 essere personalizzata.<\/p>\n<h2><span style=\"font-size: 14pt;\">Applicazioni<\/span><\/h2>\n<p>Industria elettronica: utilizzato nella preparazione di resistori a film sottile nei circuiti integrati, in grado di fornire prestazioni di resistenza stabili e contribuire a migliorare la precisione e l&#8217;affidabilit\u00e0 dei componenti elettronici.<\/p>\n<p>Campo dei semiconduttori: pu\u00f2 essere utilizzato per formare uno strato di metallizzazione, come nella struttura di interconnessione dei chip, che pu\u00f2 migliorare le prestazioni di contatto tra metallo e semiconduttore e ridurre la resistenza di contatto.<\/p>\n<p>Campo ottico: pu\u00f2 essere utilizzato per depositare pellicole ottiche, come il rivestimento del riflettore, regolando lo spessore e la composizione dello strato di pellicola, pu\u00f2 controllare la riflettivit\u00e0 e la selettivit\u00e0 della lunghezza d&#8217;onda e migliorare le prestazioni riflettenti degli strumenti ottici.<\/p>\n<p>Solare fotovoltaico: pu\u00f2 essere utilizzato per preparare una pellicola di elettrodi, che aiuta a migliorare l&#8217;efficienza di conversione fotoelettrica della batteria e la stabilit\u00e0 della batteria e a migliorare le prestazioni e la durata della batteria.<\/p>\n<h2><span style=\"font-size: 14pt;\">Controllo qualit\u00e0<\/span><\/h2>\n<p><span style=\"color: #0000ff;\"><a style=\"color: #0000ff;\" href=\"https:\/\/vimaterial.de\/en\/quality-control\/\">I nostri prodotti<\/a><\/span> sono implementati il sistema di gestione della qualit\u00e0 pi\u00f9 rigoroso, i materiali in entrata, il processo, l&#8217;ispezione finale, l&#8217;ispezione in fabbrica hanno rigorosi standard di ispezione, per l&#8217;elaborazione non qualificata utilizzer\u00e0 rigorose misure di isolamento per evitare il flusso di prodotti non conformi nel processo successivo, in base alle esigenze del cliente fornir\u00e0 ai clienti campioni per i clienti da ispezionare nuovamente.<\/p>\n<h2><span style=\"font-size: 14pt;\">Imballaggio e stoccaggio<\/span><\/h2>\n<p>I bersagli sputtering in nichel-molibdeno sono confezionati in sacchetti e scatole sottovuoto a doppio strato e confezionati in cartoni.<\/p>\n<p>I bersagli sputtering al nichel molibdeno devono essere conservati in un ambiente asciutto, pulito e ben ventilato per evitare umidit\u00e0, ossidazione e contaminazione da altre impurit\u00e0 e, allo stesso tempo, dovremmo prestare attenzione per evitare danni fisici ai bersagli ed \u00e8 meglio classificarli e conservarli secondo le loro specifiche per una facile gestione e accesso.<\/p>\n","protected":false},"excerpt":{"rendered":"<p>Il bersaglio sputtering al <span style=\"color: #0000ff;\"><a style=\"color: #0000ff;\" href=\"https:\/\/vimaterial.de\/en\/product\/nickel-molybdate-nickel-molybdenum-oxide\/\">nichel molibdeno<\/a><\/span> \u00e8 un materiale costituito da nichel e molibdeno utilizzato nella tecnologia di deposizione fisica da vapore, in cui gli atomi di nichel e molibdeno vengono spruzzati e depositati sulla superficie di un substrato mediante bombardamento ionico, che pu\u00f2 essere utilizzato per preparare rivestimenti a film sottile con propriet\u00e0 speciali.<\/p>\n","protected":false},"featured_media":1002686,"comment_status":"open","ping_status":"closed","template":"","meta":{"_acf_changed":false},"product_brand":[],"product_cat":[197],"product_tag":[],"class_list":{"0":"post-1015721","1":"product","2":"type-product","3":"status-publish","4":"has-post-thumbnail","6":"product_cat-obiettivi-di-sputtering-planari","8":"first","9":"instock","10":"shipping-taxable","11":"product-type-variable"},"acf":[],"_links":{"self":[{"href":"https:\/\/vimaterial.de\/it\/wp-json\/wp\/v2\/product\/1015721","targetHints":{"allow":["GET"]}}],"collection":[{"href":"https:\/\/vimaterial.de\/it\/wp-json\/wp\/v2\/product"}],"about":[{"href":"https:\/\/vimaterial.de\/it\/wp-json\/wp\/v2\/types\/product"}],"replies":[{"embeddable":true,"href":"https:\/\/vimaterial.de\/it\/wp-json\/wp\/v2\/comments?post=1015721"}],"wp:featuredmedia":[{"embeddable":true,"href":"https:\/\/vimaterial.de\/it\/wp-json\/wp\/v2\/media\/1002686"}],"wp:attachment":[{"href":"https:\/\/vimaterial.de\/it\/wp-json\/wp\/v2\/media?parent=1015721"}],"wp:term":[{"taxonomy":"product_brand","embeddable":true,"href":"https:\/\/vimaterial.de\/it\/wp-json\/wp\/v2\/product_brand?post=1015721"},{"taxonomy":"product_cat","embeddable":true,"href":"https:\/\/vimaterial.de\/it\/wp-json\/wp\/v2\/product_cat?post=1015721"},{"taxonomy":"product_tag","embeddable":true,"href":"https:\/\/vimaterial.de\/it\/wp-json\/wp\/v2\/product_tag?post=1015721"}],"curies":[{"name":"wp","href":"https:\/\/api.w.org\/{rel}","templated":true}]}}