{"id":1015707,"date":"2024-06-17T14:52:34","date_gmt":"2024-06-17T06:52:34","guid":{"rendered":"https:\/\/vimaterial.de\/product\/lega-di-nichel-e-niobio\/"},"modified":"2025-04-15T14:40:12","modified_gmt":"2025-04-15T06:40:12","slug":"lega-di-nichel-e-niobio","status":"publish","type":"product","link":"https:\/\/vimaterial.de\/it\/product\/lega-di-nichel-e-niobio\/","title":{"rendered":"Lega di nichel-niobio"},"content":{"rendered":"<p>Il bersaglio sputtering <span style=\"color: #0000ff;\"><a style=\"color: #0000ff;\" href=\"https:\/\/vimaterial.de\/en\/product\/nickel-niobium-titanium-alloy\/\">in lega di nichel-niobio<\/a><\/span> \u00e8 un materiale in lega con nichel e niobio come componenti principali. Nel processo di sputtering della deposizione fisica da vapore, gli atomi bersaglio vengono depositati sulla superficie del substrato per formare un film sottile mediante bombardamento ionico, che viene utilizzato principalmente nei settori dell&#8217;elettronica, dell&#8217;ottica, dei semiconduttori, ecc., per la preparazione di film sottili con speciali propriet\u00e0 elettriche, magnetiche o ottiche. <\/p>\n<p>VIMATERIAL offre bersagli sputtering in lega di nichel-niobio. I nostri target sono caratterizzati da elevata purezza, uniformit\u00e0 all&#8217;interno del target, basse impurit\u00e0 ed elevata planarit\u00e0 superficiale. La nostra azienda \u00e8 in grado di fornire ai clienti servizi di rilegatura mirati, ma anche supportare la personalizzazione dei prodotti e gli esperimenti, abbiamo il team di ricerca e sviluppo tecnico pi\u00f9 professionale, <span style=\"color: #0000ff;\"><a style=\"color: #0000ff;\" href=\"https:\/\/vimaterial.de\/en\/contact-us\/\">contattaci<\/a><\/span>.  <\/p>\n<h2><span style=\"font-size: 14pt;\">Propriet\u00e0 fisiche<\/span><\/h2>\n<p>Formula molecolare: NiNb<\/p>\n<p>Peso molecolare: circa 151,6<\/p>\n<h2><span style=\"font-size: 14pt;\">Applicazioni<\/span><\/h2>\n<p>Campo elettronico: utilizzato nella produzione di dispositivi elettronici, pu\u00f2 essere depositato sulla superficie del chip e di altri componenti del film sottile, per migliorare la conduttivit\u00e0 elettrica e la resistenza alla corrosione dei componenti elettronici, migliorando cos\u00ec le loro prestazioni e durata.<\/p>\n<p>Semiconduttori: nel processo di produzione dei semiconduttori, i film sottili possono essere depositati per regolare le propriet\u00e0 elettriche dei materiali semiconduttori, ad esempio per creare strati di metallizzazione, il che aiuta a ottenere chip di dimensioni pi\u00f9 piccole e una maggiore integrazione.<\/p>\n<p>Campo ottico: il bersaglio sputtering pu\u00f2 essere utilizzato in lenti ottiche, rivestimento, ecc., Per modificare le propriet\u00e0 ottiche delle lenti depositando uno spessore specifico di film sottile, come il miglioramento della trasmittanza, la riflessione, ecc., Per soddisfare i requisiti di alta precisione degli strumenti ottici.<\/p>\n<p>Campo di materiali magnetici: nella produzione di materiali magnetici, pu\u00f2 essere depositato con una pellicola magnetica speciale, utilizzata per produrre supporti di memorizzazione magnetici ad alte prestazioni o sensori magnetici, per migliorare le propriet\u00e0 magnetiche dei materiali magnetici.<\/p>\n<p>Aerospaziale: nella protezione superficiale delle apparecchiature aerospaziali, i bersagli sputtering NiNb possono essere utilizzati per depositare film sottili per migliorare la resistenza alle alte temperature, all&#8217;usura e all&#8217;ossidazione delle superfici dei materiali e per garantire l&#8217;affidabilit\u00e0 delle apparecchiature aerospaziali in ambienti estremi.<\/p>\n<h2><span style=\"font-size: 14pt;\">Controllo qualit\u00e0<\/span><\/h2>\n<p><a href=\"https:\/\/vimaterial.de\/en\/quality-control\/\"><span style=\"color: #0000ff;\">Ogni lotto<\/span><\/a> di prodotti nel processo di produzione per implementare un rigoroso sistema di gestione della qualit\u00e0, abbiamo rigorosi standard di ispezione per i materiali in entrata, i prodotti non conformi hanno misure di trattamento e isolamento perfette. Utilizziamo strumenti di prova ad alta precisione per garantire la qualit\u00e0 dei prodotti che lasciano la fabbrica, possiamo anche fornire campioni in base alle esigenze del cliente delle organizzazioni di ispezione di terze parti e, infine, realizzare i nostri prodotti per soddisfare le esigenze del cliente. <\/p>\n<h2><span style=\"font-size: 14pt;\">Imballaggio e stoccaggio<\/span><\/h2>\n<p>I bersagli sputtering in lega di nichel-niobio sono confezionati in doppi sacchetti sottovuoto e poi inscatolati.<\/p>\n<p>I bersagli per sputtering in lega di nichel-niobio devono essere conservati in un ambiente asciutto, pulito e ben ventilato con temperatura e umidit\u00e0 relativamente stabili per evitare umidit\u00e0, ossidazione, contaminazione con impurit\u00e0 e danni da impatto fisico e devono essere isolati da sostanze chimiche corrosive.<\/p>\n","protected":false},"excerpt":{"rendered":"<p>Il bersaglio sputtering <span style=\"color: #0000ff;\"><a style=\"color: #0000ff;\" href=\"https:\/\/vimaterial.de\/en\/product\/nickel-niobium-titanium-alloy\/\">in lega di nichel-niobio<\/a><\/span> \u00e8 un materiale in lega con nichel e niobio come componenti principali. Nel processo di sputtering della deposizione fisica da vapore, gli atomi bersaglio vengono depositati sulla superficie del substrato per formare un film sottile mediante bombardamento ionico, che viene utilizzato principalmente nei settori dell&#8217;elettronica, dell&#8217;ottica, dei semiconduttori, ecc., per la preparazione di film sottili con speciali propriet\u00e0 elettriche, magnetiche o ottiche. <\/p>\n","protected":false},"featured_media":1002701,"comment_status":"open","ping_status":"closed","template":"","meta":{"_acf_changed":false},"product_brand":[],"product_cat":[197],"product_tag":[],"class_list":{"0":"post-1015707","1":"product","2":"type-product","3":"status-publish","4":"has-post-thumbnail","6":"product_cat-obiettivi-di-sputtering-planari","8":"first","9":"instock","10":"shipping-taxable","11":"product-type-variable"},"acf":[],"_links":{"self":[{"href":"https:\/\/vimaterial.de\/it\/wp-json\/wp\/v2\/product\/1015707","targetHints":{"allow":["GET"]}}],"collection":[{"href":"https:\/\/vimaterial.de\/it\/wp-json\/wp\/v2\/product"}],"about":[{"href":"https:\/\/vimaterial.de\/it\/wp-json\/wp\/v2\/types\/product"}],"replies":[{"embeddable":true,"href":"https:\/\/vimaterial.de\/it\/wp-json\/wp\/v2\/comments?post=1015707"}],"wp:featuredmedia":[{"embeddable":true,"href":"https:\/\/vimaterial.de\/it\/wp-json\/wp\/v2\/media\/1002701"}],"wp:attachment":[{"href":"https:\/\/vimaterial.de\/it\/wp-json\/wp\/v2\/media?parent=1015707"}],"wp:term":[{"taxonomy":"product_brand","embeddable":true,"href":"https:\/\/vimaterial.de\/it\/wp-json\/wp\/v2\/product_brand?post=1015707"},{"taxonomy":"product_cat","embeddable":true,"href":"https:\/\/vimaterial.de\/it\/wp-json\/wp\/v2\/product_cat?post=1015707"},{"taxonomy":"product_tag","embeddable":true,"href":"https:\/\/vimaterial.de\/it\/wp-json\/wp\/v2\/product_tag?post=1015707"}],"curies":[{"name":"wp","href":"https:\/\/api.w.org\/{rel}","templated":true}]}}