{"id":1015682,"date":"2024-06-17T14:52:34","date_gmt":"2024-06-17T06:52:34","guid":{"rendered":"https:\/\/vimaterial.de\/product\/nichel-niobio-lega-di-titanio\/"},"modified":"2025-04-15T14:14:42","modified_gmt":"2025-04-15T06:14:42","slug":"nichel-niobio-lega-di-titanio","status":"publish","type":"product","link":"https:\/\/vimaterial.de\/it\/product\/nichel-niobio-lega-di-titanio\/","title":{"rendered":"Lega di nichel-niobio e titanio"},"content":{"rendered":"<p><span style=\"color: #0000ff;\"><a style=\"color: #0000ff;\" href=\"https:\/\/vimaterial.de\/en\/product\/nickel-niobium-alloy\/\">Nichel Niobio Titanio<\/a> <\/span>Il bersaglio sputtering della lega \u00e8 una lega di nichel, niobio e titanio, che viene utilizzata principalmente nel processo di rivestimento sputtering della deposizione fisica da vapore ed \u00e8 in grado di depositare film sottili con speciali propriet\u00e0 fisiche e chimiche sul materiale del substrato e svolge un ruolo importante in molti campi come l&#8217;elettronica, l&#8217;ottica, l&#8217;aerospaziale e cos\u00ec via.<\/p>\n<p>VIMATERIAL offre bersagli sputtering in lega di nichel-niobio e titanio. I nostri target sono caratterizzati da elevata purezza, uniformit\u00e0 all&#8217;interno del target, basse impurit\u00e0 ed elevata planarit\u00e0 superficiale. La nostra azienda \u00e8 in grado di fornire ai clienti servizi di rilegatura mirati, ma anche supportare la personalizzazione dei prodotti e gli esperimenti, abbiamo il team di ricerca e sviluppo tecnico pi\u00f9 professionale,<span style=\"color: #0000ff;\"><a style=\"color: #0000ff;\" href=\"https:\/\/vimaterial.de\/en\/contact-us\/\"> contattaci<\/a><\/span>.  <\/p>\n<h2><span style=\"font-size: 14pt;\">Propriet\u00e0 fisiche<\/span><\/h2>\n<p>Formula molecolare: NiNbTi<\/p>\n<p>Peso molecolare: circa 199,47<\/p>\n<p>Aspetto: bersaglio a lucentezza metallizzata grigio argento<\/p>\n<h2><span style=\"font-size: 14pt;\">Applicazioni<\/span><\/h2>\n<p>Elettronica: Utilizzato nel campo dell&#8217;elettronica per la produzione di circuiti integrati, attraverso la deposizione di film sottili sulla superficie del chip, pu\u00f2 migliorare la conduttivit\u00e0 e le prestazioni di interferenza anti-elettromagnetica del chip e aiutare la miniaturizzazione e le alte prestazioni delle apparecchiature elettroniche.<\/p>\n<p>Semiconduttori: nell&#8217;industria dei semiconduttori, i bersagli sputtering vengono utilizzati per depositare strati di metallizzazione che controllano con precisione lo spessore e la composizione del film, riducendo efficacemente la resistenza di contatto e fornendo connessioni elettriche affidabili per la produzione di dispositivi a semiconduttore ad alte prestazioni.<\/p>\n<p>Ottica: per i dispositivi ottici, i bersagli sputtering NiNbTi possono essere utilizzati per preparare pellicole ottiche. Regolando i parametri di deposizione, le caratteristiche di riflessione, rifrazione e assorbimento della luce possono essere regolate con precisione per migliorare le prestazioni ottiche dei componenti ottici. <\/p>\n<p>Settore automobilistico: nella produzione di elettronica automobilistica e componenti per motori, i bersagli di sputtering in lega di nichel-niobio e titanio depositano film sottili con eccellenti propriet\u00e0 di usura, corrosione e conducibilit\u00e0 termica, che aiutano a migliorare la durata e le prestazioni dei componenti automobilistici.<\/p>\n<p>Energia: nella produzione di dispositivi di accumulo di energia come gli elettrodi delle batterie, i bersagli sputtering in lega di nichel-niobio e titanio possono essere utilizzati per depositare film sottili per migliorare la conduttivit\u00e0 e la stabilit\u00e0 chimica degli elettrodi e per aumentare l&#8217;efficienza di carica\/scarica e la durata del ciclo delle batterie.<\/p>\n<h2><span style=\"font-size: 14pt;\">Controllo qualit\u00e0<\/span><\/h2>\n<p><span style=\"color: #0000ff;\"><a style=\"color: #0000ff;\" href=\"https:\/\/vimaterial.de\/en\/quality-control\/\">Ogni lotto<\/a><\/span> di prodotti nel processo di produzione per implementare un rigoroso sistema di gestione della qualit\u00e0, abbiamo rigorosi standard di ispezione per i materiali in entrata, i prodotti non conformi hanno misure di trattamento e isolamento perfette. Utilizziamo strumenti di prova ad alta precisione per garantire la qualit\u00e0 dei prodotti che lasciano la fabbrica, possiamo anche fornire campioni in base alle esigenze del cliente delle organizzazioni di ispezione di terze parti e, infine, realizzare i nostri prodotti per soddisfare le esigenze del cliente. <\/p>\n<h2><span style=\"font-size: 14pt;\">Imballaggio e stoccaggio<\/span><\/h2>\n<p>I bersagli sputtering in lega di nichel-niobio e titanio sono confezionati in doppi sacchetti sottovuoto e poi inscatolati.<\/p>\n<p>I bersagli sputtering in lega di nichel-niobio e titanio devono essere conservati in un ambiente asciutto, fresco e ben ventilato con temperatura e umidit\u00e0 stabili, evitando il contatto con sostanze corrosive, prevenendo l&#8217;ossidazione da parte dell&#8217;umidit\u00e0 e sottoponendoli a collisioni fisiche e vibrazioni violente, ed \u00e8 meglio utilizzare un imballaggio sigillato per mantenerne la purezza e le prestazioni stabili.<\/p>\n","protected":false},"excerpt":{"rendered":"<p><span style=\"color: #0000ff;\"><a style=\"color: #0000ff;\" href=\"https:\/\/vimaterial.de\/en\/product\/nickel-niobium-alloy\/\">Nichel Niobio Titanio<\/a> <\/span>Il bersaglio sputtering della lega \u00e8 una lega di nichel, niobio e titanio, che viene utilizzata principalmente nel processo di rivestimento sputtering della deposizione fisica da vapore ed \u00e8 in grado di depositare film sottili con speciali propriet\u00e0 fisiche e chimiche sul materiale del substrato e svolge un ruolo importante in molti campi come l&#8217;elettronica, l&#8217;ottica, l&#8217;aerospaziale e cos\u00ec via.<\/p>\n","protected":false},"featured_media":1002708,"comment_status":"open","ping_status":"closed","template":"","meta":{"_acf_changed":false},"product_brand":[],"product_cat":[197],"product_tag":[],"class_list":{"0":"post-1015682","1":"product","2":"type-product","3":"status-publish","4":"has-post-thumbnail","6":"product_cat-obiettivi-di-sputtering-planari","8":"first","9":"instock","10":"shipping-taxable","11":"product-type-variable"},"acf":[],"_links":{"self":[{"href":"https:\/\/vimaterial.de\/it\/wp-json\/wp\/v2\/product\/1015682","targetHints":{"allow":["GET"]}}],"collection":[{"href":"https:\/\/vimaterial.de\/it\/wp-json\/wp\/v2\/product"}],"about":[{"href":"https:\/\/vimaterial.de\/it\/wp-json\/wp\/v2\/types\/product"}],"replies":[{"embeddable":true,"href":"https:\/\/vimaterial.de\/it\/wp-json\/wp\/v2\/comments?post=1015682"}],"wp:featuredmedia":[{"embeddable":true,"href":"https:\/\/vimaterial.de\/it\/wp-json\/wp\/v2\/media\/1002708"}],"wp:attachment":[{"href":"https:\/\/vimaterial.de\/it\/wp-json\/wp\/v2\/media?parent=1015682"}],"wp:term":[{"taxonomy":"product_brand","embeddable":true,"href":"https:\/\/vimaterial.de\/it\/wp-json\/wp\/v2\/product_brand?post=1015682"},{"taxonomy":"product_cat","embeddable":true,"href":"https:\/\/vimaterial.de\/it\/wp-json\/wp\/v2\/product_cat?post=1015682"},{"taxonomy":"product_tag","embeddable":true,"href":"https:\/\/vimaterial.de\/it\/wp-json\/wp\/v2\/product_tag?post=1015682"}],"curies":[{"name":"wp","href":"https:\/\/api.w.org\/{rel}","templated":true}]}}