{"id":1015655,"date":"2024-06-17T14:52:35","date_gmt":"2024-06-17T06:52:35","guid":{"rendered":"https:\/\/vimaterial.de\/product\/ossido-di-nichel\/"},"modified":"2025-04-15T14:07:49","modified_gmt":"2025-04-15T06:07:49","slug":"ossido-di-nichel","status":"publish","type":"product","link":"https:\/\/vimaterial.de\/it\/product\/ossido-di-nichel\/","title":{"rendered":"Ossido di nichel"},"content":{"rendered":"<p>La polvere di <span style=\"color: #0000ff;\"><a style=\"color: #0000ff;\" href=\"https:\/\/vimaterial.de\/en\/product\/nickel-oxide-2\/\">ossido di nichel<\/a> <\/span>\u00e8 una sostanza polverosa verde o nero-verde con elevata stabilit\u00e0 chimica, buona stabilit\u00e0 termica e conduttivit\u00e0 elettrica, che ha una vasta gamma di applicazioni in catalisi, batterie, ceramica e molti altri campi.<\/p>\n<p>VIMATERIAL offre una vasta gamma di polvere di ossido di nichel, la nostra polvere di ossido di nichel ha una dimensione delle particelle diversificata e uniforme, elevata purezza, bassa impurit\u00e0, basso MOQ e prodotti sufficienti in magazzino. La nostra azienda dispone di un team di ricerca e sviluppo tecnologico professionale, in grado di accettare la personalizzazione del prodotto, pu\u00f2 essere piccole quantit\u00e0 da ordinare, affrettati a <span style=\"color: #0000ff;\"><a style=\"color: #0000ff;\" href=\"https:\/\/vimaterial.de\/it\/contatto\/\">contattarci<\/a><\/span>. <\/p>\n<h2><span style=\"font-size: 14pt;\">Propriet\u00e0 fisiche<\/span><\/h2>\n<p>Formula molecolare: NiO<\/p>\n<p>Peso molecolare: 74,71<\/p>\n<p>Aspetto: Di solito polvere verde, diventer\u00e0 verde-giallo quando surriscaldata.<\/p>\n<p>Densit\u00e0: circa 6,67 g\/cm\u00b3.<\/p>\n<p>Punto di fusione: circa 1980\u00b120\u00b0C.<\/p>\n<p>Struttura cristallina: come NaCl, appartiene al sistema cristallino cubico.<\/p>\n<h2><span style=\"font-size: 14pt;\">Applicazioni<\/span><\/h2>\n<p>Elettronica: la polvere NiO \u00e8 un importante materiale catodico per batterie agli ioni di litio e batterie al nichel metallo idruro, ecc. Pu\u00f2 migliorare l&#8217;efficienza di carica e scarica e la durata delle batterie. <\/p>\n<p>Ceramica: Viene utilizzata nella produzione di materiali ceramici, come termistori e varistori in ceramica elettrica, nonch\u00e9 ceramiche di ferrite di nichel-zinco, vetro e pigmenti di vetro.<\/p>\n<p>Campo energetico: come componente di batterie al nichel-ferro e celle a combustibile, nonch\u00e9 precursore per la preparazione di una variet\u00e0 di sali di nichel e come catalizzatore multifunzionale per l&#8217;idrogenazione e altre reazioni.<\/p>\n<p>Campo del sensore: pu\u00f2 essere utilizzato per produrre sensori di gas e il suo rivestimento pu\u00f2 migliorare la sensibilit\u00e0 e la selettivit\u00e0 del sensore grazie alla sua resistenza alla corrosione e alle propriet\u00e0 elettrocatalitiche.<\/p>\n<h2><span style=\"font-size: 14pt;\">Controllo qualit\u00e0<\/span><\/h2>\n<p>Implementiamo il <span style=\"color: #0000ff;\"><a style=\"color: #0000ff;\" href=\"https:\/\/vimaterial.de\/it\/controllo-qualita\/\">pi\u00f9 rigoroso<\/a> <\/span>sistema di gestione della qualit\u00e0 per ogni lotto di prodotti, con registrazioni complete dalle materie prime ai prodotti finali per una facile tracciabilit\u00e0. Adottiamo rigorose misure di segregazione per la gestione dei prodotti non conformi per garantire che nessuno dei prodotti non conformi confluisca nel processo successivo. <\/p>\n<h2><span style=\"font-size: 14pt;\">Imballaggio e stoccaggio<\/span><\/h2>\n<p>La polvere di ossido di nichel \u00e8 confezionata in doppi sacchetti sottovuoto o doppi flaconi sottovuoto con cartoni all&#8217;esterno.<\/p>\n<p>La polvere di ossido di nichel deve essere conservata in un ambiente asciutto, fresco e ben ventilato, lontano da fuoco, calore e sostanze incompatibili e deve essere sigillata per evitare umidit\u00e0, cambiamenti di ossidazione e altri contaminanti.<\/p>\n","protected":false},"excerpt":{"rendered":"<p>La polvere di ossido di nichel \u00e8 una sostanza polverosa verde o nero-verde con elevata stabilit\u00e0 chimica, buona stabilit\u00e0 termica e conduttivit\u00e0 elettrica, che ha una vasta gamma di applicazioni in catalisi, batterie, ceramica e molti altri campi.<\/p>\n<p>VIMATERIAL offre una vasta gamma di polvere di ossido di nichel, la nostra polvere di ossido di nichel ha una dimensione delle particelle diversificata e uniforme, elevata purezza, bassa impurit\u00e0, basso MOQ e prodotti sufficienti in magazzino. La nostra azienda dispone di un team di ricerca e sviluppo tecnologico professionale, in grado di accettare la personalizzazione del prodotto, pu\u00f2 essere piccole quantit\u00e0 da ordinare, affrettati a contattarci. <\/p>\n","protected":false},"featured_media":1002724,"comment_status":"open","ping_status":"closed","template":"","meta":{"_acf_changed":false},"product_brand":[],"product_cat":[205],"product_tag":[],"class_list":{"0":"post-1015655","1":"product","2":"type-product","3":"status-publish","4":"has-post-thumbnail","6":"product_cat-materiali-ossidi-idrossidi","8":"first","9":"instock","10":"shipping-taxable","11":"purchasable","12":"product-type-variable"},"acf":[],"_links":{"self":[{"href":"https:\/\/vimaterial.de\/it\/wp-json\/wp\/v2\/product\/1015655","targetHints":{"allow":["GET"]}}],"collection":[{"href":"https:\/\/vimaterial.de\/it\/wp-json\/wp\/v2\/product"}],"about":[{"href":"https:\/\/vimaterial.de\/it\/wp-json\/wp\/v2\/types\/product"}],"replies":[{"embeddable":true,"href":"https:\/\/vimaterial.de\/it\/wp-json\/wp\/v2\/comments?post=1015655"}],"wp:featuredmedia":[{"embeddable":true,"href":"https:\/\/vimaterial.de\/it\/wp-json\/wp\/v2\/media\/1002724"}],"wp:attachment":[{"href":"https:\/\/vimaterial.de\/it\/wp-json\/wp\/v2\/media?parent=1015655"}],"wp:term":[{"taxonomy":"product_brand","embeddable":true,"href":"https:\/\/vimaterial.de\/it\/wp-json\/wp\/v2\/product_brand?post=1015655"},{"taxonomy":"product_cat","embeddable":true,"href":"https:\/\/vimaterial.de\/it\/wp-json\/wp\/v2\/product_cat?post=1015655"},{"taxonomy":"product_tag","embeddable":true,"href":"https:\/\/vimaterial.de\/it\/wp-json\/wp\/v2\/product_tag?post=1015655"}],"curies":[{"name":"wp","href":"https:\/\/api.w.org\/{rel}","templated":true}]}}