{"id":1015594,"date":"2024-06-17T14:49:29","date_gmt":"2024-06-17T06:49:29","guid":{"rendered":"https:\/\/vimaterial.de\/product\/solfuro-di-nichel-ii\/"},"modified":"2024-10-12T14:02:32","modified_gmt":"2024-10-12T06:02:32","slug":"solfuro-di-nichel-ii","status":"publish","type":"product","link":"https:\/\/vimaterial.de\/it\/product\/solfuro-di-nichel-ii\/","title":{"rendered":"Solfuro di nichel (II)"},"content":{"rendered":"<p>La polvere di solfuro di nichel (II) (NiS) \u00e8 un importante composto inorganico.<\/p>\n<p>&nbsp;<\/p>\n<p>Informazioni di base:<\/p>\n<p>&nbsp;<\/p>\n<p>Formula chimica: NiS.<\/p>\n<p>Peso molecolare: 90,758.<\/p>\n<p>Numero CAS: 16812-54-7.<\/p>\n<p>Numero EINECS: 240-841-2.<\/p>\n<p>Aspetto: Solitamente polvere nera.<\/p>\n<p>Densit\u00e0: La densit\u00e0 relativa \u00e8 di circa 5,87 g\/cm\u00b3.<\/p>\n<p>Punto di fusione: 797\u00b0C.<\/p>\n<p>Punto di ebollizione: 1388\u00b0C.<\/p>\n<p>Solubilit\u00e0: insolubile in acqua, solubile in acidi forti come l&#8217;acido nitrico. Struttura cristallina: con una variet\u00e0 di strutture cristalline, incluso il sistema cristallino esagonale.<\/p>\n<p>&nbsp;<\/p>\n<p>Metodo di preparazione:<\/p>\n<p>&nbsp;<\/p>\n<p>Metodo di sintesi diretta: la soluzione di sale di nichel (come cloruro di nichel, solfato di nichel, ecc.) e la reazione del gas di idrogeno solforato, possono essere preparate polvere di solfuro di nichel (II).<\/p>\n<p>&nbsp;<\/p>\n<p>Metodo in fase solida ad alta temperatura: la polvere di nichel e la polvere di zolfo vengono miscelate in una certa proporzione e la reazione in fase solida viene eseguita ad alta temperatura e pu\u00f2 essere preparato anche il solfuro di nichel (II).<\/p>\n<p>&nbsp;<\/p>\n<p>Campo di applicazione:<\/p>\n<p>&nbsp;<\/p>\n<p>Catalizzatori: Catalizzatori che possono essere utilizzati in alcune reazioni chimiche, come la reazione di idrogenazione, la reazione di desolforazione, ecc. Ha alcune applicazioni nel settore petrolchimico, nella protezione ambientale e in altri campi.<\/p>\n<p>&nbsp;<\/p>\n<p>Materiali della batteria: in alcuni nuovi sistemi di batterie, il solfuro di nichel ha un potenziale valore applicativo come materiale per elettrodi e le sue propriet\u00e0 chimiche e struttura uniche aiutano a migliorare le prestazioni della batteria.<\/p>\n<p>&nbsp;<\/p>\n<p>Lavorazione del minerale: nel processo di lavorazione, il solfuro di nichel pu\u00f2 essere utilizzato come agente di flottazione per la separazione e l&#8217;arricchimento di minerali contenenti nichel.<\/p>\n","protected":false},"excerpt":{"rendered":"<p>La polvere di solfuro di nichel (II) (NiS) \u00e8 un importante composto inorganico.<\/p>\n<p>Catalizzatori: Catalizzatori che possono essere utilizzati in alcune reazioni chimiche, come la reazione di idrogenazione, la reazione di desolforazione, ecc. Ha alcune applicazioni nel settore petrolchimico, nella protezione ambientale e in altri campi.<\/p>\n<p>Materiali della batteria: in alcuni nuovi sistemi di batterie, il solfuro di nichel (II) ha un potenziale valore applicativo come materiale per elettrodi e le sue propriet\u00e0 chimiche e struttura uniche aiutano a migliorare le prestazioni della batteria.<\/p>\n","protected":false},"featured_media":1002755,"comment_status":"open","ping_status":"closed","template":"","meta":{"_acf_changed":false},"product_brand":[],"product_cat":[200],"product_tag":[],"class_list":{"0":"post-1015594","1":"product","2":"type-product","3":"status-publish","4":"has-post-thumbnail","6":"product_cat-materiali-calcogenidici","8":"first","9":"instock","10":"shipping-taxable","11":"purchasable","12":"product-type-variable"},"acf":[],"_links":{"self":[{"href":"https:\/\/vimaterial.de\/it\/wp-json\/wp\/v2\/product\/1015594","targetHints":{"allow":["GET"]}}],"collection":[{"href":"https:\/\/vimaterial.de\/it\/wp-json\/wp\/v2\/product"}],"about":[{"href":"https:\/\/vimaterial.de\/it\/wp-json\/wp\/v2\/types\/product"}],"replies":[{"embeddable":true,"href":"https:\/\/vimaterial.de\/it\/wp-json\/wp\/v2\/comments?post=1015594"}],"wp:featuredmedia":[{"embeddable":true,"href":"https:\/\/vimaterial.de\/it\/wp-json\/wp\/v2\/media\/1002755"}],"wp:attachment":[{"href":"https:\/\/vimaterial.de\/it\/wp-json\/wp\/v2\/media?parent=1015594"}],"wp:term":[{"taxonomy":"product_brand","embeddable":true,"href":"https:\/\/vimaterial.de\/it\/wp-json\/wp\/v2\/product_brand?post=1015594"},{"taxonomy":"product_cat","embeddable":true,"href":"https:\/\/vimaterial.de\/it\/wp-json\/wp\/v2\/product_cat?post=1015594"},{"taxonomy":"product_tag","embeddable":true,"href":"https:\/\/vimaterial.de\/it\/wp-json\/wp\/v2\/product_tag?post=1015594"}],"curies":[{"name":"wp","href":"https:\/\/api.w.org\/{rel}","templated":true}]}}