{"id":1015586,"date":"2024-06-17T14:49:28","date_gmt":"2024-06-17T06:49:28","guid":{"rendered":"https:\/\/vimaterial.de\/product\/siliciuro-di-nichel-2\/"},"modified":"2025-04-15T18:03:05","modified_gmt":"2025-04-15T10:03:05","slug":"siliciuro-di-nichel-2","status":"publish","type":"product","link":"https:\/\/vimaterial.de\/it\/product\/siliciuro-di-nichel-2\/","title":{"rendered":"Siliciuro di nichel"},"content":{"rendered":"<p>La polvere di <span style=\"color: #0000ff;\"><a style=\"color: #0000ff;\" href=\"https:\/\/vimaterial.de\/en\/product\/nickel-silicide-2\/\">siliciuro di nichel<\/a><\/span> \u00e8 una polvere composta principalmente da nichel e silicio, l&#8217;aspetto \u00e8 solitamente grigio o bianco sporco, ha un alto punto di fusione, una buona stabilit\u00e0 termica, un certo grado di conduttivit\u00e0 elettrica e stabilit\u00e0 chimica e svolge un potenziale valore applicativo nel campo dei dispositivi elettronici, dei materiali semiconduttori, dei rivestimenti ad alta temperatura e cos\u00ec via.<\/p>\n<p>VIAMTERIAL fornisce polvere di siliciuro di nichel. Le nostre polveri sono caratterizzate da elevata purezza, granulometria uniforme, buona fluidit\u00e0, buona compattazione e stabilit\u00e0 chimica e supportiamo l&#8217;imballaggio e l&#8217;ordinazione di piccoli lotti. Abbiamo un team di ricerca e sviluppo tecnico professionale, accettiamo la personalizzazione e la sperimentazione del prodotto, non esitate <span style=\"color: #0000ff;\"><a style=\"color: #0000ff;\" href=\"https:\/\/vimaterial.de\/en\/contact-us\/\">a contattarci.<\/a><\/span>  <\/p>\n<h2><span style=\"font-size: 14pt;\">Propriet\u00e0 fisiche<\/span><\/h2>\n<p>Formula molecolare: NiSi2<\/p>\n<p>Peso molecolare: circa 114,87<\/p>\n<p>Aspetto: polvere solitamente grigia o bianco sporco<\/p>\n<p>Struttura cristallina: generalmente ortorombica, in cui gli atomi di nichel e silicio sono distribuiti in una specifica disposizione spaziale, che ne influenza le propriet\u00e0 fisiche e chimiche.<\/p>\n<h2><span style=\"font-size: 14pt;\">Applicazioni<\/span><\/h2>\n<p>Dispositivi elettronici: la polvere di siliciuro di nichel viene utilizzata nella produzione di elettrodi e materiali di interconnessione per dispositivi a semiconduttore. Con la sua buona conduttivit\u00e0 e stabilit\u00e0, migliora le prestazioni e l&#8217;affidabilit\u00e0 dei componenti elettronici e contribuisce allo sviluppo della miniaturizzazione e delle alte prestazioni dei prodotti elettronici. <\/p>\n<p>Industria fotovoltaica: nella produzione di celle solari, come materiale di contatto, ridurre efficacemente la resistenza, migliorare l&#8217;efficienza di conversione fotoelettrica della batteria, promuovere la riduzione dei costi di generazione di energia fotovoltaica e l&#8217;efficienza energetica.<\/p>\n<p>Campo di rivestimento ad alta temperatura: come componente chiave dei rivestimenti protettivi ad alta temperatura, pu\u00f2 formare un film protettivo stabile, proteggere il materiale del substrato dall&#8217;ossidazione e dalla corrosione ad alta temperatura, prolungare la durata dei componenti ad alta temperatura e migliorare la stabilit\u00e0 del funzionamento delle apparecchiature industriali.<\/p>\n<h2><span style=\"font-size: 14pt;\">Controllo qualit\u00e0<\/span><\/h2>\n<p><span style=\"color: #0000ff;\"><a style=\"color: #0000ff;\" href=\"https:\/\/vimaterial.de\/en\/quality-control\/\">Il controllo di qualit\u00e0<\/a><\/span> di ogni lotto di prodotti viene effettuato durante l&#8217;intero processo di approvvigionamento delle materie prime, produzione e lavorazione, test e ispezione e imballaggio, seguendo rigorosamente gli standard internazionali e le norme del settore. Disponiamo di apparecchiature di collaudo avanzate, team di controllo qualit\u00e0 professionale e rigoroso sistema di controllo della qualit\u00e0 per garantire la qualit\u00e0 del prodotto. <\/p>\n<h2><span style=\"font-size: 14pt;\">Imballaggio e stoccaggio<\/span><\/h2>\n<p>La polvere di siliciuro di nichel \u00e8 confezionata in sacchetti a doppio vuoto o in flaconi a doppio vuoto e confezionata in cartoni.<\/p>\n<p>La polvere di siliciuro di nichel deve essere conservata in un luogo asciutto, fresco e ventilato, sigillata per evitare il contatto con umidit\u00e0, aria, sostanze chimiche corrosive, calore e fonti di fuoco e conservata in conformit\u00e0 con i requisiti specificati.<\/p>\n","protected":false},"excerpt":{"rendered":"<p>La polvere di <span style=\"color: #0000ff;\"><a style=\"color: #0000ff;\" href=\"https:\/\/vimaterial.de\/en\/product\/nickel-silicide-2\/\">siliciuro di nichel<\/a><\/span> \u00e8 una polvere composta principalmente da nichel e silicio, l&#8217;aspetto \u00e8 solitamente grigio o bianco sporco, ha un alto punto di fusione, una buona stabilit\u00e0 termica, un certo grado di conduttivit\u00e0 elettrica e stabilit\u00e0 chimica e svolge un potenziale valore applicativo nel campo dei dispositivi elettronici, dei materiali semiconduttori, dei rivestimenti ad alta temperatura e cos\u00ec via.<\/p>\n","protected":false},"featured_media":1002771,"comment_status":"open","ping_status":"closed","template":"","meta":{"_acf_changed":false},"product_brand":[],"product_cat":[202],"product_tag":[],"class_list":{"0":"post-1015586","1":"product","2":"type-product","3":"status-publish","4":"has-post-thumbnail","6":"product_cat-materiali-c-n-b-si","8":"first","9":"instock","10":"shipping-taxable","11":"purchasable","12":"product-type-variable"},"acf":[],"_links":{"self":[{"href":"https:\/\/vimaterial.de\/it\/wp-json\/wp\/v2\/product\/1015586","targetHints":{"allow":["GET"]}}],"collection":[{"href":"https:\/\/vimaterial.de\/it\/wp-json\/wp\/v2\/product"}],"about":[{"href":"https:\/\/vimaterial.de\/it\/wp-json\/wp\/v2\/types\/product"}],"replies":[{"embeddable":true,"href":"https:\/\/vimaterial.de\/it\/wp-json\/wp\/v2\/comments?post=1015586"}],"wp:featuredmedia":[{"embeddable":true,"href":"https:\/\/vimaterial.de\/it\/wp-json\/wp\/v2\/media\/1002771"}],"wp:attachment":[{"href":"https:\/\/vimaterial.de\/it\/wp-json\/wp\/v2\/media?parent=1015586"}],"wp:term":[{"taxonomy":"product_brand","embeddable":true,"href":"https:\/\/vimaterial.de\/it\/wp-json\/wp\/v2\/product_brand?post=1015586"},{"taxonomy":"product_cat","embeddable":true,"href":"https:\/\/vimaterial.de\/it\/wp-json\/wp\/v2\/product_cat?post=1015586"},{"taxonomy":"product_tag","embeddable":true,"href":"https:\/\/vimaterial.de\/it\/wp-json\/wp\/v2\/product_tag?post=1015586"}],"curies":[{"name":"wp","href":"https:\/\/api.w.org\/{rel}","templated":true}]}}