{"id":1015560,"date":"2024-06-17T14:54:10","date_gmt":"2024-06-17T06:54:10","guid":{"rendered":"https:\/\/vimaterial.de\/product\/siliciuro-di-nichel\/"},"modified":"2025-04-15T13:57:11","modified_gmt":"2025-04-15T05:57:11","slug":"siliciuro-di-nichel","status":"publish","type":"product","link":"https:\/\/vimaterial.de\/it\/product\/siliciuro-di-nichel\/","title":{"rendered":"Siliciuro di nichel"},"content":{"rendered":"<p>Il bersaglio sputtering al <span style=\"color: #0000ff;\"><a style=\"color: #0000ff;\" href=\"https:\/\/vimaterial.de\/en\/product\/nickel-silicide\/\">siliciuro di nichel<\/a> <\/span>\u00e8 un materiale chiave con elevata purezza, eccellente conduttivit\u00e0 elettrica e stabilit\u00e0 termica, che pu\u00f2 essere utilizzato nei semiconduttori e in altri campi per preparare film sottili ad alte prestazioni mediante processo di sputtering.<\/p>\n<p>VIMATERIAL fornisce bersagli sputtering in siliciuro di nichel. I nostri bersagli sputtering di siliciuro di nichel hanno densit\u00e0 elevate, basse impurit\u00e0, bersagli omogenei, forte legame con il substrato e possiamo anche fornire servizi di legame del bersaglio. La nostra azienda dispone di un team di ricerca e sviluppo tecnologico professionale, in grado di accettare la personalizzazione del prodotto, pu\u00f2 essere piccole quantit\u00e0 da ordinare, affrettati a <span style=\"color: #0000ff;\"><a style=\"color: #0000ff;\" href=\"https:\/\/vimaterial.de\/en\/contact-us\/\">contattarci.<\/a><\/span>  <\/p>\n<h2><span style=\"font-size: 14pt;\">Propriet\u00e0 fisiche<\/span><\/h2>\n<p>Formula molecolare: Ni\u2082Si<\/p>\n<p>Peso molecolare: 145,472 g\/mol circa<\/p>\n<p>Densit\u00e0: circa 7,40 g\/cm\u00b3.<\/p>\n<p>Punto di fusione: circa 1255\u00b0C<\/p>\n<p>Struttura cristallina: sistema cristallino ortorombico, gruppo spaziale Pnma, No.62, costanti reticolari a = 0,502 nm, b = 0,374 nm, c = 0,708 nm, numero di molecole nella cella (Z) \u00e8 4.<\/p>\n<h2><span style=\"font-size: 14pt;\">Applicazioni<\/span><\/h2>\n<p>Produzione di semiconduttori: pu\u00f2 essere utilizzato per formare strati di contatto in siliciuro metallico di alta qualit\u00e0, riducendo efficacemente la resistenza di contatto e migliorando le prestazioni del chip.<\/p>\n<p>Industria dell&#8217;imballaggio di dispositivi elettronici: lo sputtering mirato Ni\u2082Si per generare un film sottile aiuta a migliorare l&#8217;affidabilit\u00e0 della connessione tra il pin e il chip e a migliorare la stabilit\u00e0 complessiva del pacchetto.<\/p>\n<p>Optoelettronica: gli obiettivi Ni\u2082Si possono migliorare le caratteristiche elettriche dei componenti fotovoltaici, l&#8217;efficienza di conversione fotoelettrica.<\/p>\n<h2><span style=\"font-size: 14pt;\">Controllo qualit\u00e0<\/span><\/h2>\n<p>Implementiamo il <span style=\"color: #0000ff;\"><a style=\"color: #0000ff;\" href=\"https:\/\/vimaterial.de\/en\/quality-control\/\">pi\u00f9 rigoroso<\/a><\/span> sistema di gestione della qualit\u00e0 per ogni lotto di prodotti, con registrazioni complete dalle materie prime ai prodotti finali per una facile tracciabilit\u00e0. Adottiamo rigorose misure di segregazione per la gestione dei prodotti non conformi per garantire che nessuno dei prodotti non conformi confluisca nel processo successivo. <\/p>\n<h2><span style=\"font-size: 14pt;\">Imballaggio e stoccaggio<\/span><\/h2>\n<p>I bersagli di siliciuro di nichel vengono confezionati in doppi sacchetti sottovuoto e poi inscatolati, all&#8217;esterno in cartoni.<\/p>\n<p>I bersagli sputtering di silicio di nichel devono essere conservati in un luogo asciutto, fresco e ben ventilato, evitando il contatto con sostanze chimiche, utilizzando l&#8217;imballaggio originale o sacchetti antistatici e prestare attenzione alla resistenza alla polvere, anticollisione e controllare regolarmente lo stato.<\/p>\n","protected":false},"excerpt":{"rendered":"<p>Il bersaglio sputtering al <span style=\"color: #0000ff;\"><a style=\"color: #0000ff;\" href=\"https:\/\/vimaterial.de\/en\/product\/nickel-silicide\/\">siliciuro di nichel<\/a> <\/span>\u00e8 un materiale chiave con elevata purezza, eccellente conduttivit\u00e0 elettrica e stabilit\u00e0 termica, che pu\u00f2 essere utilizzato nei semiconduttori e in altri campi per preparare film sottili ad alte prestazioni mediante processo di sputtering.<\/p>\n","protected":false},"featured_media":1002779,"comment_status":"open","ping_status":"closed","template":"","meta":{"_acf_changed":false},"product_brand":[],"product_cat":[197],"product_tag":[],"class_list":{"0":"post-1015560","1":"product","2":"type-product","3":"status-publish","4":"has-post-thumbnail","6":"product_cat-obiettivi-di-sputtering-planari","8":"first","9":"instock","10":"shipping-taxable","11":"product-type-variable"},"acf":[],"_links":{"self":[{"href":"https:\/\/vimaterial.de\/it\/wp-json\/wp\/v2\/product\/1015560","targetHints":{"allow":["GET"]}}],"collection":[{"href":"https:\/\/vimaterial.de\/it\/wp-json\/wp\/v2\/product"}],"about":[{"href":"https:\/\/vimaterial.de\/it\/wp-json\/wp\/v2\/types\/product"}],"replies":[{"embeddable":true,"href":"https:\/\/vimaterial.de\/it\/wp-json\/wp\/v2\/comments?post=1015560"}],"wp:featuredmedia":[{"embeddable":true,"href":"https:\/\/vimaterial.de\/it\/wp-json\/wp\/v2\/media\/1002779"}],"wp:attachment":[{"href":"https:\/\/vimaterial.de\/it\/wp-json\/wp\/v2\/media?parent=1015560"}],"wp:term":[{"taxonomy":"product_brand","embeddable":true,"href":"https:\/\/vimaterial.de\/it\/wp-json\/wp\/v2\/product_brand?post=1015560"},{"taxonomy":"product_cat","embeddable":true,"href":"https:\/\/vimaterial.de\/it\/wp-json\/wp\/v2\/product_cat?post=1015560"},{"taxonomy":"product_tag","embeddable":true,"href":"https:\/\/vimaterial.de\/it\/wp-json\/wp\/v2\/product_tag?post=1015560"}],"curies":[{"name":"wp","href":"https:\/\/api.w.org\/{rel}","templated":true}]}}