{"id":1015543,"date":"2024-06-17T14:54:11","date_gmt":"2024-06-17T06:54:11","guid":{"rendered":"https:\/\/vimaterial.de\/product\/lega-di-nichel-terbio\/"},"modified":"2025-04-15T13:43:19","modified_gmt":"2025-04-15T05:43:19","slug":"lega-di-nichel-terbio","status":"publish","type":"product","link":"https:\/\/vimaterial.de\/it\/product\/lega-di-nichel-terbio\/","title":{"rendered":"Lega di nichel terbio"},"content":{"rendered":"<p><span style=\"color: #0000ff;\"><a style=\"color: #0000ff;\" href=\"https:\/\/vimaterial.de\/en\/search\/?type=element&amp;keyword=Ni%2CT\">Lega di nichel terbio<\/a><\/span> I bersagli sputtering sono bersagli sputtering in lega costituiti da nichel e terbio con una specifica composizione di lega e una lucentezza metallica sulla superficie, che forniscono atomi di nichel e terbio nel processo di sputtering per la deposizione di film sottili con speciali propriet\u00e0 fisiche e chimiche sul materiale del substrato.<\/p>\n<p>VIMATERIAL offre bersagli sputtering in lega di nichel terbio. I nostri bersagli sputtering in lega di nichel terbio hanno una composizione uniforme e stabile, alte densit\u00e0, buoni tassi di sputtering, basso contenuto di impurit\u00e0 e possiamo anche fornire servizi di legatura del bersaglio. Abbiamo un team di ricerca e sviluppo professionale, siamo in grado di personalizzare e sviluppare vari prodotti, vi preghiamo di <span style=\"color: #0000ff;\"><a style=\"color: #0000ff;\" href=\"https:\/\/vimaterial.de\/en\/contact-us\/\">contattarci<\/a><\/span> se necessario.  <\/p>\n<h2><span style=\"font-size: 14pt;\">Propriet\u00e0 fisiche<\/span><\/h2>\n<p>Formula molecolare: NiTb<\/p>\n<p>Peso molecolare: circa 108,81<\/p>\n<p>Aspetto: di solito bersagli a lucentezza metallizzata grigio argento<\/p>\n<h2><span style=\"font-size: 14pt;\">Applicazioni<\/span><\/h2>\n<p>Campo elettronico: utilizzato nella produzione di film sottili nei componenti elettronici, pu\u00f2 essere regolato attraverso la composizione della lega per ottimizzare le prestazioni dei componenti elettronici, come il miglioramento della conduttivit\u00e0 elettrica, della stabilit\u00e0, ecc.<\/p>\n<p>Campo dei semiconduttori: nella produzione di dispositivi a semiconduttore, \u00e8 possibile formare film sottili con propriet\u00e0 elettriche specifiche per aiutare a controllare la conduttivit\u00e0 e altre propriet\u00e0 fisiche dei semiconduttori per migliorare le prestazioni del dispositivo.<\/p>\n<p>Campo ottico: pu\u00f2 essere utilizzato nella produzione di rivestimenti ottici, come pellicole di miglioramento della trasmittanza, pellicole riflettenti, ecc. In virt\u00f9 delle sue speciali propriet\u00e0 fisiche, pu\u00f2 migliorare la trasmittanza e la riflettivit\u00e0 dei dispositivi ottici. <\/p>\n<p>Campo di materiale magnetico: poich\u00e9 contiene nichel e altri elementi magnetici, pu\u00f2 essere utilizzato per preparare pellicole magnetiche ad alte prestazioni, che svolgono un ruolo importante nell&#8217;archiviazione delle informazioni, nei sensori magnetici e in altri dispositivi magnetici.<\/p>\n<p>Campo aerospaziale: le sue buone propriet\u00e0 fisiche e chimiche gli consentono di soddisfare i requisiti di elevate prestazioni per i materiali nel campo aerospaziale e pu\u00f2 essere utilizzato per produrre rivestimenti protettivi sulla superficie di aeromobili e componenti chiave in apparecchiature elettroniche.<\/p>\n<h2><span style=\"font-size: 14pt;\">Controllo qualit\u00e0<\/span><\/h2>\n<p>Implementiamo il <span style=\"color: #0000ff;\"><a style=\"color: #0000ff;\" href=\"https:\/\/vimaterial.de\/en\/quality-control\/\">pi\u00f9 rigoroso<\/a> <\/span>sistema di gestione della qualit\u00e0 per ogni lotto di prodotti, con registrazioni complete dalle materie prime ai prodotti finali per una facile tracciabilit\u00e0. Adottiamo rigorose misure di segregazione per la gestione dei prodotti non conformi per garantire che nessuno dei prodotti non conformi confluisca nel processo successivo. <\/p>\n<h2><span style=\"font-size: 14pt;\">Imballaggio e stoccaggio<\/span><\/h2>\n<p>I bersagli sputtering in lega di nichel terbio sono confezionati in doppi sacchetti sottovuoto e in scatole esterne.<\/p>\n<p>I bersagli sputtering in lega di nichel terbio devono essere conservati in un ambiente asciutto, fresco e ben ventilato con temperatura e umidit\u00e0 stabili, evitando il contatto con acidi, alcali e altre sostanze corrosive e prevenendo umidit\u00e0, ossidazione e collisioni violente, per garantire che le sue propriet\u00e0 fisico-chimiche e l&#8217;integrit\u00e0 strutturale non vengano danneggiate.<\/p>\n","protected":false},"excerpt":{"rendered":"<p><span style=\"color: #0000ff;\"><a style=\"color: #0000ff;\" href=\"https:\/\/vimaterial.de\/en\/search\/?type=element&amp;keyword=Ni%2CT\">Lega di nichel terbio<\/a><\/span> I bersagli sputtering sono bersagli sputtering in lega costituiti da nichel e terbio con una specifica composizione di lega e una lucentezza metallica sulla superficie, che forniscono atomi di nichel e terbio nel processo di sputtering per la deposizione di film sottili con speciali propriet\u00e0 fisiche e chimiche sul materiale del substrato.<\/p>\n","protected":false},"featured_media":1002795,"comment_status":"open","ping_status":"closed","template":"","meta":{"_acf_changed":false},"product_brand":[],"product_cat":[197],"product_tag":[],"class_list":{"0":"post-1015543","1":"product","2":"type-product","3":"status-publish","4":"has-post-thumbnail","6":"product_cat-obiettivi-di-sputtering-planari","8":"first","9":"instock","10":"shipping-taxable","11":"purchasable","12":"product-type-variable"},"acf":[],"_links":{"self":[{"href":"https:\/\/vimaterial.de\/it\/wp-json\/wp\/v2\/product\/1015543","targetHints":{"allow":["GET"]}}],"collection":[{"href":"https:\/\/vimaterial.de\/it\/wp-json\/wp\/v2\/product"}],"about":[{"href":"https:\/\/vimaterial.de\/it\/wp-json\/wp\/v2\/types\/product"}],"replies":[{"embeddable":true,"href":"https:\/\/vimaterial.de\/it\/wp-json\/wp\/v2\/comments?post=1015543"}],"wp:featuredmedia":[{"embeddable":true,"href":"https:\/\/vimaterial.de\/it\/wp-json\/wp\/v2\/media\/1002795"}],"wp:attachment":[{"href":"https:\/\/vimaterial.de\/it\/wp-json\/wp\/v2\/media?parent=1015543"}],"wp:term":[{"taxonomy":"product_brand","embeddable":true,"href":"https:\/\/vimaterial.de\/it\/wp-json\/wp\/v2\/product_brand?post=1015543"},{"taxonomy":"product_cat","embeddable":true,"href":"https:\/\/vimaterial.de\/it\/wp-json\/wp\/v2\/product_cat?post=1015543"},{"taxonomy":"product_tag","embeddable":true,"href":"https:\/\/vimaterial.de\/it\/wp-json\/wp\/v2\/product_tag?post=1015543"}],"curies":[{"name":"wp","href":"https:\/\/api.w.org\/{rel}","templated":true}]}}