{"id":1015541,"date":"2024-06-17T14:54:11","date_gmt":"2024-06-17T06:54:11","guid":{"rendered":"https:\/\/vimaterial.de\/product\/lega-di-nichel-tanralum\/"},"modified":"2025-04-15T13:55:45","modified_gmt":"2025-04-15T05:55:45","slug":"lega-di-nichel-tanralum","status":"publish","type":"product","link":"https:\/\/vimaterial.de\/it\/product\/lega-di-nichel-tanralum\/","title":{"rendered":"Lega di nichel tantalio"},"content":{"rendered":"<p>I bersagli sputtering in <a href=\"https:\/\/vimaterial.de\/en\/product\/nickel-terbium-alloy\/\"><span style=\"color: #0000ff;\">lega di nichel-tantalio<\/span><\/a> sono materiali chiave con specifiche propriet\u00e0 fisico-chimiche che forniscono una fonte di leghe di nichel-tanralum per la preparazione di film sottili di alta qualit\u00e0 nel processo di rivestimento sputtering.<\/p>\n<p>VIMATERIAL offre bersagli sputtering in lega di nichel-tantalio. I nostri bersagli sputtering in lega di nichel-tantalio hanno una composizione uniforme e stabile, alte densit\u00e0, buoni tassi di sputtering, basso contenuto di impurit\u00e0 e possiamo anche fornire servizi di legatura del bersaglio. Abbiamo un team di ricerca e sviluppo professionale, siamo in grado di personalizzare e sviluppare vari prodotti, vi preghiamo di <span style=\"color: #0000ff;\"><a style=\"color: #0000ff;\" href=\"https:\/\/vimaterial.de\/en\/contact-us\/\">contattarci<\/a><\/span> se necessario.  <\/p>\n<h2><span style=\"font-size: 14pt;\">Propriet\u00e0 fisiche<\/span><\/h2>\n<p>Formula molecolare: NiTa<\/p>\n<p>Peso molecolare: circa 239,64<\/p>\n<p>Aspetto: di solito bersagli a lucentezza metallizzata grigio argento<\/p>\n<p>Punto di fusione: superiore a circa 1500\u00b0C<\/p>\n<p>Punto di ebollizione: superiore a 2730\u00b0C.<\/p>\n<h2><span style=\"font-size: 14pt;\">Applicazioni<\/span><\/h2>\n<p>Campo elettronico: pu\u00f2 essere utilizzato per produrre strati di elettrodi in circuiti integrati ad alte prestazioni, con la sua buona conduttivit\u00e0 e stabilit\u00e0, migliora efficacemente l&#8217;efficienza e l&#8217;affidabilit\u00e0 della trasmissione del segnale dei dispositivi elettronici.<\/p>\n<p>Rivestimento ottico: Ampiamente utilizzato nel rivestimento delle lenti ottiche, il film sottile formato dallo sputtering pu\u00f2 controllare con precisione la riflettivit\u00e0 e l&#8217;indice di rifrazione della lente, migliorando cos\u00ec significativamente la chiarezza dell&#8217;immagine e la riproduzione dei colori degli strumenti ottici.<\/p>\n<p>Campo dei semiconduttori: utilizzato nel processo di metallizzazione della produzione di chip semiconduttori, le sue propriet\u00e0 fisiche e chimiche uniche aiutano a formare linee metalliche sottili e uniformi, migliorando le prestazioni elettriche e la capacit\u00e0 anti-interferenza del chip.<\/p>\n<p>Settore aerospaziale: \u00e8 possibile preparare speciali rivestimenti protettivi per apparecchiature aerospaziali, con l&#8217;aiuto di film sottili generati dallo sputtering di bersagli di lega, migliorando efficacemente la resistenza alle alte temperature, la resistenza alla corrosione e la resistenza alle radiazioni del materiale, garantendo il funzionamento affidabile dei componenti chiave in ambienti estremi.<\/p>\n<h2><span style=\"font-size: 14pt;\">Controllo qualit\u00e0<\/span><\/h2>\n<p>Implementiamo il <span style=\"color: #0000ff;\"><a style=\"color: #0000ff;\" href=\"https:\/\/vimaterial.de\/en\/quality-control\/\">pi\u00f9 rigoroso<\/a> <\/span>sistema di gestione della qualit\u00e0 per ogni lotto di prodotti, con registrazioni complete dalle materie prime ai prodotti finali per una facile tracciabilit\u00e0. Adottiamo rigorose misure di segregazione per la gestione dei prodotti non conformi per garantire che nessuno dei prodotti non conformi confluisca nel processo successivo. <\/p>\n<h2><span style=\"font-size: 14pt;\">Imballaggio e stoccaggio<\/span><\/h2>\n<p>I bersagli sputtering in lega di nichel-tantalio sono confezionati in doppi sacchetti sottovuoto e poi inscatolati, all&#8217;esterno in cartoni.<\/p>\n<p>I bersagli sputtering in lega di nichel-tantalio devono essere conservati in un ambiente asciutto, pulito e ben ventilato con temperatura e umidit\u00e0 relativamente stabili, evitando il contatto con sostanze corrosive, prevenendo l&#8217;ossidazione dovuta all&#8217;umidit\u00e0 e all&#8217;impatto fisico per garantire che le propriet\u00e0 fisiche e chimiche dei bersagli non vengano danneggiate.<\/p>\n","protected":false},"excerpt":{"rendered":"<p>I bersagli sputtering in <a href=\"https:\/\/vimaterial.de\/en\/product\/nickel-terbium-alloy\/\"><span style=\"color: #0000ff;\">lega di nichel-tantalio<\/span><\/a> sono materiali chiave con specifiche propriet\u00e0 fisico-chimiche che forniscono una fonte di leghe di nichel-tanralum per la preparazione di film sottili di alta qualit\u00e0 nel processo di rivestimento sputtering.<\/p>\n<p>VIMATERIAL offre bersagli sputtering in lega di nichel-tantalio. I nostri bersagli sputtering in lega di nichel-tantalio hanno una composizione uniforme e stabile, alte densit\u00e0, buoni tassi di sputtering, basso contenuto di impurit\u00e0 e possiamo anche fornire servizi di legatura del bersaglio. Abbiamo un team di ricerca e sviluppo professionale, siamo in grado di personalizzare e sviluppare vari prodotti, vi preghiamo di <span style=\"color: #0000ff;\"><a style=\"color: #0000ff;\" href=\"https:\/\/vimaterial.de\/en\/contact-us\/\">contattarci<\/a><\/span> se necessario.  <\/p>\n","protected":false},"featured_media":1002788,"comment_status":"open","ping_status":"closed","template":"","meta":{"_acf_changed":false},"product_brand":[],"product_cat":[197],"product_tag":[],"class_list":{"0":"post-1015541","1":"product","2":"type-product","3":"status-publish","4":"has-post-thumbnail","6":"product_cat-obiettivi-di-sputtering-planari","8":"first","9":"instock","10":"shipping-taxable","11":"purchasable","12":"product-type-variable"},"acf":[],"_links":{"self":[{"href":"https:\/\/vimaterial.de\/it\/wp-json\/wp\/v2\/product\/1015541","targetHints":{"allow":["GET"]}}],"collection":[{"href":"https:\/\/vimaterial.de\/it\/wp-json\/wp\/v2\/product"}],"about":[{"href":"https:\/\/vimaterial.de\/it\/wp-json\/wp\/v2\/types\/product"}],"replies":[{"embeddable":true,"href":"https:\/\/vimaterial.de\/it\/wp-json\/wp\/v2\/comments?post=1015541"}],"wp:featuredmedia":[{"embeddable":true,"href":"https:\/\/vimaterial.de\/it\/wp-json\/wp\/v2\/media\/1002788"}],"wp:attachment":[{"href":"https:\/\/vimaterial.de\/it\/wp-json\/wp\/v2\/media?parent=1015541"}],"wp:term":[{"taxonomy":"product_brand","embeddable":true,"href":"https:\/\/vimaterial.de\/it\/wp-json\/wp\/v2\/product_brand?post=1015541"},{"taxonomy":"product_cat","embeddable":true,"href":"https:\/\/vimaterial.de\/it\/wp-json\/wp\/v2\/product_cat?post=1015541"},{"taxonomy":"product_tag","embeddable":true,"href":"https:\/\/vimaterial.de\/it\/wp-json\/wp\/v2\/product_tag?post=1015541"}],"curies":[{"name":"wp","href":"https:\/\/api.w.org\/{rel}","templated":true}]}}