{"id":1015528,"date":"2024-06-17T14:54:15","date_gmt":"2024-06-17T06:54:15","guid":{"rendered":"https:\/\/vimaterial.de\/product\/lega-di-nichel-e-titanio-4\/"},"modified":"2025-04-15T13:37:29","modified_gmt":"2025-04-15T05:37:29","slug":"lega-di-nichel-e-titanio-4","status":"publish","type":"product","link":"https:\/\/vimaterial.de\/it\/product\/lega-di-nichel-e-titanio-4\/","title":{"rendered":"Lega di nichel titanio"},"content":{"rendered":"<p>Il bersaglio sputtering in <span style=\"color: #0000ff;\"><a style=\"color: #0000ff;\" href=\"https:\/\/vimaterial.de\/en\/product\/nickel-titanium-alloy-3\/\">lega di nichel-titanio<\/a><\/span> \u00e8 un bersaglio in lega composto da nichel e titanio con buone prestazioni di sputtering, in grado di depositare uniformemente componenti in lega di nichel-titanio sul materiale del substrato attraverso il processo di deposizione fisica da vapore in un ambiente sottovuoto, fornendo materiali a film sottile con effetto memoria di forma, buone propriet\u00e0 meccaniche e resistenza alla corrosione per i campi della biomedicina,  aerospaziale ed elettronica.<\/p>\n<p>VIMATERIAL fornisce bersagli sputtering in lega di nichel-titanio con varie purezze, i nostri bersagli sputtering in lega di nichel-titanio hanno densit\u00e0 elevate, buone superfici del prodotto, propriet\u00e0 stabili del prodotto e possiamo anche fornire servizi di rilegatura del target. Abbiamo un team di ricerca e sviluppo professionale, siamo in grado di personalizzare e sviluppare vari prodotti, vi preghiamo di <span style=\"color: #0000ff;\"><a style=\"color: #0000ff;\" href=\"https:\/\/vimaterial.de\/en\/contact-us\/\">contattarci<\/a><\/span> se necessario. <\/p>\n<h2><span style=\"font-size: 14pt;\">Propriet\u00e0 fisiche<\/span><\/h2>\n<p>Formula molecolare: NiTi<\/p>\n<p>Peso molecolare: circa 106,56<\/p>\n<p>Aspetto: Tipicamente grigio argento lucido metallizzato.<\/p>\n<p>Densit\u00e0: La densit\u00e0 \u00e8 di circa 6,45 g\/cm\u00b3.<\/p>\n<p>Punto di fusione: generalmente tra 1240\u00b0C-1310\u00b0C.<\/p>\n<p>Punto di ebollizione: circa 2980\u00b0C.<\/p>\n<p>Struttura cristallina: ha un effetto di memoria di forma unico e una super elasticit\u00e0 e la sua struttura cristallina subir\u00e0 una trasformazione in fase martensitica a diverse temperature. A basse temperature, \u00e8 una fase martensitica con struttura monoclina, e quando la temperatura sale di un certo grado, si trasformer\u00e0 in una fase austenitica con struttura cubica. <\/p>\n<h2><span style=\"font-size: 14pt;\">Applicazioni<\/span><\/h2>\n<p>Campo dell&#8217;informazione elettronica: utilizzato nella produzione di dispositivi a semiconduttore nel film, pu\u00f2 migliorare le prestazioni e la miniaturizzazione del chip.<\/p>\n<p>Industria dei display a schermo piatto: pu\u00f2 essere utilizzato come preparazione di una pellicola conduttiva trasparente nei materiali del dispositivo di visualizzazione, per migliorare l&#8217;effetto di visualizzazione e la velocit\u00e0 di risposta dello schermo.<\/p>\n<p>Campo dell&#8217;energia solare: pu\u00f2 essere utilizzato nella preparazione dei pannelli solari in parte della funzione del film, aiuta a migliorare l&#8217;efficienza di conversione fotoelettrica.<br \/>\nRivestimento ottico: pu\u00f2 essere utilizzato nella produzione di strumenti ottici, apparecchiature laser, specchi e pellicole di miglioramento della trasmittanza, ecc., Per migliorare le prestazioni ottiche.<\/p>\n<p>Aerospaziale: con una buona resistenza alla corrosione e propriet\u00e0 meccaniche, pu\u00f2 essere utilizzato per produrre rivestimenti protettivi sulla superficie di alcuni componenti chiave nei veicoli aerospaziali.<\/p>\n<p>Automotive: pu\u00f2 essere utilizzato per il rivestimento superficiale di motori automobilistici, trasmissioni e altre parti per migliorarne la resistenza all&#8217;usura e alla corrosione.<br \/>\nCampo medico: utilizzando il suo effetto memoria di forma e la sua biocompatibilit\u00e0, pu\u00f2 essere utilizzato per produrre dispositivi medici come stent vascolari e fili ortodontici.<\/p>\n<h2><span style=\"font-size: 14pt;\">Controllo qualit\u00e0<\/span><\/h2>\n<p>Implementiamo il <span style=\"color: #0000ff;\"><a style=\"color: #0000ff;\" href=\"https:\/\/vimaterial.de\/en\/quality-control\/\">pi\u00f9 rigoroso<\/a> <\/span>sistema di gestione della qualit\u00e0 per ogni lotto di prodotti, con registrazioni complete dalle materie prime ai prodotti finali per una facile tracciabilit\u00e0. Adottiamo rigorose misure di segregazione per la gestione dei prodotti non conformi per garantire che nessuno dei prodotti non conformi confluisca nel processo successivo. <\/p>\n<h2><span style=\"font-size: 14pt;\">Imballaggio e stoccaggio<\/span><\/h2>\n<p>I bersagli sputtering in lega di nichel-titanio sono confezionati in scatole posteriori con doppio sacchetto sottovuoto con un cartone esterno.<\/p>\n<p>I bersagli sputtering in lega di nichel-titanio devono essere conservati in un ambiente asciutto, fresco e ben ventilato, evitando l&#8217;umidit\u00e0 e l&#8217;ossidazione, impedendo loro di entrare in contatto con sostanze corrosive come acidi e alcali ed evitando violente collisioni meccaniche per mantenere le loro buone propriet\u00e0 fisiche e chimiche e l&#8217;integrit\u00e0 dei bersagli.<\/p>\n","protected":false},"excerpt":{"rendered":"<p>Il bersaglio sputtering in <span style=\"color: #0000ff;\"><a style=\"color: #0000ff;\" href=\"https:\/\/vimaterial.de\/en\/product\/nickel-titanium-alloy-3\/\">lega di nichel-titanio<\/a><\/span> \u00e8 un bersaglio in lega composto da nichel e titanio con buone prestazioni di sputtering, in grado di depositare uniformemente componenti in lega di nichel-titanio sul materiale del substrato attraverso il processo di deposizione fisica da vapore in un ambiente sottovuoto, fornendo materiali a film sottile con effetto memoria di forma, buone propriet\u00e0 meccaniche e resistenza alla corrosione per i campi della biomedicina,  aerospaziale ed elettronica. VIMATERIAL<\/p>\n","protected":false},"featured_media":1002811,"comment_status":"open","ping_status":"closed","template":"","meta":{"_acf_changed":false},"product_brand":[],"product_cat":[197],"product_tag":[],"class_list":{"0":"post-1015528","1":"product","2":"type-product","3":"status-publish","4":"has-post-thumbnail","6":"product_cat-obiettivi-di-sputtering-planari","8":"first","9":"instock","10":"shipping-taxable","11":"purchasable","12":"product-type-variable"},"acf":[],"_links":{"self":[{"href":"https:\/\/vimaterial.de\/it\/wp-json\/wp\/v2\/product\/1015528","targetHints":{"allow":["GET"]}}],"collection":[{"href":"https:\/\/vimaterial.de\/it\/wp-json\/wp\/v2\/product"}],"about":[{"href":"https:\/\/vimaterial.de\/it\/wp-json\/wp\/v2\/types\/product"}],"replies":[{"embeddable":true,"href":"https:\/\/vimaterial.de\/it\/wp-json\/wp\/v2\/comments?post=1015528"}],"wp:featuredmedia":[{"embeddable":true,"href":"https:\/\/vimaterial.de\/it\/wp-json\/wp\/v2\/media\/1002811"}],"wp:attachment":[{"href":"https:\/\/vimaterial.de\/it\/wp-json\/wp\/v2\/media?parent=1015528"}],"wp:term":[{"taxonomy":"product_brand","embeddable":true,"href":"https:\/\/vimaterial.de\/it\/wp-json\/wp\/v2\/product_brand?post=1015528"},{"taxonomy":"product_cat","embeddable":true,"href":"https:\/\/vimaterial.de\/it\/wp-json\/wp\/v2\/product_cat?post=1015528"},{"taxonomy":"product_tag","embeddable":true,"href":"https:\/\/vimaterial.de\/it\/wp-json\/wp\/v2\/product_tag?post=1015528"}],"curies":[{"name":"wp","href":"https:\/\/api.w.org\/{rel}","templated":true}]}}