{"id":1015524,"date":"2024-06-17T14:54:11","date_gmt":"2024-06-17T06:54:11","guid":{"rendered":"https:\/\/vimaterial.de\/product\/nichel-telluride\/"},"modified":"2025-04-15T13:41:34","modified_gmt":"2025-04-15T05:41:34","slug":"nichel-telluride","status":"publish","type":"product","link":"https:\/\/vimaterial.de\/it\/product\/nichel-telluride\/","title":{"rendered":"Tellururo di nichel"},"content":{"rendered":"<p>I granuli di <span style=\"color: #0000ff;\"><a style=\"color: #0000ff;\" href=\"https:\/\/vimaterial.de\/en\/product\/lithium-telluride\/\">tellururo di nichel<\/a><\/span> sono particelle composte costituite da nichel e tellurio, che possono essere di aspetto nero o grigio, con propriet\u00e0 semiconduttive e potenziali applicazioni in elettronica, optoelettronica, ecc. Devono essere conservati in un ambiente adatto per mantenere la loro stabilit\u00e0 chimica e le loro propriet\u00e0 fisiche. <\/p>\n<p>VIMATERIAL offre granuli in lega di nichel-terbio. I nostri granuli di lega di nichel-terbio sono caratterizzati da elevata purezza, granulometria controllata, eccellente cristallinit\u00e0 e qualit\u00e0 costante. La nostra azienda dispone di un team di ricerca e sviluppo tecnologico professionale, in grado di accettare la personalizzazione del prodotto, pu\u00f2 essere piccole quantit\u00e0 da ordinare, affrettati a <span style=\"color: #0000ff;\"><a style=\"color: #0000ff;\" href=\"https:\/\/vimaterial.de\/en\/contact-us\/\">contattarci<\/a><\/span>.  <\/p>\n<h2><span style=\"font-size: 14pt;\">Propriet\u00e0 fisiche<\/span><\/h2>\n<p>Formula molecolare: NiTe<\/p>\n<p>Peso molecolare: 186,2934<\/p>\n<p>Aspetto: particelle grumose grigie<\/p>\n<p>Punto di fusione: 860\u00b0C<\/p>\n<p>Struttura cristallina: Struttura cristallina esagonale.<\/p>\n<h2><span style=\"font-size: 14pt;\">Applicazioni<\/span><\/h2>\n<p>Elettronica: pu\u00f2 essere utilizzato nella preparazione di componenti elettronici ad alte prestazioni per migliorare la conduttivit\u00e0 e le prestazioni di trasmissione del segnale dei dispositivi elettronici.<\/p>\n<p>Accumulo di energia: come componente chiave dei materiali degli elettrodi, NiT pu\u00f2 aiutare a migliorare l&#8217;efficienza di carica e scarica e la stabilit\u00e0 del ciclo delle batterie e di altri dispositivi di accumulo di energia.<\/p>\n<p>Sintesi dei materiali: come additivo speciale, pu\u00f2 ottimizzare le propriet\u00e0 fisico-chimiche dei materiali compositi e ampliare la diversit\u00e0 funzionale dei materiali.<\/p>\n<p>Campo catalitico: spesso utilizzato come catalizzatori o co-catalizzatori, accelerando efficacemente il processo di reazioni chimiche e migliorando la selettivit\u00e0 della reazione.<\/p>\n<h2><span style=\"font-size: 14pt;\">Controllo qualit\u00e0<\/span><\/h2>\n<p>Implementiamo il pi\u00f9 rigoroso sistema di gestione della qualit\u00e0 per ogni lotto di prodotti, con registrazioni complete dalle materie prime ai prodotti finali per una facile tracciabilit\u00e0. Adottiamo rigorose misure di segregazione per la gestione dei prodotti non conformi per garantire che nessuno dei prodotti non conformi confluisca nel processo successivo. <\/p>\n<h2><span style=\"font-size: 14pt;\">Imballaggio e stoccaggio<\/span><\/h2>\n<p>I granuli di Nickel Bendururo sono forniti in sacchetti a doppio vuoto o in flaconi a doppio vuoto in cartoni esterni.<\/p>\n<p>I granuli di Nickel Telleruro devono essere conservati in un ambiente asciutto, fresco e ben ventilato, protetto da umidit\u00e0, ossidazione e contatto con acidi forti, alcali e altre sostanze corrosive, e lontano da fonti di calore e accensione, e preferibilmente in confezioni ermeticamente chiuse per garantire che la loro stabilit\u00e0 chimica e le propriet\u00e0 fisiche non siano disturbate da fattori esterni.<\/p>\n","protected":false},"excerpt":{"rendered":"<p>I granuli di <span style=\"color: #0000ff;\"><a style=\"color: #0000ff;\" href=\"https:\/\/vimaterial.de\/en\/product\/lithium-telluride\/\">tellururo di nichel<\/a><\/span> sono particelle composte costituite da nichel e tellurio, che possono essere di aspetto nero o grigio, con propriet\u00e0 semiconduttive e potenziali applicazioni in elettronica, optoelettronica, ecc. Devono essere conservati in un ambiente adatto per mantenere la loro stabilit\u00e0 chimica e le loro propriet\u00e0 fisiche. <\/p>\n","protected":false},"featured_media":1002803,"comment_status":"open","ping_status":"closed","template":"","meta":{"_acf_changed":false},"product_brand":[],"product_cat":[198],"product_tag":[],"class_list":{"0":"post-1015524","1":"product","2":"type-product","3":"status-publish","4":"has-post-thumbnail","6":"product_cat-materiali-per-levaporazione","8":"first","9":"instock","10":"shipping-taxable","11":"purchasable","12":"product-type-variable"},"acf":[],"_links":{"self":[{"href":"https:\/\/vimaterial.de\/it\/wp-json\/wp\/v2\/product\/1015524","targetHints":{"allow":["GET"]}}],"collection":[{"href":"https:\/\/vimaterial.de\/it\/wp-json\/wp\/v2\/product"}],"about":[{"href":"https:\/\/vimaterial.de\/it\/wp-json\/wp\/v2\/types\/product"}],"replies":[{"embeddable":true,"href":"https:\/\/vimaterial.de\/it\/wp-json\/wp\/v2\/comments?post=1015524"}],"wp:featuredmedia":[{"embeddable":true,"href":"https:\/\/vimaterial.de\/it\/wp-json\/wp\/v2\/media\/1002803"}],"wp:attachment":[{"href":"https:\/\/vimaterial.de\/it\/wp-json\/wp\/v2\/media?parent=1015524"}],"wp:term":[{"taxonomy":"product_brand","embeddable":true,"href":"https:\/\/vimaterial.de\/it\/wp-json\/wp\/v2\/product_brand?post=1015524"},{"taxonomy":"product_cat","embeddable":true,"href":"https:\/\/vimaterial.de\/it\/wp-json\/wp\/v2\/product_cat?post=1015524"},{"taxonomy":"product_tag","embeddable":true,"href":"https:\/\/vimaterial.de\/it\/wp-json\/wp\/v2\/product_tag?post=1015524"}],"curies":[{"name":"wp","href":"https:\/\/api.w.org\/{rel}","templated":true}]}}