{"id":1015490,"date":"2024-06-17T14:54:16","date_gmt":"2024-06-17T06:54:16","guid":{"rendered":"https:\/\/vimaterial.de\/product\/titanato-di-nichel-ossido-di-nichel-e-titanio\/"},"modified":"2025-04-15T09:28:52","modified_gmt":"2025-04-15T01:28:52","slug":"titanato-di-nichel-ossido-di-nichel-e-titanio","status":"publish","type":"product","link":"https:\/\/vimaterial.de\/it\/product\/titanato-di-nichel-ossido-di-nichel-e-titanio\/","title":{"rendered":"Titanato di nichel (ossido di nichel titanio)"},"content":{"rendered":"<p>La polvere di titanato di nichel \u00e8 una polvere fine composta da nichel e titanato, bianco-grigiastro o marrone chiaro, con elevata stabilit\u00e0 chimica, propriet\u00e0 elettromagnetiche speciali, nei componenti elettronici, nei catalizzatori, nei materiali ceramici e in molte altre aree che svolgono un ruolo importante.<\/p>\n<p>VIMATERIAL offre polvere di titanato di nichel, la nostra polvere di titanato di nichel \u00e8 uniforme nella dimensione delle particelle, stabile nelle prestazioni e pu\u00f2 essere ordinata in piccole quantit\u00e0 con tempi di consegna brevi. Abbiamo un team di ricerca e sviluppo professionale, siamo in grado di personalizzare e sviluppare vari prodotti, vi preghiamo di <span style=\"color: #0000ff;\"><a style=\"color: #0000ff;\" href=\"https:\/\/vimaterial.de\/en\/contact-us\/\">contattarci<\/a><\/span> se necessario. <\/p>\n<h2><span style=\"font-size: 14pt;\">Propriet\u00e0 fisiche<\/span><\/h2>\n<p>Formula molecolare: NiV<\/p>\n<p>Peso molecolare: 109,6349<\/p>\n<p>Aspetto: Solitamente granulare grigio argento<\/p>\n<p>Densit\u00e0: circa 8,0 &#8211; 8,5 g\/cm\u00b3.<\/p>\n<p>Punto di fusione: circa tra 1400\u00b0C &#8211; 1500\u00b0C<\/p>\n<p>Punto di ebollizione: solitamente sopra i 3000\u00b0C<\/p>\n<p>Struttura cristallina: Le leghe di nichel-vanadio hanno una struttura reticolare cubica a facce centrate. In questa struttura gli atomi si trovano agli otto angoli superiori e ai centri delle sei facce del cubo, e questa struttura compatta conferisce alla lega un&#8217;elevata resistenza e una buona tenacit\u00e0. <\/p>\n<h2><span style=\"font-size: 14pt;\">Applicazioni<\/span><\/h2>\n<p>Elettronica: pu\u00f2 essere utilizzato per produrre condensatori, con le sue buone propriet\u00e0 dielettriche, pu\u00f2 immagazzinare efficacemente la carica, migliorare la stabilit\u00e0 del circuito delle apparecchiature elettroniche.<\/p>\n<p>Ceramica: utilizzata come additivo nei materiali ceramici per migliorare la durezza e la tenacit\u00e0 della ceramica regolando la struttura cristallina della ceramica per produrre strumenti in ceramica di alta qualit\u00e0 e parti in ceramica resistenti all&#8217;usura.<\/p>\n<p>Campo di materiali elettromagnetici: utilizzato nella preparazione di materiali magnetici, utilizzando le sue speciali propriet\u00e0 magnetiche, aiuta a produrre nuclei di trasformatori ad alta frequenza e a migliorare l&#8217;efficienza della conversione elettromagnetica.<\/p>\n<p>Ottica: Utilizzata nella produzione di rivestimenti ottici per migliorare le prestazioni ottiche degli strumenti ottici realizzando filtri basati sul loro assorbimento e riflessione della luce a lunghezze d&#8217;onda specifiche.<\/p>\n<h2><span style=\"font-size: 14pt;\">Controllo qualit\u00e0<\/span><\/h2>\n<p>Implementiamo il <span style=\"color: #0000ff;\"><a style=\"color: #0000ff;\" href=\"https:\/\/vimaterial.de\/en\/quality-control\/\">pi\u00f9 rigoroso<\/a><\/span> sistema di gestione della qualit\u00e0 per ogni lotto di prodotti, con registrazioni complete dalle materie prime ai prodotti finali per una facile tracciabilit\u00e0. Adottiamo rigorose misure di segregazione per la gestione dei prodotti non conformi per garantire che nessuno dei prodotti non conformi confluisca nel processo successivo. <\/p>\n<h2><span style=\"font-size: 14pt;\">Imballaggio e stoccaggio<\/span><\/h2>\n<p>Le polveri di Nichel Titanato sono fornite in sacchetti a doppio vuoto o in flaconi a doppio vuoto con un cartone esterno.<\/p>\n<p>Le polveri di nichel titanato devono essere conservate in un ambiente asciutto, fresco e ventilato in contenitori sigillati, lontano da fuoco, acqua, acidi, alcali e agenti ossidanti forti per garantire che siano protetti dall&#8217;umidit\u00e0 e dall&#8217;ossidazione per mantenerne la stabilit\u00e0.<\/p>\n","protected":false},"excerpt":{"rendered":"<p>La polvere di titanato di nichel \u00e8 una polvere fine composta da nichel e titanato, bianco-grigiastro o marrone chiaro, con elevata stabilit\u00e0 chimica, propriet\u00e0 elettromagnetiche speciali, nei componenti elettronici, nei catalizzatori, nei materiali ceramici e in molte altre aree che svolgono un ruolo importante.<\/p>\n","protected":false},"featured_media":1002825,"comment_status":"open","ping_status":"closed","template":"","meta":{"_acf_changed":false},"product_brand":[],"product_cat":[206],"product_tag":[],"class_list":{"0":"post-1015490","1":"product","2":"type-product","3":"status-publish","4":"has-post-thumbnail","6":"product_cat-altri-materiali","8":"first","9":"instock","10":"shipping-taxable","11":"product-type-variable"},"acf":[],"_links":{"self":[{"href":"https:\/\/vimaterial.de\/it\/wp-json\/wp\/v2\/product\/1015490","targetHints":{"allow":["GET"]}}],"collection":[{"href":"https:\/\/vimaterial.de\/it\/wp-json\/wp\/v2\/product"}],"about":[{"href":"https:\/\/vimaterial.de\/it\/wp-json\/wp\/v2\/types\/product"}],"replies":[{"embeddable":true,"href":"https:\/\/vimaterial.de\/it\/wp-json\/wp\/v2\/comments?post=1015490"}],"wp:featuredmedia":[{"embeddable":true,"href":"https:\/\/vimaterial.de\/it\/wp-json\/wp\/v2\/media\/1002825"}],"wp:attachment":[{"href":"https:\/\/vimaterial.de\/it\/wp-json\/wp\/v2\/media?parent=1015490"}],"wp:term":[{"taxonomy":"product_brand","embeddable":true,"href":"https:\/\/vimaterial.de\/it\/wp-json\/wp\/v2\/product_brand?post=1015490"},{"taxonomy":"product_cat","embeddable":true,"href":"https:\/\/vimaterial.de\/it\/wp-json\/wp\/v2\/product_cat?post=1015490"},{"taxonomy":"product_tag","embeddable":true,"href":"https:\/\/vimaterial.de\/it\/wp-json\/wp\/v2\/product_tag?post=1015490"}],"curies":[{"name":"wp","href":"https:\/\/api.w.org\/{rel}","templated":true}]}}