{"id":1015476,"date":"2024-06-17T14:55:12","date_gmt":"2024-06-17T06:55:12","guid":{"rendered":"https:\/\/vimaterial.de\/product\/lega-di-nichel-e-vanadio-2\/"},"modified":"2025-04-15T09:14:31","modified_gmt":"2025-04-15T01:14:31","slug":"lega-di-nichel-e-vanadio-2","status":"publish","type":"product","link":"https:\/\/vimaterial.de\/it\/product\/lega-di-nichel-e-vanadio-2\/","title":{"rendered":"Lega di nichel vanadio"},"content":{"rendered":"<p><span style=\"color: #0000ff;\"><a style=\"color: #0000ff;\" href=\"https:\/\/vimaterial.de\/en\/product\/nickel-vanadium-alloy\/\">Nichel vanadio<\/a><\/span> Il bersaglio per sputtering in lega \u00e8 un materiale in lega composto da nichel e vanadio, con buone prestazioni di sputtering, pu\u00f2 essere depositato uniformemente sulla superficie del substrato mediante deposizione fisica di vapore in ambiente sottovuoto, fornendo film sottili di alta qualit\u00e0 per l&#8217;elettronica, l&#8217;ottica e molti altri campi.<\/p>\n<p>VIMATERIAL fornisce lega di nichel vanadio, abbiamo un team di ricerca e sviluppo tecnico professionale, accettiamo tutti i tipi di personalizzazione e ricerca e sviluppo e abbiamo un piccolo MOQ, l&#8217;imballaggio pu\u00f2 essere modificato in base alle esigenze, in caso di domande, puoi <span style=\"color: #0000ff;\"><a style=\"color: #0000ff;\" href=\"https:\/\/vimaterial.de\/en\/contact-us\/\">contattarci.<\/a><\/span><\/p>\n<h2><span style=\"font-size: 14pt;\">Propriet\u00e0 fisiche<\/span><\/h2>\n<p>Formula molecolare: NiV<\/p>\n<p>Peso molecolare: circa 109,63<\/p>\n<p>Aspetto: Bersaglio generalmente grigio argenteo metallizzato.<\/p>\n<p>Densit\u00e0: circa 8,0 g\/cm\u00b3.<\/p>\n<p>Punto di fusione: Punto di fusione pi\u00f9 alto, circa 1350\u00b0C<\/p>\n<p>Struttura cristallina: struttura cristallina cubica solitamente a facce centrate<\/p>\n<h2><span style=\"font-size: 14pt;\">Applicazioni<\/span><\/h2>\n<p>Elettronica: Utilizzato per la preparazione di strati di interconnessione metallica nei circuiti integrati nel campo dell&#8217;elettronica, con la sua buona conduttivit\u00e0 elettrica e stabilit\u00e0 termica, riducendo efficacemente il ritardo di trasmissione del segnale e migliorando l&#8217;affidabilit\u00e0 del circuito.<\/p>\n<p>Industria dei semiconduttori: nella produzione di semiconduttori, i bersagli sputtering vengono utilizzati per depositare sottili film metallici come elettrodi di contatto per dispositivi a semiconduttore, migliorando le prestazioni e l&#8217;efficienza dei dispositivi a semiconduttore controllando con precisione lo spessore e l&#8217;uniformit\u00e0 dei film.<\/p>\n<p>Campo di registrazione magnetico: utilizzato nella produzione di supporti di registrazione magnetici, lo sputtering di pellicole magnetiche con elevata permeabilit\u00e0 e bassa coercitivit\u00e0 consente l&#8217;archiviazione di dati ad alta densit\u00e0 e la lettura e scrittura rapida dei dati.<\/p>\n<p>Campo ottico: nel rivestimento ottico, pu\u00f2 essere utilizzato per depositare pellicole ottiche, come pellicole antiriflesso o di miglioramento della trasmittanza su lenti e filtri ottici, per migliorare la trasmittanza e la qualit\u00e0 dell&#8217;immagine degli elementi ottici.<\/p>\n<p>Tecnologia di visualizzazione: nelle tecnologie di visualizzazione come i display a cristalli liquidi (LCD) e i display a diodi organici a emissione di luce (OLED), i target di sputtering vengono utilizzati per preparare elettrodi e pellicole conduttive per fornire ai display propriet\u00e0 elettriche stabili ed effetti di emissione della luce uniformi.<\/p>\n<h2><span style=\"font-size: 14pt;\">Controllo qualit\u00e0<\/span><\/h2>\n<p>Implementiamo il <span style=\"color: #0000ff;\"><a style=\"color: #0000ff;\" href=\"https:\/\/vimaterial.de\/en\/quality-control\/\">pi\u00f9 rigoroso<\/a><\/span> sistema di gestione della qualit\u00e0 per ogni lotto di prodotti, con registrazioni complete dalle materie prime ai prodotti finali per una facile tracciabilit\u00e0. Adottiamo rigorose misure di segregazione per la gestione dei prodotti non conformi per garantire che nessuno dei prodotti non conformi confluisca nel processo successivo. <\/p>\n<h2><span style=\"font-size: 14pt;\">Imballaggio e stoccaggio<\/span><\/h2>\n<p>I bersagli sputtering in lega di nichel-vanadio sono confezionati in scatole a doppio sacchetto sottovuoto con un cartone esterno.<\/p>\n<p>I bersagli sputtering in lega di nichel-vanadio devono essere conservati in un ambiente asciutto, fresco, ben ventilato e pulito, evitando umidit\u00e0, ossidazione e danni meccanici e lontano da sostanze corrosive come acidi, alcali e altre sostanze corrosive, alte temperature, aree ad alta umidit\u00e0 e allo stesso tempo devono adottare un imballaggio appropriato o misure protettive per evitare che la superficie venga contaminata per garantire che le sue propriet\u00e0 fisiche e chimiche siano stabili.<\/p>\n","protected":false},"excerpt":{"rendered":"<p><span style=\"color: #0000ff;\"><a style=\"color: #0000ff;\" href=\"https:\/\/vimaterial.de\/en\/product\/nickel-vanadium-alloy\/\">Nichel vanadio<\/a><\/span> Il bersaglio per sputtering in lega \u00e8 un materiale in lega composto da nichel e vanadio, con buone prestazioni di sputtering, pu\u00f2 essere depositato uniformemente sulla superficie del substrato mediante deposizione fisica di vapore in ambiente sottovuoto, fornendo film sottili di alta qualit\u00e0 per l&#8217;elettronica, l&#8217;ottica e molti altri campi.<\/p>\n","protected":false},"featured_media":1002847,"comment_status":"open","ping_status":"closed","template":"","meta":{"_acf_changed":false},"product_brand":[],"product_cat":[197],"product_tag":[],"class_list":{"0":"post-1015476","1":"product","2":"type-product","3":"status-publish","4":"has-post-thumbnail","6":"product_cat-obiettivi-di-sputtering-planari","8":"first","9":"instock","10":"shipping-taxable","11":"purchasable","12":"product-type-variable"},"acf":[],"_links":{"self":[{"href":"https:\/\/vimaterial.de\/it\/wp-json\/wp\/v2\/product\/1015476","targetHints":{"allow":["GET"]}}],"collection":[{"href":"https:\/\/vimaterial.de\/it\/wp-json\/wp\/v2\/product"}],"about":[{"href":"https:\/\/vimaterial.de\/it\/wp-json\/wp\/v2\/types\/product"}],"replies":[{"embeddable":true,"href":"https:\/\/vimaterial.de\/it\/wp-json\/wp\/v2\/comments?post=1015476"}],"wp:featuredmedia":[{"embeddable":true,"href":"https:\/\/vimaterial.de\/it\/wp-json\/wp\/v2\/media\/1002847"}],"wp:attachment":[{"href":"https:\/\/vimaterial.de\/it\/wp-json\/wp\/v2\/media?parent=1015476"}],"wp:term":[{"taxonomy":"product_brand","embeddable":true,"href":"https:\/\/vimaterial.de\/it\/wp-json\/wp\/v2\/product_brand?post=1015476"},{"taxonomy":"product_cat","embeddable":true,"href":"https:\/\/vimaterial.de\/it\/wp-json\/wp\/v2\/product_cat?post=1015476"},{"taxonomy":"product_tag","embeddable":true,"href":"https:\/\/vimaterial.de\/it\/wp-json\/wp\/v2\/product_tag?post=1015476"}],"curies":[{"name":"wp","href":"https:\/\/api.w.org\/{rel}","templated":true}]}}