{"id":1015423,"date":"2024-06-17T14:55:14","date_gmt":"2024-06-17T06:55:14","guid":{"rendered":"https:\/\/vimaterial.de\/product\/metallo-di-rame-6\/"},"modified":"2025-04-15T09:04:54","modified_gmt":"2025-04-15T01:04:54","slug":"metallo-di-rame-6","status":"publish","type":"product","link":"https:\/\/vimaterial.de\/it\/product\/metallo-di-rame-6\/","title":{"rendered":"Rame metallico"},"content":{"rendered":"<p><span style=\"color: #0000ff;\"><a style=\"color: #0000ff;\" href=\"https:\/\/vimaterial.de\/en\/search\/?type=element&amp;keyword=Cu\">Rame Metallo <\/a><\/span>La piastra di supporto \u00e8 un tipo di backsheet realizzato principalmente in rame metallico, che ha una buona conduttivit\u00e0 elettrica, conduttivit\u00e0 termica e resistenza meccanica, con superficie piana e pu\u00f2 fornire un supporto fisico affidabile, schermatura elettromagnetica e un&#8217;efficiente conduzione del calore per dispositivi elettronici e svolge un ruolo importante nel fotovoltaico, nella comunicazione elettronica e in altri campi.<\/p>\n<p>Le piastre di supporto in rame di VIMARERIAL sono caratterizzate da elevate velocit\u00e0 di trasmissione, basso costo, alta efficienza, buona dissipazione del calore, cablaggio flessibile e ridotte perdite di trasmissione.<\/p>\n<h2><span style=\"font-size: 14pt;\">Perch\u00e9 utilizzare il rame come materiale di destinazione per la piastra di supporto?<\/span><\/h2>\n<p>Conduttivit\u00e0 termica: il rame viene utilizzato come backsheet per la sua eccellente conduttivit\u00e0 termica, che pu\u00f2 rimuovere rapidamente il calore generato dal bersaglio durante lo sputtering, prevenendo il surriscaldamento del bersaglio e garantendo la stabilit\u00e0 del processo di sputtering.<\/p>\n<p>Conduttivit\u00e0: poich\u00e9 il rame metallico ha una buona conduttivit\u00e0, pu\u00f2 garantire un efficace bombardamento ionico e trasferimento di carica in ambienti di sputtering ad alta tensione e ad alto vuoto, il che favorisce uno sputtering stabile e garantisce la qualit\u00e0 del film.<\/p>\n<p>Resistenza meccanica: il rame metallico ha una resistenza meccanica sufficiente per fornire un solido supporto al materiale target, resistere alle sollecitazioni meccaniche e agli urti durante lo sputtering e prevenire la deformazione o la rottura del materiale target.<\/p>\n<p>Prestazioni di elaborazione: il rame \u00e8 facile da lavorare in varie forme e dimensioni, il che \u00e8 conveniente per la produzione di backsheet con requisiti diversi e il suo processo di legatura con il materiale di destinazione \u00e8 maturo, il che garantisce una connessione stretta e una conduzione del calore.<\/p>\n<p>Fattore di costo: il costo del rame \u00e8 relativamente basso e abbondante, utilizzarlo come backsheet pu\u00f2 ridurre il costo complessivo degli obiettivi di sputtering garantendo al contempo le prestazioni, che favoriscono la produzione industriale su larga scala.<\/p>\n<p>Riutilizzo: i backsheet in rame possono essere riutilizzati pi\u00f9 volte se mantenuti correttamente e devono essere controllati solo per la conformit\u00e0 agli indicatori di prestazione, il che riduce ulteriormente i costi di produzione.<\/p>\n<h2><span style=\"font-size: 14pt;\">Il rame come metodo di legatura della piastra di supporto?<\/span><\/h2>\n<p>Brasatura: il materiale di brasatura con punto di fusione inferiore viene fuso mediante riscaldamento, riempiendo lo spazio tra il foglio di rame e il materiale di destinazione e formando una connessione solida dopo il raffreddamento, compresa la brasatura convenzionale e la brasatura a induzione.<\/p>\n<p>Saldatura a diffusione: a temperatura, pressione e tempo specifici, gli atomi sulle superfici di contatto del backsheet di rame e del materiale target possono diffondersi l&#8217;uno nell&#8217;altro per ottenere una connessione stretta.<\/p>\n<p>Incollaggio meccanico:<\/p>\n<p>Connessione bullonata: i fori per le viti sono previsti ai bordi del backsheet in rame e del materiale target, che sono fissati con bulloni, dadi e rondelle, con guarnizioni per garantire la tenuta e la conduzione termica.<\/p>\n<p>Dispositivo di bloccaggio: utilizzare un dispositivo speciale per bloccare la piastra di supporto in rame e il materiale target, applicare una forza di serraggio per adattarli, prestare attenzione all&#8217;uniformit\u00e0 della pressione.<\/p>\n<p>Incollaggio: utilizzare una buona colla conduttiva e resistente alle alte temperature per incollare il backsheet di rame e il materiale target, operazione semplice ma elevata richiesta di colla.<\/p>\n<p>Pressione isostatica termica: nell&#8217;ambiente ad alta temperatura e alta pressione per rendere il backplane in rame e il materiale target strettamente combinati, pu\u00f2 eliminare la porosit\u00e0 e i difetti dell&#8217;interfaccia.<\/p>\n<p>Saldatura laser: utilizzando un raggio laser ad alta energia per concentrarsi sulla parte di connessione, fare in modo che il materiale si sciolga per formare un giunto, velocit\u00e0 di saldatura e rigoroso controllo dei parametri.<\/p>\n","protected":false},"excerpt":{"rendered":"<p><span style=\"color: #0000ff;\"><a style=\"color: #0000ff;\" href=\"https:\/\/vimaterial.de\/en\/search\/?type=element&amp;keyword=Cu\">Rame Metallo <\/a><\/span>La piastra di supporto \u00e8 un tipo di backsheet realizzato principalmente in rame metallico, che ha una buona conduttivit\u00e0 elettrica, conduttivit\u00e0 termica e resistenza meccanica, con superficie piana e pu\u00f2 fornire un supporto fisico affidabile, schermatura elettromagnetica e un&#8217;efficiente conduzione del calore per dispositivi elettronici e svolge un ruolo importante nel fotovoltaico, nella comunicazione elettronica e in altri campi.<\/p>\n","protected":false},"featured_media":1002874,"comment_status":"open","ping_status":"closed","template":"","meta":{"_acf_changed":false},"product_brand":[],"product_cat":[165],"product_tag":[],"class_list":{"0":"post-1015423","1":"product","2":"type-product","3":"status-publish","4":"has-post-thumbnail","6":"product_cat-senza-categoria","8":"first","9":"instock","10":"shipping-taxable","11":"purchasable","12":"product-type-variable"},"acf":[],"_links":{"self":[{"href":"https:\/\/vimaterial.de\/it\/wp-json\/wp\/v2\/product\/1015423","targetHints":{"allow":["GET"]}}],"collection":[{"href":"https:\/\/vimaterial.de\/it\/wp-json\/wp\/v2\/product"}],"about":[{"href":"https:\/\/vimaterial.de\/it\/wp-json\/wp\/v2\/types\/product"}],"replies":[{"embeddable":true,"href":"https:\/\/vimaterial.de\/it\/wp-json\/wp\/v2\/comments?post=1015423"}],"wp:featuredmedia":[{"embeddable":true,"href":"https:\/\/vimaterial.de\/it\/wp-json\/wp\/v2\/media\/1002874"}],"wp:attachment":[{"href":"https:\/\/vimaterial.de\/it\/wp-json\/wp\/v2\/media?parent=1015423"}],"wp:term":[{"taxonomy":"product_brand","embeddable":true,"href":"https:\/\/vimaterial.de\/it\/wp-json\/wp\/v2\/product_brand?post=1015423"},{"taxonomy":"product_cat","embeddable":true,"href":"https:\/\/vimaterial.de\/it\/wp-json\/wp\/v2\/product_cat?post=1015423"},{"taxonomy":"product_tag","embeddable":true,"href":"https:\/\/vimaterial.de\/it\/wp-json\/wp\/v2\/product_tag?post=1015423"}],"curies":[{"name":"wp","href":"https:\/\/api.w.org\/{rel}","templated":true}]}}