{"id":1015385,"date":"2024-06-17T14:55:16","date_gmt":"2024-06-17T06:55:16","guid":{"rendered":"https:\/\/vimaterial.de\/product\/metallo-di-rame-4\/"},"modified":"2025-04-15T09:03:25","modified_gmt":"2025-04-15T01:03:25","slug":"metallo-di-rame-4","status":"publish","type":"product","link":"https:\/\/vimaterial.de\/it\/product\/metallo-di-rame-4\/","title":{"rendered":"Rame metallico"},"content":{"rendered":"<p><span style=\"color: #0000ff;\"><a style=\"color: #0000ff;\" href=\"https:\/\/vimaterial.de\/en\/product\/copper-metal\/\">La lamina metallica di rame<\/a> <\/span>\u00e8 una lamiera di rame estremamente sottile con un&#8217;eccellente conduttivit\u00e0 elettrica, conduttivit\u00e0 termica, flessibilit\u00e0, superficie piana e luminosa, che pu\u00f2 essere utilizzata in circuiti elettronici, schermatura elettromagnetica, imballaggio e decorazione e molti altri campi.<\/p>\n<p>VIMATERIAL offre una vasta gamma di fogli di rame metallico. La lamina di rame metallico lavorata dalla nostra azienda \u00e8 garantita per essere di altissima purezza, con eccellente conduttivit\u00e0 termica, superficie liscia senza difetti, buona flessibilit\u00e0, facile da lavorare e modellare e prestazioni stabili e affidabili. Accettiamo vari prodotti personalizzati, non esitate <span style=\"color: #0000ff;\"><a style=\"color: #0000ff;\" href=\"https:\/\/vimaterial.de\/en\/contact-us\/\">a contattarci<\/a><\/span>.  <\/p>\n<h2><span style=\"font-size: 14pt;\">Propriet\u00e0 fisiche<\/span><\/h2>\n<p>Formula molecolare: Cu<\/p>\n<p>Peso molecolare: 63.546<\/p>\n<p>Aspetto: Di solito sotto forma di scaglie sottili con una lucentezza metallica leggermente rossastra.<\/p>\n<p>Densit\u00e0: circa 8,89 g\/cm\u00b3 (20\u00b0C)<\/p>\n<p>Punto di fusione: circa 1083\u00b0C<\/p>\n<p>Punto di ebollizione: circa 2567\u00b0C<\/p>\n<p>Struttura cristallina: reticolo cubico a facce centrate, gli atomi di rame sono pi\u00f9 strettamente impacchettati in cubico.<\/p>\n<h2><span style=\"font-size: 14pt;\">Applicazioni<\/span><\/h2>\n<p>Campo di schermatura elettromagnetica: utilizzato nel guscio o nello strato protettivo interno delle apparecchiature elettroniche, pu\u00f2 riflettere e assorbire efficacemente le onde elettromagnetiche, proteggere l&#8217;apparecchiatura dalle interferenze elettromagnetiche esterne o prevenire la propria dispersione di radiazioni elettromagnetiche.<\/p>\n<p>Campo della cella solare: come materiale dell&#8217;elettrodo della cella solare, aiuta a raccogliere e condurre la corrente e a migliorare l&#8217;efficienza di conversione fotoelettrica della cella solare.<\/p>\n<p>Campo della batteria agli ioni di litio: utilizzato nel collettore della batteria al litio, pu\u00f2 condurre rapidamente elettroni e garantire la stabilit\u00e0 della trasmissione di corrente nel processo di carica e scarica della batteria.<\/p>\n<p>Industria automobilistica: utilizzato per il collegamento di linea e la schermatura elettromagnetica nei sistemi elettronici automobilistici e svolge anche un ruolo nella decorazione degli interni automobilistici per aumentare il senso di raffinatezza all&#8217;interno dell&#8217;auto.<\/p>\n<p>Aerospaziale: utilizzato come materiale di schermatura conduttiva ed elettromagnetica nei sistemi elettronici delle apparecchiature aerospaziali, le sue caratteristiche leggere e ad alte prestazioni aiutano a ridurre il peso dell&#8217;apparecchiatura e garantiscono il normale funzionamento del sistema.<\/p>\n<h2><span style=\"font-size: 14pt;\">Controllo qualit\u00e0<\/span><\/h2>\n<p>Implementiamo il<span style=\"color: #0000ff;\"><a style=\"color: #0000ff;\" href=\"https:\/\/vimaterial.de\/en\/quality-control\/\"> pi\u00f9 rigoroso<\/a><\/span>sistema di gestione della qualit\u00e0 per ogni lotto di prodotti, con registrazioni complete dalle materie prime ai prodotti finali per una facile tracciabilit\u00e0. Adottiamo rigorose misure di segregazione per la gestione dei prodotti non conformi per garantire che nessuno dei prodotti non conformi confluisca nel processo successivo. <\/p>\n<h2><span style=\"font-size: 14pt;\">Imballaggio e stoccaggio<\/span><\/h2>\n<p>La lamina di rame e metallo \u00e8 confezionata sottovuoto in scatole.<\/p>\n<p>La lamina di rame deve essere conservata in un ambiente asciutto, fresco e ben ventilato, lontano dalla luce solare diretta, per evitare che si verifichi umidit\u00e0, ossidazione, preferibilmente in imballaggi sigillati e lontano da sostanze chimiche corrosive e oggetti appuntiti, in modo da evitare che la pellicola venga danneggiata o reagisca chimicamente.<\/p>\n","protected":false},"excerpt":{"rendered":"<p><span style=\"color: #0000ff;\"><a style=\"color: #0000ff;\" href=\"https:\/\/vimaterial.de\/en\/product\/copper-metal\/\">La lamina metallica di rame<\/a> <\/span>\u00e8 una lamiera di rame estremamente sottile con un&#8217;eccellente conduttivit\u00e0 elettrica, conduttivit\u00e0 termica, flessibilit\u00e0, superficie piana e luminosa, che pu\u00f2 essere utilizzata in circuiti elettronici, schermatura elettromagnetica, imballaggio e decorazione e molti altri campi.<\/p>\n","protected":false},"featured_media":1002884,"comment_status":"open","ping_status":"closed","template":"","meta":{"_acf_changed":false},"product_brand":[],"product_cat":[207],"product_tag":[],"class_list":{"0":"post-1015385","1":"product","2":"type-product","3":"status-publish","4":"has-post-thumbnail","6":"product_cat-profilo","8":"first","9":"instock","10":"shipping-taxable","11":"purchasable","12":"product-type-variable"},"acf":[],"_links":{"self":[{"href":"https:\/\/vimaterial.de\/it\/wp-json\/wp\/v2\/product\/1015385","targetHints":{"allow":["GET"]}}],"collection":[{"href":"https:\/\/vimaterial.de\/it\/wp-json\/wp\/v2\/product"}],"about":[{"href":"https:\/\/vimaterial.de\/it\/wp-json\/wp\/v2\/types\/product"}],"replies":[{"embeddable":true,"href":"https:\/\/vimaterial.de\/it\/wp-json\/wp\/v2\/comments?post=1015385"}],"wp:featuredmedia":[{"embeddable":true,"href":"https:\/\/vimaterial.de\/it\/wp-json\/wp\/v2\/media\/1002884"}],"wp:attachment":[{"href":"https:\/\/vimaterial.de\/it\/wp-json\/wp\/v2\/media?parent=1015385"}],"wp:term":[{"taxonomy":"product_brand","embeddable":true,"href":"https:\/\/vimaterial.de\/it\/wp-json\/wp\/v2\/product_brand?post=1015385"},{"taxonomy":"product_cat","embeddable":true,"href":"https:\/\/vimaterial.de\/it\/wp-json\/wp\/v2\/product_cat?post=1015385"},{"taxonomy":"product_tag","embeddable":true,"href":"https:\/\/vimaterial.de\/it\/wp-json\/wp\/v2\/product_tag?post=1015385"}],"curies":[{"name":"wp","href":"https:\/\/api.w.org\/{rel}","templated":true}]}}