{"id":1015354,"date":"2024-06-17T14:55:18","date_gmt":"2024-06-17T06:55:18","guid":{"rendered":"https:\/\/vimaterial.de\/product\/metallo-di-rame-3\/"},"modified":"2025-04-15T08:56:04","modified_gmt":"2025-04-15T00:56:04","slug":"metallo-di-rame-3","status":"publish","type":"product","link":"https:\/\/vimaterial.de\/it\/product\/metallo-di-rame-3\/","title":{"rendered":"Rame metallico"},"content":{"rendered":"<p><span style=\"color: #0000ff;\"><a style=\"color: #0000ff;\" href=\"https:\/\/vimaterial.de\/it\/product\/metallo-di-rame-6\/\">I pellet metallici di rame<\/a><\/span> hanno una lucentezza metallica, una buona conduttivit\u00e0 elettrica e termica e resistenza alla corrosione e sono utilizzati nell&#8217;industria elettronica per la produzione di circuiti stampati, nell&#8217;industria chimica come catalizzatori e nell&#8217;industria delle costruzioni come materiali decorativi.<\/p>\n<p>VIMATERIAL offre una vasta gamma di pellet di rame metallico. I nostri pellet di rame metallico hanno una granularit\u00e0 uniforme e regolare, un contenuto di impurit\u00e0 molto basso, una migliore conducibilit\u00e0 elettrica e termica. Accettiamo prodotti personalizzati, non esitate <span style=\"color: #0000ff;\"><a style=\"color: #0000ff;\" href=\"https:\/\/vimaterial.de\/it\/contatto\/\">a contattarci.<\/a><\/span><\/p>\n<h2><span style=\"font-size: 14pt;\">Propriet\u00e0 fisiche<\/span><\/h2>\n<p>Formula molecolare: Cu<\/p>\n<p>Peso molecolare: circa 63,5460<\/p>\n<p>Aspetto: solitamente granulare con lucentezza metallica<\/p>\n<p>Densit\u00e0: circa 8,96 g\/cm\u00b3.<\/p>\n<p>Punto di fusione: circa 1083,4\u00b0C<\/p>\n<p>Punto di ebollizione: circa 2567\u00b0C<\/p>\n<p>Struttura cristallina: struttura cristallina cubica a facce centrate<\/p>\n<h2><span style=\"font-size: 14pt;\">Applicazioni<\/span><\/h2>\n<p>Industria elettronica: Utilizzato nella produzione di circuiti stampati (PCB) per garantire una trasmissione efficiente del segnale tra i componenti elettronici in virt\u00f9 della sua eccellente conduttivit\u00e0 elettrica.<\/p>\n<p>Apparecchiature elettriche: utilizzato in fili e cavi, la sua elevata conduttivit\u00e0 riduce efficacemente le perdite nella trasmissione di energia elettrica.<\/p>\n<p>Ingegneria meccanica: come materia prima per le leghe a base di rame, viene utilizzata nella produzione di un&#8217;ampia gamma di parti meccaniche per migliorarne la robustezza e la resistenza all&#8217;usura.<\/p>\n<p>Industria chimica: applicato come catalizzatore per accelerare le reazioni chimiche, ad esempio, svolge un ruolo chiave in alcune reazioni di sintesi organica.<\/p>\n<p>Energia: utilizzata nei materiali degli elettrodi per le batterie di nuova energia per migliorare la conduttivit\u00e0 e le prestazioni complessive delle batterie.<\/p>\n<h2><span style=\"font-size: 14pt;\">Controllo qualit\u00e0<\/span><\/h2>\n<p>Implementiamo il pi\u00f9 rigoroso<span style=\"color: #0000ff;\"><a style=\"color: #0000ff;\" href=\"https:\/\/vimaterial.de\/it\/controllo-qualita\/\">sistema di gestione<\/a><\/span> della qualit\u00e0 per ogni lotto di prodotti, con registrazioni complete dalle materie prime ai prodotti finali per una facile tracciabilit\u00e0. Adottiamo rigorose misure di segregazione per la gestione dei prodotti non conformi per garantire che nessuno dei prodotti non conformi confluisca nel processo successivo.<\/p>\n<h2><span style=\"font-size: 14pt;\">Imballaggio e stoccaggio<\/span><\/h2>\n<p>I pellet di rame metallico sono confezionati in doppi sacchetti sottovuoto o doppi flaconi sottovuoto. L&#8217;unit\u00e0 di imballaggio minima \u00e8 di 100 g\/bottiglia.<\/p>\n<p>I pellet di rame metallico devono essere conservati in un ambiente asciutto e ben ventilato, protetto dall&#8217;umidit\u00e0 e da sostanze corrosive, lontano da fonti di accensione e in contenitori sigillati per prevenire l&#8217;ossidazione e i danni fisici.<\/p>\n","protected":false},"excerpt":{"rendered":"<p><span style=\"color: #0000ff;\"><a style=\"color: #0000ff;\" href=\"https:\/\/vimaterial.de\/it\/product\/metallo-di-rame-6\/\">I pellet Rame metallico<\/a><\/span>\u00a0hanno una lucentezza metallica, una buona conduttivit\u00e0 elettrica e termica e resistenza alla corrosione e sono utilizzati nell&#8217;industria elettronica per la produzione di circuiti stampati, nell&#8217;industria chimica come catalizzatori e nell&#8217;industria delle costruzioni come materiali decorativi.<\/p>\n","protected":false},"featured_media":1002896,"comment_status":"open","ping_status":"closed","template":"","meta":{"_acf_changed":false},"product_brand":[],"product_cat":[198],"product_tag":[],"class_list":{"0":"post-1015354","1":"product","2":"type-product","3":"status-publish","4":"has-post-thumbnail","6":"product_cat-materiali-per-levaporazione","8":"first","9":"instock","10":"shipping-taxable","11":"purchasable","12":"product-type-variable"},"acf":[],"_links":{"self":[{"href":"https:\/\/vimaterial.de\/it\/wp-json\/wp\/v2\/product\/1015354","targetHints":{"allow":["GET"]}}],"collection":[{"href":"https:\/\/vimaterial.de\/it\/wp-json\/wp\/v2\/product"}],"about":[{"href":"https:\/\/vimaterial.de\/it\/wp-json\/wp\/v2\/types\/product"}],"replies":[{"embeddable":true,"href":"https:\/\/vimaterial.de\/it\/wp-json\/wp\/v2\/comments?post=1015354"}],"wp:featuredmedia":[{"embeddable":true,"href":"https:\/\/vimaterial.de\/it\/wp-json\/wp\/v2\/media\/1002896"}],"wp:attachment":[{"href":"https:\/\/vimaterial.de\/it\/wp-json\/wp\/v2\/media?parent=1015354"}],"wp:term":[{"taxonomy":"product_brand","embeddable":true,"href":"https:\/\/vimaterial.de\/it\/wp-json\/wp\/v2\/product_brand?post=1015354"},{"taxonomy":"product_cat","embeddable":true,"href":"https:\/\/vimaterial.de\/it\/wp-json\/wp\/v2\/product_cat?post=1015354"},{"taxonomy":"product_tag","embeddable":true,"href":"https:\/\/vimaterial.de\/it\/wp-json\/wp\/v2\/product_tag?post=1015354"}],"curies":[{"name":"wp","href":"https:\/\/api.w.org\/{rel}","templated":true}]}}