{"id":1015258,"date":"2024-06-17T14:55:18","date_gmt":"2024-06-17T06:55:18","guid":{"rendered":"https:\/\/vimaterial.de\/product\/metallo-di-rame\/"},"modified":"2025-04-14T18:33:38","modified_gmt":"2025-04-14T10:33:38","slug":"metallo-di-rame","status":"publish","type":"product","link":"https:\/\/vimaterial.de\/it\/product\/metallo-di-rame\/","title":{"rendered":"Rame metallico"},"content":{"rendered":"<p>Le polveri <span style=\"color: #0000ff;\"><a style=\"color: #0000ff;\" href=\"https:\/\/vimaterial.de\/it\/product\/metallo-di-rame-6\/\">di rame metallico<\/a><\/span> sono particelle fini di monomeri di rame che sono state frantumate e lavorate per produrre una buona conduttivit\u00e0 elettrica e termica e attivit\u00e0 chimica. Sono utilizzati principalmente nell&#8217;industria elettronica per produrre paste conduttive, nell&#8217;industria chimica come catalizzatori, nello stampaggio a iniezione di metalli per realizzare prodotti in rame di forma complessa e nella metallurgia delle polveri per produrre componenti a base di rame ad alte prestazioni.<\/p>\n<p>VIMATERIAL offre polveri di rame metallico. Lavoriamo polveri di rame metallico in un&#8217;ampia gamma di granulometrie, a prezzi bassi, con elevata purezza e basse impurit\u00e0, in piccole quantit\u00e0, a magazzino e su base personalizzata. <span style=\"color: #0000ff;\"><a style=\"color: #0000ff;\" href=\"https:\/\/vimaterial.de\/it\/contatto\/\"> Contattaci<\/a><\/span> per maggiori informazioni.<\/p>\n<h2><span style=\"font-size: 14pt;\">Propriet\u00e0 fisiche<\/span><\/h2>\n<p>Formula molecolare: Cu<\/p>\n<p>Peso molecolare: 63,55<\/p>\n<p>Aspetto: polvere metallica con lucentezza rossa<\/p>\n<p>Densit\u00e0: Densit\u00e0 relativa circa 8,92 g\/cm\u00b3 (acqua = 1)<\/p>\n<p>Punto di fusione: circa 1083\u00b0C<\/p>\n<p>Punto di ebollizione: circa 2567\u00b0C<\/p>\n<p>Struttura cristallina: struttura cristallina cubica a facce centrate. Nella struttura cubica a facce centrate, ogni atomo di rame \u00e8 circondato da 12 atomi di rame equidistanti e questa struttura compatta fa s\u00ec che il rame abbia una buona conduttivit\u00e0 elettrica, conducibilit\u00e0 termica e duttilit\u00e0 e altre propriet\u00e0 fisiche.<\/p>\n<h2><span style=\"font-size: 14pt;\">Applicazioni<\/span><\/h2>\n<p>Elettronica: utilizzata nella produzione di componenti elettronici nella pasta conduttiva, pu\u00f2 ottenere connessioni conduttive efficienti tra piccoli circuiti, per migliorare le prestazioni delle apparecchiature elettroniche.<\/p>\n<p>Metallurgia delle polveri: nel processo di metallurgia delle polveri, \u00e8 una materia prima chiave per la produzione di componenti a base di rame, che possono essere pressati e sinterizzati per produrre componenti meccanici di alta precisione e ad alte prestazioni.<\/p>\n<p>Industria chimica: viene utilizzato come catalizzatore in una variet\u00e0 di reazioni chimiche, come nella sintesi organica, che pu\u00f2 accelerare efficacemente il processo di reazione e migliorare l&#8217;efficienza della reazione.<\/p>\n<p>Tecnologia di stampa 3D: le polveri di rame metallico sono materiali di stampa importanti nella stampa 3D in metallo e possono essere utilizzate per produrre prodotti in rame o leghe di rame con geometrie complesse.<\/p>\n<p>Nuovo campo energetico: utilizzato come componente dei materiali degli elettrodi nella produzione di batterie, aiuta a migliorare la conduttivit\u00e0 e le prestazioni di carica\/scarica delle batterie.<\/p>\n<h2><span style=\"font-size: 14pt;\">Controllo qualit\u00e0<\/span><\/h2>\n<p>Implementiamo il pi\u00f9 rigoroso sistema di<span style=\"color: #0000ff;\"><a style=\"color: #0000ff;\" href=\"https:\/\/vimaterial.de\/it\/controllo-qualita\/\"> gestione della qualit\u00e0<\/a> <\/span>per ogni lotto di prodotti, con registrazioni complete dalle materie prime ai prodotti finali per una facile tracciabilit\u00e0. Adottiamo rigorose misure di segregazione per la gestione dei prodotti non conformi per garantire che nessuno dei prodotti non conformi confluisca nel processo successivo.<\/p>\n<h2><span style=\"font-size: 14pt;\">Imballaggio e stoccaggio<\/span><\/h2>\n<p>Le polveri di rame metallico sono confezionate in doppi sacchetti sottovuoto o doppi flaconi sottovuoto. L&#8217;unit\u00e0 di imballaggio minima \u00e8 di 100 g\/bottiglia.<\/p>\n<p>Le polveri di rame metallico devono essere conservate in un ambiente asciutto, fresco, ben ventilato e ben sigillato, lontano dal fuoco, dall&#8217;acqua e da agenti fortemente ossidanti e lontano da sostanze corrosive come acidi e alcali, e preferibilmente in contenitori protetti dall&#8217;umidit\u00e0 e dall&#8217;ossidazione, ad esempio posizionando essiccanti e gas inerti.<\/p>\n","protected":false},"excerpt":{"rendered":"<p>Le polveri <span style=\"color: #0000ff;\"><a style=\"color: #0000ff;\" href=\"https:\/\/vimaterial.de\/it\/product\/metallo-di-rame-6\/\">di rame metallico<\/a><\/span> sono particelle fini di monomeri di rame che sono state frantumate e lavorate per produrre una buona conduttivit\u00e0 elettrica e termica e attivit\u00e0 chimica. Sono utilizzati principalmente nell&#8217;industria elettronica per produrre paste conduttive, nell&#8217;industria chimica come catalizzatori, nello stampaggio a iniezione di metalli per realizzare prodotti in rame di forma complessa e nella metallurgia delle polveri per produrre componenti a base di rame ad alte prestazioni.<\/p>\n","protected":false},"featured_media":1002910,"comment_status":"open","ping_status":"closed","template":"","meta":{"_acf_changed":false},"product_brand":[],"product_cat":[212],"product_tag":[],"class_list":{"0":"post-1015258","1":"product","2":"type-product","3":"status-publish","4":"has-post-thumbnail","6":"product_cat-polvere-di-metallo-puro-e-leghe","8":"first","9":"instock","10":"shipping-taxable","11":"purchasable","12":"product-type-variable"},"acf":[],"_links":{"self":[{"href":"https:\/\/vimaterial.de\/it\/wp-json\/wp\/v2\/product\/1015258","targetHints":{"allow":["GET"]}}],"collection":[{"href":"https:\/\/vimaterial.de\/it\/wp-json\/wp\/v2\/product"}],"about":[{"href":"https:\/\/vimaterial.de\/it\/wp-json\/wp\/v2\/types\/product"}],"replies":[{"embeddable":true,"href":"https:\/\/vimaterial.de\/it\/wp-json\/wp\/v2\/comments?post=1015258"}],"wp:featuredmedia":[{"embeddable":true,"href":"https:\/\/vimaterial.de\/it\/wp-json\/wp\/v2\/media\/1002910"}],"wp:attachment":[{"href":"https:\/\/vimaterial.de\/it\/wp-json\/wp\/v2\/media?parent=1015258"}],"wp:term":[{"taxonomy":"product_brand","embeddable":true,"href":"https:\/\/vimaterial.de\/it\/wp-json\/wp\/v2\/product_brand?post=1015258"},{"taxonomy":"product_cat","embeddable":true,"href":"https:\/\/vimaterial.de\/it\/wp-json\/wp\/v2\/product_cat?post=1015258"},{"taxonomy":"product_tag","embeddable":true,"href":"https:\/\/vimaterial.de\/it\/wp-json\/wp\/v2\/product_tag?post=1015258"}],"curies":[{"name":"wp","href":"https:\/\/api.w.org\/{rel}","templated":true}]}}