{"id":1015224,"date":"2024-06-17T14:55:21","date_gmt":"2024-06-17T06:55:21","guid":{"rendered":"https:\/\/vimaterial.de\/product\/ossido-rameoso-i-3\/"},"modified":"2025-04-14T17:51:15","modified_gmt":"2025-04-14T09:51:15","slug":"ossido-rameoso-i-3","status":"publish","type":"product","link":"https:\/\/vimaterial.de\/it\/product\/ossido-rameoso-i-3\/","title":{"rendered":"Ossido rameoso (I)"},"content":{"rendered":"<p>I granuli <span style=\"color: #0000ff;\"><a style=\"color: #0000ff;\" href=\"https:\/\/vimaterial.de\/it\/product\/ossido-rameoso-i\/\">di ossido rameoso (I)<\/a><\/span> sono di colore rosso o rosso scuro e hanno propriet\u00e0 semiconduttive utili in molti settori come la conversione fotoelettrica e la catalisi.<\/p>\n<p>VIMATERIAL fornisce pellet di ossido rameoso (I) di elevata purezza e alta qualit\u00e0, forniamo granuli di ossido rameoso (I) con elevata purezza, buona granularit\u00e0, MOQ ridotto, tempi di consegna brevi e prezzo economico. Supportiamo la personalizzazione del prodotto e la ricerca e lo sviluppo, non esitate <span style=\"color: #0000ff;\"><a style=\"color: #0000ff;\" href=\"https:\/\/vimaterial.de\/it\/contatto\/\">a contattarci.<\/a><\/span><\/p>\n<h2><span style=\"font-size: 14pt;\">Propriet\u00e0 fisiche<\/span><\/h2>\n<p>Formula molecolare: Cu\u2082O<\/p>\n<p>Peso molecolare: 143,09 g\/mol<\/p>\n<p>Aspetto: particelle di solito rosso scuro o marrone scuro<\/p>\n<p>Densit\u00e0: 6,0 g\/cm\u00b3<\/p>\n<p>Punto di fusione: 1232\u00b0C<\/p>\n<p>Punto di ebollizione: 1800\u00b0C, a questa temperatura si decomporr\u00e0 in rame metallico e rilascer\u00e0 ossigeno.<\/p>\n<p>Struttura cristallina: sistema cristallino cubico, gruppo spaziale Pn3m, costante reticolare a = 4,2696 \u00c5. Gli atomi di rame sono disposti in un sottoreticolo cubico centrato sulla faccia, gli atomi di ossigeno sono disposti in un sottoreticolo cubico centrato sul corpo, dove un sottoreticolo \u00e8 traslato di un quarto lungo la diagonale del corpo rispetto all&#8217;altro sottoreticolo.<\/p>\n<h2><span style=\"font-size: 14pt;\">Applicazione<\/span><\/h2>\n<p>Campo fotovoltaico: pu\u00f2 essere utilizzato come strato assorbente della luce nelle celle solari per migliorare l&#8217;efficienza di conversione fotoelettrica.<\/p>\n<p>Campo catalitico: con le sue buone propriet\u00e0 catalitiche, pu\u00f2 essere utilizzato come catalizzatore per una variet\u00e0 di reazioni chimiche per migliorare l&#8217;efficienza della reazione.<\/p>\n<p>Campo elettronico: Grazie alla sua eccellente conduttivit\u00e0, \u00e8 adatto per la produzione di componenti elettronici, come reattori e resistori.<\/p>\n<p>Energia: pu\u00f2 essere aggiunto come agente conduttivo all&#8217;elettrodo di idrogeno impermeabile nelle celle a combustibile a idrossido alcalino per ridurre la loro polarizzazione resistiva.<\/p>\n<h2><span style=\"font-size: 14pt;\">Controllo qualit\u00e0<\/span><\/h2>\n<p>Per ogni lotto di prodotti viene implementato <span style=\"color: #0000ff;\"><a style=\"color: #0000ff;\" href=\"https:\/\/vimaterial.de\/it\/controllo-qualita\/\">il pi\u00f9 rigoroso<\/a><\/span> sistema di gestione della qualit\u00e0, con registrazioni complete dalle materie prime ai prodotti finali per una facile tracciabilit\u00e0 del prodotto. Abbiamo adottato rigorose misure di segregazione per la gestione dei prodotti non conformi per garantire che nessun singolo prodotto non conforme possa essere lasciato al processo successivo.<\/p>\n<h2><span style=\"font-size: 14pt;\">Imballaggio e stoccaggio<\/span><\/h2>\n<p>I granuli di ossido rameoso (I) sono confezionati in sacchetti sottovuoto doppi o flaconi sottovuoto doppi.<\/p>\n<p>I granuli di ossido rameoso (I) devono essere conservati in un ambiente fresco, asciutto e ben ventilato, lontano da fuoco, calore, acqua e agenti ossidanti forti e in un contenitore sigillato per evitare il deterioramento dovuto all&#8217;umidit\u00e0, all&#8217;ossidazione o alla reazione chimica con altre sostanze.<\/p>\n","protected":false},"excerpt":{"rendered":"<p>I granuli <span style=\"color: #0000ff;\"><a style=\"color: #0000ff;\" href=\"https:\/\/vimaterial.de\/it\/product\/ossido-rameoso-i\/\">di ossido rameoso (I)<\/a><\/span> sono di colore rosso o rosso scuro e hanno propriet\u00e0 semiconduttive utili in molti settori come la conversione fotoelettrica e la catalisi.<\/p>\n<p>VIMATERIAL fornisce pellet di ossido rameoso (I) di elevata purezza e alta qualit\u00e0, forniamo granuli di ossido rameoso (I) con elevata purezza, buona granularit\u00e0, MOQ ridotto, tempi di consegna brevi e prezzo economico. Supportiamo la personalizzazione del prodotto e la ricerca e lo sviluppo, non esitate <span style=\"color: #0000ff;\"><a style=\"color: #0000ff;\" href=\"https:\/\/vimaterial.de\/it\/contatto\/\">a contattarci.<\/a><\/span><\/p>\n<p>&nbsp;<\/p>\n","protected":false},"featured_media":1002957,"comment_status":"open","ping_status":"closed","template":"","meta":{"_acf_changed":false},"product_brand":[],"product_cat":[198],"product_tag":[],"class_list":{"0":"post-1015224","1":"product","2":"type-product","3":"status-publish","4":"has-post-thumbnail","6":"product_cat-materiali-per-levaporazione","8":"first","9":"instock","10":"shipping-taxable","11":"product-type-variable"},"acf":[],"_links":{"self":[{"href":"https:\/\/vimaterial.de\/it\/wp-json\/wp\/v2\/product\/1015224","targetHints":{"allow":["GET"]}}],"collection":[{"href":"https:\/\/vimaterial.de\/it\/wp-json\/wp\/v2\/product"}],"about":[{"href":"https:\/\/vimaterial.de\/it\/wp-json\/wp\/v2\/types\/product"}],"replies":[{"embeddable":true,"href":"https:\/\/vimaterial.de\/it\/wp-json\/wp\/v2\/comments?post=1015224"}],"wp:featuredmedia":[{"embeddable":true,"href":"https:\/\/vimaterial.de\/it\/wp-json\/wp\/v2\/media\/1002957"}],"wp:attachment":[{"href":"https:\/\/vimaterial.de\/it\/wp-json\/wp\/v2\/media?parent=1015224"}],"wp:term":[{"taxonomy":"product_brand","embeddable":true,"href":"https:\/\/vimaterial.de\/it\/wp-json\/wp\/v2\/product_brand?post=1015224"},{"taxonomy":"product_cat","embeddable":true,"href":"https:\/\/vimaterial.de\/it\/wp-json\/wp\/v2\/product_cat?post=1015224"},{"taxonomy":"product_tag","embeddable":true,"href":"https:\/\/vimaterial.de\/it\/wp-json\/wp\/v2\/product_tag?post=1015224"}],"curies":[{"name":"wp","href":"https:\/\/api.w.org\/{rel}","templated":true}]}}