{"id":1015201,"date":"2024-06-17T14:56:24","date_gmt":"2024-06-17T06:56:24","guid":{"rendered":"https:\/\/vimaterial.de\/product\/ossido-rameoso-i-2\/"},"modified":"2025-04-14T16:08:51","modified_gmt":"2025-04-14T08:08:51","slug":"ossido-rameoso-i-2","status":"publish","type":"product","link":"https:\/\/vimaterial.de\/it\/product\/ossido-rameoso-i-2\/","title":{"rendered":"Ossido rameoso (I)"},"content":{"rendered":"<p>Le polveri di <span style=\"color: #0000ff;\"><a style=\"color: #0000ff;\" href=\"https:\/\/vimaterial.de\/it\/product\/ossido-rameoso-i\/\">ossido rameoso (I)<\/a><\/span> sono di colore rosso o rosso scuro, insolubili in acqua, chimicamente stabili, semiconduttrici e hanno importanti applicazioni nel fotovoltaico, nella catalisi, nei rivestimenti antivegetativi e in molti altri settori.<\/p>\n<p>Forniamo un&#8217;ampia gamma di polveri di ossido rameoso (I) con elevata purezza, basso contenuto di impurit\u00e0, granulometria fine, distribuzione granulometrica controllata e prezzo basso. Le polveri di ossido rameoso (I) sono disponibili in magazzino con un piccolo MOQ e un buon servizio post-vendita. Abbiamo un team di ricerca e sviluppo tecnico professionale, puoi<span style=\"color: #0000ff;\"><a style=\"color: #0000ff;\" href=\"https:\/\/vimaterial.de\/it\/contatto\/\"> contattarci<\/a><\/span> se hai domande.<\/p>\n<h2><span style=\"font-size: 14pt;\">Propriet\u00e0 fisiche<\/span><\/h2>\n<p>Formula molecolare: Cu\u2082O<\/p>\n<p>Peso molecolare: 143,09 g\/mol<\/p>\n<p>Aspetto: solido rosso-brunastro.<\/p>\n<p>Densit\u00e0: 6,0 g\/cm\u00b3.<\/p>\n<p>Punto di fusione: 1232\u00b0C<\/p>\n<p>Punto di ebollizione: 1800\u00b0C<\/p>\n<p>Struttura cristallina: Sistema cristallino cubico, appartiene alla struttura di tipo ematite, ci sono leganti a manubri (Cu-O\u2082)\u00b3- e leganti tetraedrici (O-Cu\u2084)\u00b3\u207a nei cristalli e i quattro angoli apicali del tetraedro sono associati all&#8217;ossigeno, costituendo un anione complesso (Cu) con struttura cubica. \u2084O\u2085)\u2076-, essendo il cubo equivalente a una cella di cristallo.<\/p>\n<h2><span style=\"font-size: 14pt;\">Applicazioni<\/span><\/h2>\n<p>Campo fotovoltaico: pu\u00f2 essere utilizzato per preparare lo strato di assorbimento della luce delle celle solari e la sua adeguata larghezza di banda vietata pu\u00f2 assorbire efficacemente la luce solare, promuovere il processo di conversione fotoelettrica e migliorare l&#8217;efficienza della cella.<\/p>\n<p>Catalisi: nelle reazioni catalitiche, come alcune reazioni di ossidazione nella sintesi organica, come catalizzatore, pu\u00f2 ridurre l&#8217;energia di attivazione della reazione, accelerare il processo di reazione e migliorare la selettivit\u00e0 della reazione.<\/p>\n<p>Rivestimenti antivegetativi: se aggiunto ai rivestimenti antivegetativi per navi, rilascia lentamente ioni rame, inibisce l&#8217;adesione degli organismi marini, prolunga la durata delle navi e riduce i costi di manutenzione.<\/p>\n<p>Produzione del vetro: pu\u00f2 essere utilizzato nella produzione di vetro colorato per conferire una tinta rossastra al vetro e le sue propriet\u00e0 semiconduttive hanno potenziali applicazioni nello sviluppo di alcuni speciali vetri funzionali per modulare le propriet\u00e0 ottiche ed elettriche del vetro.<\/p>\n<h2><span style=\"font-size: 14pt;\">Controllo qualit\u00e0<\/span><\/h2>\n<p><span style=\"color: #0000ff;\"><a style=\"color: #0000ff;\" href=\"https:\/\/vimaterial.de\/it\/controllo-qualita\/\">Ogni lotto<\/a><\/span> di prodotti implementa il pi\u00f9 rigoroso sistema di controllo della qualit\u00e0, abbiamo completato i registri dei prodotti, la tracciabilit\u00e0 del prodotto con una rigorosa garanzia di qualit\u00e0. Disponiamo di un processo completo per la gestione dei prodotti non conformi e non trasmetteremo i prodotti non conformi al processo successivo. Forniamo campioni per la nuova ispezione dei clienti e supportiamo anche le organizzazioni di ispezione di terze parti designate dai clienti.<\/p>\n<h2><span style=\"font-size: 14pt;\">Imballaggio e stoccaggio<\/span><\/h2>\n<p>Le polveri di ossido rameoso (I) sono confezionate in sacchetti sottovuoto doppi o in flaconi sottovuoto doppi con cartoni esterni. L&#8217;unit\u00e0 di imballaggio minima \u00e8 di 100 g\/bottiglia.<\/p>\n<p>Le polveri di ossido rameoso (I) devono essere conservate in un ambiente asciutto, fresco, ben ventilato, al riparo dalla luce, sigillato, evitando il contatto con acidi, alcali e sostanze ossidanti, e lontano da fonti di accensione e calore, al fine di evitare il deterioramento dovuto all&#8217;umidit\u00e0, all&#8217;ossidazione o alla reazione chimica.<\/p>\n","protected":false},"excerpt":{"rendered":"<p>Le polveri di <span style=\"color: #0000ff;\"><a style=\"color: #0000ff;\" href=\"https:\/\/vimaterial.de\/it\/product\/ossido-rameoso-i\/\">ossido rameoso (I)<\/a><\/span> sono di colore rosso o rosso scuro, insolubili in acqua, chimicamente stabili, semiconduttrici e hanno importanti applicazioni nel fotovoltaico, nella catalisi, nei rivestimenti antivegetativi e in molti altri settori.<\/p>\n<p>Forniamo un&#8217;ampia gamma di polveri di ossido rameoso (I) con elevata purezza, basso contenuto di impurit\u00e0, granulometria fine, distribuzione granulometrica controllata e prezzo basso. Le polveri di ossido rameoso (I) sono disponibili in magazzino con un piccolo MOQ e un buon servizio post-vendita. Abbiamo un team di ricerca e sviluppo tecnico professionale, puoi<span style=\"color: #0000ff;\"><a style=\"color: #0000ff;\" href=\"https:\/\/vimaterial.de\/it\/contatto\/\"> contattarci<\/a><\/span> se hai domande.<\/p>\n","protected":false},"featured_media":1002964,"comment_status":"open","ping_status":"closed","template":"","meta":{"_acf_changed":false},"product_brand":[],"product_cat":[205],"product_tag":[],"class_list":{"0":"post-1015201","1":"product","2":"type-product","3":"status-publish","4":"has-post-thumbnail","6":"product_cat-materiali-ossidi-idrossidi","8":"first","9":"instock","10":"shipping-taxable","11":"purchasable","12":"product-type-variable"},"acf":[],"_links":{"self":[{"href":"https:\/\/vimaterial.de\/it\/wp-json\/wp\/v2\/product\/1015201","targetHints":{"allow":["GET"]}}],"collection":[{"href":"https:\/\/vimaterial.de\/it\/wp-json\/wp\/v2\/product"}],"about":[{"href":"https:\/\/vimaterial.de\/it\/wp-json\/wp\/v2\/types\/product"}],"replies":[{"embeddable":true,"href":"https:\/\/vimaterial.de\/it\/wp-json\/wp\/v2\/comments?post=1015201"}],"wp:featuredmedia":[{"embeddable":true,"href":"https:\/\/vimaterial.de\/it\/wp-json\/wp\/v2\/media\/1002964"}],"wp:attachment":[{"href":"https:\/\/vimaterial.de\/it\/wp-json\/wp\/v2\/media?parent=1015201"}],"wp:term":[{"taxonomy":"product_brand","embeddable":true,"href":"https:\/\/vimaterial.de\/it\/wp-json\/wp\/v2\/product_brand?post=1015201"},{"taxonomy":"product_cat","embeddable":true,"href":"https:\/\/vimaterial.de\/it\/wp-json\/wp\/v2\/product_cat?post=1015201"},{"taxonomy":"product_tag","embeddable":true,"href":"https:\/\/vimaterial.de\/it\/wp-json\/wp\/v2\/product_tag?post=1015201"}],"curies":[{"name":"wp","href":"https:\/\/api.w.org\/{rel}","templated":true}]}}