{"id":1015194,"date":"2024-06-17T14:41:35","date_gmt":"2024-06-17T06:41:35","guid":{"rendered":"https:\/\/vimaterial.de\/product\/boruro-di-ferro-4\/"},"modified":"2025-04-17T09:26:57","modified_gmt":"2025-04-17T01:26:57","slug":"boruro-di-ferro-4","status":"publish","type":"product","link":"https:\/\/vimaterial.de\/it\/product\/boruro-di-ferro-4\/","title":{"rendered":"Boruro di ferro"},"content":{"rendered":"<p>Il bersaglio sputtering del <span style=\"color: #0000ff;\"><a style=\"color: #0000ff;\" href=\"https:\/\/vimaterial.de\/en\/product\/iron-boride-3\/\">boruro di ferro<\/a> <\/span>\u00e8 un materiale composto principalmente da ferro e boro, ha un&#8217;elevata durezza, una buona resistenza all&#8217;usura e stabilit\u00e0 chimica, nel processo di sputtering pu\u00f2 essere la composizione del boruro di ferro depositata sul substrato per formare un film sottile con propriet\u00e0 speciali, che pu\u00f2 essere utilizzato in molti campi come l&#8217;elettronica, la protezione meccanica e cos\u00ec via.<\/p>\n<p>VIMATERIAL offre bersagli sputtering Iron Boride. I nostri bersagli sputtering di boruro di ferro sono caratterizzati da elevata purezza, alta densit\u00e0, buona struttura cristallina, eccellenti propriet\u00e0 del film sottile, elevata precisione dimensionale e stabilit\u00e0 allo sputtering. E possiamo anche fornire un servizio vincolante, accettiamo la vostra personalizzazione e sperimentazione, vi preghiamo di <span style=\"color: #0000ff;\"><a style=\"color: #0000ff;\" href=\"https:\/\/vimaterial.de\/en\/contact-us\/\">contattarci<\/a><\/span>!  <\/p>\n<h2><span style=\"font-size: 14pt;\">Propriet\u00e0 fisiche<\/span><\/h2>\n<p>Formula molecolare: FeB<\/p>\n<p>Peso molecolare: circa 66,7<\/p>\n<p>Aspetto: Generalmente bersaglio da grigio a nero con lucentezza metallica.<\/p>\n<p>Densit\u00e0: circa 7,15 g\/cm\u00b3.<\/p>\n<p>Punto di fusione: circa 1652\u00b0C<\/p>\n<p>Struttura cristallina: sistema cristallino ortorombico<\/p>\n<h2><span style=\"font-size: 14pt;\">Applicazioni<\/span><\/h2>\n<p>Elettronica: utilizzata nella produzione di pellicole magnetiche in dispositivi elettronici per migliorare le propriet\u00e0 elettromagnetiche dei componenti elettronici e soddisfare le esigenze di dispositivi elettronici miniaturizzati e ad alte prestazioni.<\/p>\n<p>Campo di trattamento della superficie del metallo: applicato alla superficie del metallo come materiale di rivestimento per migliorare la durezza e la resistenza all&#8217;usura del metallo e prolungarne la durata, come nell&#8217;applicazione di utensili da taglio e stampi.<\/p>\n<p>Nuovo campo energetico: pu\u00f2 essere utilizzato per preparare lo strato protettivo dei materiali degli elettrodi della batteria o dei componenti correlati, migliorare la stabilit\u00e0 e la durata della batteria e aiutare lo sviluppo di una nuova industria energetica.<\/p>\n<h2><span style=\"font-size: 14pt;\">Controllo qualit\u00e0<\/span><\/h2>\n<p><span style=\"color: #0000ff;\"><a style=\"color: #0000ff;\" href=\"https:\/\/vimaterial.de\/en\/quality-control\/\">Il controllo di qualit\u00e0<\/a><\/span> dei nostri prodotti \u00e8 molto rigoroso, dalla selezione di materie prime stabili e di elevata purezza, all&#8217;uso di attrezzature di precisione avanzate e tecnologia rigorosa per controllare accuratamente l&#8217;intero processo di produzione, all&#8217;uso di metodi di test professionali sulle propriet\u00e0 fisiche, chimiche, microstrutturali e di altro tipo del prodotto dell&#8217;intera gamma di test approfonditi,  Ogni collegamento \u00e8 rigorosamente seguire gli standard internazionali elevati, per garantire che ogni lotto di materiali consegnato con qualit\u00e0 e stabilit\u00e0 eccellenti, per fornire ai clienti una garanzia di qualit\u00e0 solida e affidabile. Ci impegniamo a garantire che ogni lotto di materiali consegnato abbia un&#8217;eccellente qualit\u00e0 e stabilit\u00e0, fornendo ai clienti una garanzia di qualit\u00e0 solida e affidabile. <\/p>\n<h2><span style=\"font-size: 14pt;\">Imballaggio e stoccaggio<\/span><\/h2>\n<p>I bersagli sputtering Iron Boride sono confezionati in sacchetti e scatole sottovuoto a doppio strato e l&#8217;esterno \u00e8 confezionato in cartoni.<\/p>\n<p>I bersagli sputtering di boruro di ferro devono essere conservati in un ambiente asciutto e ben ventilato con temperatura stabile, evitando l&#8217;umidit\u00e0 e il contatto con sostanze chimiche corrosive come acidi e alcali, oltre a evitare collisioni violente e luce solare diretta, al fine di mantenerne la stabilit\u00e0 chimica e l&#8217;integrit\u00e0 fisica e garantire che le sue prestazioni non siano compromesse.<\/p>\n","protected":false},"excerpt":{"rendered":"<p>Il bersaglio sputtering del <span style=\"color: #0000ff;\"><a style=\"color: #0000ff;\" href=\"https:\/\/vimaterial.de\/en\/product\/iron-boride-3\/\">boruro di ferro<\/a> <\/span>\u00e8 un materiale composto principalmente da ferro e boro, ha un&#8217;elevata durezza, una buona resistenza all&#8217;usura e stabilit\u00e0 chimica, nel processo di sputtering pu\u00f2 essere la composizione del boruro di ferro depositata sul substrato per formare un film sottile con propriet\u00e0 speciali, che pu\u00f2 essere utilizzato in molti campi come l&#8217;elettronica, la protezione meccanica e cos\u00ec via.<\/p>\n","protected":false},"featured_media":1001859,"comment_status":"open","ping_status":"closed","template":"","meta":{"_acf_changed":false},"product_brand":[],"product_cat":[197],"product_tag":[],"class_list":{"0":"post-1015194","1":"product","2":"type-product","3":"status-publish","4":"has-post-thumbnail","6":"product_cat-obiettivi-di-sputtering-planari","8":"first","9":"instock","10":"shipping-taxable","11":"product-type-variable"},"acf":[],"_links":{"self":[{"href":"https:\/\/vimaterial.de\/it\/wp-json\/wp\/v2\/product\/1015194","targetHints":{"allow":["GET"]}}],"collection":[{"href":"https:\/\/vimaterial.de\/it\/wp-json\/wp\/v2\/product"}],"about":[{"href":"https:\/\/vimaterial.de\/it\/wp-json\/wp\/v2\/types\/product"}],"replies":[{"embeddable":true,"href":"https:\/\/vimaterial.de\/it\/wp-json\/wp\/v2\/comments?post=1015194"}],"wp:featuredmedia":[{"embeddable":true,"href":"https:\/\/vimaterial.de\/it\/wp-json\/wp\/v2\/media\/1001859"}],"wp:attachment":[{"href":"https:\/\/vimaterial.de\/it\/wp-json\/wp\/v2\/media?parent=1015194"}],"wp:term":[{"taxonomy":"product_brand","embeddable":true,"href":"https:\/\/vimaterial.de\/it\/wp-json\/wp\/v2\/product_brand?post=1015194"},{"taxonomy":"product_cat","embeddable":true,"href":"https:\/\/vimaterial.de\/it\/wp-json\/wp\/v2\/product_cat?post=1015194"},{"taxonomy":"product_tag","embeddable":true,"href":"https:\/\/vimaterial.de\/it\/wp-json\/wp\/v2\/product_tag?post=1015194"}],"curies":[{"name":"wp","href":"https:\/\/api.w.org\/{rel}","templated":true}]}}