{"id":1015189,"date":"2024-06-17T14:41:32","date_gmt":"2024-06-17T06:41:32","guid":{"rendered":"https:\/\/vimaterial.de\/product\/boruro-di-ferro-3\/"},"modified":"2025-04-17T09:33:22","modified_gmt":"2025-04-17T01:33:22","slug":"boruro-di-ferro-3","status":"publish","type":"product","link":"https:\/\/vimaterial.de\/it\/product\/boruro-di-ferro-3\/","title":{"rendered":"Boruro di ferro"},"content":{"rendered":"<p>La polvere di boruro di ferro \u00e8 una polvere di composto inorganico grigio o nero, composta principalmente da elementi di ferro e boro, con elevata durezza, buona resistenza all&#8217;abrasione e stabilit\u00e0 chimica, che ha importanti applicazioni nei campi dei materiali metallo-ceramici, carburo cementato e cos\u00ec via.<\/p>\n<p>VIAMTERIAL fornisce polvere di boruro di ferro, le nostre polveri hanno le caratteristiche di elevata purezza, granulometria uniforme, propriet\u00e0 chimiche stabili, ecc. Supportiamo anche l&#8217;imballaggio e l&#8217;ordinazione di piccoli lotti. Abbiamo un team di ricerca e sviluppo tecnico professionale, accettiamo la personalizzazione e la sperimentazione del prodotto, non esitate <span style=\"color: #0000ff;\"><a style=\"color: #0000ff;\" href=\"https:\/\/vimaterial.de\/en\/contact-us\/\">a contattarci.<\/a><\/span>  <\/p>\n<h2><span style=\"font-size: 14pt;\">Propriet\u00e0 fisiche<\/span><\/h2>\n<p>Formula molecolare: FeB<\/p>\n<p>Peso molecolare: 66,65<\/p>\n<p>Aspetto: polvere grigia o nera<\/p>\n<p>Densit\u00e0: circa 7,15 g\/cm\u00b3. <\/p>\n<p>Punto di fusione: circa 1652\u00b0C <\/p>\n<p>Punto di ebollizione: circa 3380\u00b0C <\/p>\n<p>Struttura cristallina: sistema cristallino ortorombico<\/p>\n<h2><span style=\"font-size: 14pt;\">Applicazioni<\/span><\/h2>\n<p>Campo della metallurgia: come additivo nel processo di produzione dell&#8217;acciaio, pu\u00f2 migliorare efficacemente la durezza, la resistenza e la resistenza all&#8217;usura dell&#8217;acciaio, migliorare le prestazioni complete dell&#8217;acciaio e soddisfare la domanda di acciaio ad alte prestazioni nella produzione di macchinari e in altre industrie.<\/p>\n<p>Campo di carburo cementato: come una delle materie prime importanti, viene miscelato con altri carburi metallici, ecc. Per produrre carburo cementato, che \u00e8 ampiamente utilizzato nella produzione di utensili da taglio e stampi e pu\u00f2 migliorare significativamente le sue prestazioni di taglio e durata e migliorare la precisione e l&#8217;efficienza della lavorazione.<\/p>\n<p>Campo metallo-ceramico: coinvolto nella preparazione di materiali metallo-ceramici, in modo che il materiale abbia sia la tenacit\u00e0 del metallo che l&#8217;elevata durezza ceramica, resistenza alle alte temperature e altre caratteristiche, utilizzate nel settore aerospaziale e in altri campi di componenti ad alta temperatura, migliorano l&#8217;affidabilit\u00e0 e la stabilit\u00e0 dei componenti in ambienti estremi.<\/p>\n<h2><span style=\"font-size: 14pt;\">Controllo qualit\u00e0<\/span><\/h2>\n<p><span style=\"color: #0000ff;\"><a style=\"color: #0000ff;\" href=\"https:\/\/vimaterial.de\/en\/quality-control\/\">Il controllo di qualit\u00e0<\/a><\/span> di ogni lotto di prodotti viene effettuato durante l&#8217;intero processo di approvvigionamento delle materie prime, produzione e lavorazione, test e ispezione e imballaggio, seguendo rigorosamente gli standard internazionali e le norme del settore. Disponiamo di apparecchiature di collaudo avanzate, team di controllo qualit\u00e0 professionale e rigoroso sistema di controllo della qualit\u00e0 per garantire la qualit\u00e0 del prodotto. <\/p>\n<h2><span style=\"font-size: 14pt;\">Imballaggio e stoccaggio<\/span><\/h2>\n<p>La polvere di boruro di ferro \u00e8 confezionata in un sacchetto sottovuoto a doppio strato o in una bottiglia sottovuoto a doppio strato e la confezione esterna \u00e8 confezionata in cartone.<\/p>\n<p>La polvere di boruro di ferro deve essere conservata in un ambiente asciutto, fresco e ben ventilato, sigillata per prevenire l&#8217;umidit\u00e0 e l&#8217;ossidazione e conservata separatamente da agenti fortemente ossidanti, acidi e altre sostanze che possono avere reazioni chimiche.<\/p>\n","protected":false},"excerpt":{"rendered":"<p>La polvere di boruro di ferro \u00e8 una polvere di composto inorganico grigio o nero, composta principalmente da elementi di ferro e boro, con elevata durezza, buona resistenza all&#8217;abrasione e stabilit\u00e0 chimica, che ha importanti applicazioni nei campi dei materiali metallo-ceramici, carburo cementato e cos\u00ec via.<\/p>\n","protected":false},"featured_media":1001859,"comment_status":"open","ping_status":"closed","template":"","meta":{"_acf_changed":false},"product_brand":[],"product_cat":[202],"product_tag":[],"class_list":{"0":"post-1015189","1":"product","2":"type-product","3":"status-publish","4":"has-post-thumbnail","6":"product_cat-materiali-c-n-b-si","8":"first","9":"instock","10":"shipping-taxable","11":"purchasable","12":"product-type-variable"},"acf":[],"_links":{"self":[{"href":"https:\/\/vimaterial.de\/it\/wp-json\/wp\/v2\/product\/1015189","targetHints":{"allow":["GET"]}}],"collection":[{"href":"https:\/\/vimaterial.de\/it\/wp-json\/wp\/v2\/product"}],"about":[{"href":"https:\/\/vimaterial.de\/it\/wp-json\/wp\/v2\/types\/product"}],"replies":[{"embeddable":true,"href":"https:\/\/vimaterial.de\/it\/wp-json\/wp\/v2\/comments?post=1015189"}],"wp:featuredmedia":[{"embeddable":true,"href":"https:\/\/vimaterial.de\/it\/wp-json\/wp\/v2\/media\/1001859"}],"wp:attachment":[{"href":"https:\/\/vimaterial.de\/it\/wp-json\/wp\/v2\/media?parent=1015189"}],"wp:term":[{"taxonomy":"product_brand","embeddable":true,"href":"https:\/\/vimaterial.de\/it\/wp-json\/wp\/v2\/product_brand?post=1015189"},{"taxonomy":"product_cat","embeddable":true,"href":"https:\/\/vimaterial.de\/it\/wp-json\/wp\/v2\/product_cat?post=1015189"},{"taxonomy":"product_tag","embeddable":true,"href":"https:\/\/vimaterial.de\/it\/wp-json\/wp\/v2\/product_tag?post=1015189"}],"curies":[{"name":"wp","href":"https:\/\/api.w.org\/{rel}","templated":true}]}}