{"id":1015175,"date":"2024-06-17T14:41:35","date_gmt":"2024-06-17T06:41:35","guid":{"rendered":"https:\/\/vimaterial.de\/product\/bromuro-di-ferro\/"},"modified":"2025-04-17T09:10:57","modified_gmt":"2025-04-17T01:10:57","slug":"bromuro-di-ferro","status":"publish","type":"product","link":"https:\/\/vimaterial.de\/it\/product\/bromuro-di-ferro\/","title":{"rendered":"Bromuro di ferro"},"content":{"rendered":"<p>La polvere di bromuro di ferro \u00e8 una polvere di composto inorganico da giallo brunastro a marrone scuro costituita da ioni ferro e bromuro, che \u00e8 facilmente deliquescente e solubile in acqua e svolge un ruolo in aree come le reazioni catalitiche nella sintesi organica.<\/p>\n<p>VIAMTERIAL fornisce polvere di bromuro di ferro, la nostra polvere ha le caratteristiche di elevata purezza, granulometria uniforme, propriet\u00e0 chimiche stabili, ecc. Supportiamo anche l&#8217;imballaggio e l&#8217;ordinazione di piccoli lotti. Abbiamo un team di ricerca e sviluppo tecnico professionale, accettiamo la personalizzazione e la sperimentazione del prodotto, non esitate <span style=\"color: #0000ff;\"><a style=\"color: #0000ff;\" href=\"https:\/\/vimaterial.de\/en\/contact-us\/\">a contattarci.<\/a><\/span>  <\/p>\n<h2><span style=\"font-size: 14pt;\">Propriet\u00e0 fisiche<\/span><\/h2>\n<p>Formula molecolare: FeBr\u2082<\/p>\n<p>Peso molecolare: 215,65<\/p>\n<p>Aspetto: polvere da giallo chiaro a grigio chiaro<\/p>\n<p>Densit\u00e0: circa 4,63 g\/cm\u00b3.<\/p>\n<p>Punto di fusione: circa 684\u00b0C<\/p>\n<p>Punto di ebollizione: circa 934\u00b0C<\/p>\n<p>Struttura cristallina: sistema cristallino monoclino<\/p>\n<h2><span style=\"font-size: 14pt;\">Applicazioni<\/span><\/h2>\n<p>Sintesi organica: come importante catalizzatore, partecipa a molte reazioni organiche, ad esempio nella reazione di bromurazione di alcuni idrocarburi aromatici, pu\u00f2 promuovere la sostituzione selettiva degli atomi di bromo con gli atomi di idrogeno sull&#8217;anello aromatico, promuovere efficacemente il raggruppamento funzionale dei composti organici e sintetizzare vari tipi di bromuri organici con strutture e funzioni specifiche,  fornendo intermedi chiave per la preparazione di prodotti chimici fini come farmaci e materiali.<\/p>\n<p>Campo farmaceutico: pu\u00f2 essere utilizzato come materia prima chiave o intermedio di reazione in alcuni percorsi di sintesi di farmaci e lo ione ferroso e lo ione bromo in esso contenuti possono partecipare al processo di formazione e rottura di legami chimici specifici e promuovere la costruzione dei principi attivi dei farmaci attraverso il controllo preciso delle condizioni di reazione,  fornire una base materiale per la ricerca, lo sviluppo e la produzione di nuovi tipi di farmaci e contribuire all&#8217;innovazione e allo sviluppo dell&#8217;industria farmaceutica.<\/p>\n<h2><span style=\"font-size: 14pt;\">Controllo qualit\u00e0<\/span><\/h2>\n<p><span style=\"color: #0000ff;\"><a style=\"color: #0000ff;\" href=\"https:\/\/vimaterial.de\/en\/quality-control\/\">Il controllo di qualit\u00e0<\/a><\/span> di ogni lotto di prodotti viene effettuato durante l&#8217;intero processo di approvvigionamento delle materie prime, produzione e lavorazione, test e ispezione e imballaggio, seguendo rigorosamente gli standard internazionali e le norme del settore. Disponiamo di apparecchiature di collaudo avanzate, team di controllo qualit\u00e0 professionale e rigoroso sistema di controllo della qualit\u00e0 per garantire la qualit\u00e0 del prodotto. <\/p>\n<h2><span style=\"font-size: 14pt;\">Imballaggio e stoccaggio<\/span><\/h2>\n<p>La polvere di bromuro di ferro \u00e8 confezionata in un sacchetto sottovuoto a doppio strato o in una bottiglia sottovuoto a doppio strato e la confezione esterna \u00e8 confezionata in cartone.<\/p>\n<p>La polvere di bromuro di ferro deve essere conservata in un ambiente asciutto, fresco e ben ventilato, lontano da fuoco, calore e acqua, e conservata separatamente da agenti ossidanti forti, alcali e altre sostanze incompatibili per evitare la deliquescenza, il deterioramento e la reazione chimica.<\/p>\n","protected":false},"excerpt":{"rendered":"<p>La polvere di bromuro di ferro \u00e8 una polvere di composto inorganico da giallo brunastro a marrone scuro costituita da ioni ferro e bromuro, che \u00e8 facilmente deliquescente e solubile in acqua e svolge un ruolo in aree come le reazioni catalitiche nella sintesi organica.<\/p>\n","protected":false},"featured_media":1001870,"comment_status":"open","ping_status":"closed","template":"","meta":{"_acf_changed":false},"product_brand":[],"product_cat":[201],"product_tag":[],"class_list":{"0":"post-1015175","1":"product","2":"type-product","3":"status-publish","4":"has-post-thumbnail","6":"product_cat-materiali-a-base-di-alogenuri","8":"first","9":"instock","10":"shipping-taxable","11":"purchasable","12":"product-type-variable"},"acf":[],"_links":{"self":[{"href":"https:\/\/vimaterial.de\/it\/wp-json\/wp\/v2\/product\/1015175","targetHints":{"allow":["GET"]}}],"collection":[{"href":"https:\/\/vimaterial.de\/it\/wp-json\/wp\/v2\/product"}],"about":[{"href":"https:\/\/vimaterial.de\/it\/wp-json\/wp\/v2\/types\/product"}],"replies":[{"embeddable":true,"href":"https:\/\/vimaterial.de\/it\/wp-json\/wp\/v2\/comments?post=1015175"}],"wp:featuredmedia":[{"embeddable":true,"href":"https:\/\/vimaterial.de\/it\/wp-json\/wp\/v2\/media\/1001870"}],"wp:attachment":[{"href":"https:\/\/vimaterial.de\/it\/wp-json\/wp\/v2\/media?parent=1015175"}],"wp:term":[{"taxonomy":"product_brand","embeddable":true,"href":"https:\/\/vimaterial.de\/it\/wp-json\/wp\/v2\/product_brand?post=1015175"},{"taxonomy":"product_cat","embeddable":true,"href":"https:\/\/vimaterial.de\/it\/wp-json\/wp\/v2\/product_cat?post=1015175"},{"taxonomy":"product_tag","embeddable":true,"href":"https:\/\/vimaterial.de\/it\/wp-json\/wp\/v2\/product_tag?post=1015175"}],"curies":[{"name":"wp","href":"https:\/\/api.w.org\/{rel}","templated":true}]}}