{"id":1015160,"date":"2024-06-17T14:41:59","date_gmt":"2024-06-17T06:41:59","guid":{"rendered":"https:\/\/vimaterial.de\/product\/cloruro-di-ferro-diidrato\/"},"modified":"2025-04-17T09:06:55","modified_gmt":"2025-04-17T01:06:55","slug":"cloruro-di-ferro-diidrato","status":"publish","type":"product","link":"https:\/\/vimaterial.de\/it\/product\/cloruro-di-ferro-diidrato\/","title":{"rendered":"Cloruro di ferro diidrato"},"content":{"rendered":"<p>La polvere di cloruro di ferro diidrato \u00e8 un composto inorganico sotto forma di cristalli giallo-marroni, facilmente solubile in acqua, che svolge un ruolo in molti campi come l&#8217;industria chimica, il trattamento delle acque, ecc. Ad esempio, pu\u00f2 essere utilizzato come mordenzante nella produzione di circuiti stampati. <\/p>\n<p>VIAMTERIAL fornisce polvere di cloruro di ferro diidrato, la nostra polvere ha le caratteristiche di elevata purezza, granulometria uniforme, propriet\u00e0 chimiche stabili, ecc. Supportiamo anche l&#8217;imballaggio e l&#8217;ordinazione di piccoli lotti. Abbiamo un team di ricerca e sviluppo tecnico professionale, accettiamo la personalizzazione e la sperimentazione del prodotto, non esitate <span style=\"color: #0000ff;\"><a style=\"color: #0000ff;\" href=\"https:\/\/vimaterial.de\/en\/contact-us\/\">a contattarci.<\/a><\/span>  <\/p>\n<h2><span style=\"font-size: 14pt;\">Propriet\u00e0 fisiche<\/span><\/h2>\n<p>Formula molecolare: FeCl2\u20222H2O<\/p>\n<p>Peso molecolare: 198,5<\/p>\n<p>Aspetto: polvere cristallina bruno-giallastra<\/p>\n<p>Densit\u00e0: circa 2,8 g\/cm3<\/p>\n<p>Punto di fusione: 670 &#8211; 674\u00b0C (dopo la perdita di acqua di cristallizzazione)<\/p>\n<p>Punto di ebollizione: cloruro ferrico anidro circa 319\u00b0C (decomposizione) <\/p>\n<p>Struttura cristallina: Sistema cristallino esagonale<\/p>\n<h2><span style=\"font-size: 14pt;\">Applicazioni<\/span><\/h2>\n<p>Campo di trattamento delle acque reflue: utilizzato per rimuovere la materia sospesa e gli ioni di metalli pesanti nelle acque reflue, il colloide di idrossido di ferro formato dall&#8217;idrolisi pu\u00f2 adsorbire e flocculare le impurit\u00e0 per purificare l&#8217;acqua.<\/p>\n<p>Nel campo dell&#8217;industria elettronica: come mordenzante, viene utilizzato nel processo di produzione dei circuiti stampati per corrodere con precisione le lamine di rame indesiderate in modo da formare uno schema circuitale specifico e garantire il normale collegamento e la realizzazione delle funzioni dei componenti elettronici.<\/p>\n<p>Industria della stampa e della tintura: usato come mordente, pu\u00f2 aiutare i coloranti ad aderire meglio alle fibre del tessuto, migliorare la solidit\u00e0 alla tintura e la vivacit\u00e0 dei colori, soddisfare le esigenze di stampa e tintura di diversi tessuti e migliorare la qualit\u00e0 dei prodotti stampati e tinti.<\/p>\n<p>Industria farmaceutica: pu\u00f2 partecipare alla reazione catalitica nel processo di sintesi di alcuni farmaci, promuovere la formazione o la rottura di legami chimici specifici, aiutare la preparazione di principi attivi di farmaci e promuovere il processo di ricerca, sviluppo e produzione di farmaci.<\/p>\n<h2><span style=\"font-size: 14pt;\">Controllo qualit\u00e0<\/span><\/h2>\n<p><span style=\"color: #0000ff;\"><a style=\"color: #0000ff;\" href=\"https:\/\/vimaterial.de\/en\/quality-control\/\">Il controllo di qualit\u00e0<\/a> <\/span>di ogni lotto di prodotti viene effettuato durante l&#8217;intero processo di approvvigionamento delle materie prime, produzione e lavorazione, test e ispezione e imballaggio, seguendo rigorosamente gli standard internazionali e le norme del settore. Disponiamo di apparecchiature di collaudo avanzate, team di controllo qualit\u00e0 professionale e rigoroso sistema di controllo della qualit\u00e0 per garantire la qualit\u00e0 del prodotto. <\/p>\n<h2><span style=\"font-size: 14pt;\">Imballaggio e stoccaggio<\/span><\/h2>\n<p>La polvere di cloruro di ferro diidrato \u00e8 confezionata in flaconi sottovuoto a doppio strato e la confezione esterna \u00e8 confezionata in cartoni.<\/p>\n<p>La polvere di cloruro di ferro diidrato deve essere conservata in un luogo fresco, asciutto e ben ventilato, lontano da fuoco, calore, acqua e forti agenti ossidanti e alcali, e deve essere conservata in un luogo sigillato per evitare umidit\u00e0, ossidazione e reazione con altre sostanze incompatibili.<\/p>\n","protected":false},"excerpt":{"rendered":"<p>La polvere di cloruro di ferro diidrato \u00e8 un composto inorganico sotto forma di cristalli giallo-marroni, facilmente solubile in acqua, che svolge un ruolo in molti campi come l&#8217;industria chimica, il trattamento delle acque, ecc. Ad esempio, pu\u00f2 essere utilizzato come mordenzante nella produzione di circuiti stampati. <\/p>\n","protected":false},"featured_media":1030091,"comment_status":"open","ping_status":"closed","template":"","meta":{"_acf_changed":false},"product_brand":[],"product_cat":[201],"product_tag":[],"class_list":{"0":"post-1015160","1":"product","2":"type-product","3":"status-publish","4":"has-post-thumbnail","6":"product_cat-materiali-a-base-di-alogenuri","8":"first","9":"instock","10":"shipping-taxable","11":"purchasable","12":"product-type-variable"},"acf":[],"_links":{"self":[{"href":"https:\/\/vimaterial.de\/it\/wp-json\/wp\/v2\/product\/1015160","targetHints":{"allow":["GET"]}}],"collection":[{"href":"https:\/\/vimaterial.de\/it\/wp-json\/wp\/v2\/product"}],"about":[{"href":"https:\/\/vimaterial.de\/it\/wp-json\/wp\/v2\/types\/product"}],"replies":[{"embeddable":true,"href":"https:\/\/vimaterial.de\/it\/wp-json\/wp\/v2\/comments?post=1015160"}],"wp:featuredmedia":[{"embeddable":true,"href":"https:\/\/vimaterial.de\/it\/wp-json\/wp\/v2\/media\/1030091"}],"wp:attachment":[{"href":"https:\/\/vimaterial.de\/it\/wp-json\/wp\/v2\/media?parent=1015160"}],"wp:term":[{"taxonomy":"product_brand","embeddable":true,"href":"https:\/\/vimaterial.de\/it\/wp-json\/wp\/v2\/product_brand?post=1015160"},{"taxonomy":"product_cat","embeddable":true,"href":"https:\/\/vimaterial.de\/it\/wp-json\/wp\/v2\/product_cat?post=1015160"},{"taxonomy":"product_tag","embeddable":true,"href":"https:\/\/vimaterial.de\/it\/wp-json\/wp\/v2\/product_tag?post=1015160"}],"curies":[{"name":"wp","href":"https:\/\/api.w.org\/{rel}","templated":true}]}}