{"id":1015155,"date":"2024-06-17T14:41:58","date_gmt":"2024-06-17T06:41:58","guid":{"rendered":"https:\/\/vimaterial.de\/product\/cloruro-di-ferro-2\/"},"modified":"2025-04-17T09:09:23","modified_gmt":"2025-04-17T01:09:23","slug":"cloruro-di-ferro-2","status":"publish","type":"product","link":"https:\/\/vimaterial.de\/it\/product\/cloruro-di-ferro-2\/","title":{"rendered":"Cloruro di ferro"},"content":{"rendered":"<p><span style=\"color: #0000ff;\"><a style=\"color: #0000ff;\" href=\"https:\/\/vimaterial.de\/en\/product\/iron-chloride-2\/\">Cloruro di ferro<\/a> <\/span>La polvere \u00e8 una polvere di composto inorganico bianco o verde chiaro che \u00e8 solubile in acqua e svolge un ruolo importante nella sintesi chimica, nel trattamento delle acque reflue, nella metallurgia e in altri campi e ha forti propriet\u00e0 riducenti.<\/p>\n<p>VIAMTERIAL fornisce polvere di cloruro di ferro, le nostre polveri hanno un&#8217;elevata purezza, granulometria uniforme, propriet\u00e0 chimiche stabili, ecc. Supportiamo anche l&#8217;imballaggio e l&#8217;ordinazione di piccoli lotti. Abbiamo un team di ricerca e sviluppo tecnico professionale, accettiamo la personalizzazione e la sperimentazione del prodotto, vi preghiamo di <span style=\"color: #0000ff;\"><a style=\"color: #0000ff;\" href=\"https:\/\/vimaterial.de\/en\/contact-us\/\">contattarci.<\/a><\/span>  <\/p>\n<h2><span style=\"font-size: 14pt;\">Propriet\u00e0 fisiche<\/span><\/h2>\n<p>Formula molecolare: FeCl\u2082<\/p>\n<p>Peso molecolare: 126,75<\/p>\n<p>Aspetto: polvere verde chiaro<\/p>\n<p>Densit\u00e0: circa 3,16 g\/cm\u00b3.<\/p>\n<p>Punto di fusione: 670 &#8211; 674\u00b0C<\/p>\n<p>Punto di ebollizione: 1023\u00b0C<\/p>\n<p>Struttura cristallina: sistema cristallino monoclino.<\/p>\n<h2><span style=\"font-size: 14pt;\">Applicazioni<\/span><\/h2>\n<p>Campo di trattamento delle acque reflue: come agente riducente e flocculante, pu\u00f2 essere utilizzato per trattare le acque reflue di metalli pesanti contenenti cromo e altri metalli pesanti, per purificare la qualit\u00e0 dell&#8217;acqua rimuovendo gli ioni di metalli pesanti in stato di alta valenza dopo la riduzione e la precipitazione.<\/p>\n<p>Campo di sintesi chimica: agisce come agente riducente e catalizzatore nella sintesi organica, partecipa alla reazione di preparazione di molti tipi di composti e promuove la sintesi di sostanze chimiche fini come farmaci e coloranti.<\/p>\n<p>Nel campo dell&#8217;industria metallurgica: utilizzato nel processo di raffinazione dei metalli, nell&#8217;estrazione di determinati metalli attraverso la reazione di sostituzione, nel miglioramento della purezza dei metalli e nell&#8217;aumento della produzione di ferro e acciaio e altri materiali metallici.<\/p>\n<h2><span style=\"font-size: 14pt;\">Controllo qualit\u00e0<\/span><\/h2>\n<p><span style=\"color: #0000ff;\"><a style=\"color: #0000ff;\" href=\"https:\/\/vimaterial.de\/en\/quality-control\/\">Il controllo di qualit\u00e0<\/a> <\/span>di ogni lotto di prodotti viene effettuato durante l&#8217;intero processo di approvvigionamento delle materie prime, produzione e lavorazione, test e ispezione e imballaggio, seguendo rigorosamente gli standard internazionali e le norme del settore. Disponiamo di apparecchiature di collaudo avanzate, team di controllo qualit\u00e0 professionale e rigoroso sistema di controllo della qualit\u00e0 per garantire la qualit\u00e0 del prodotto. <\/p>\n<h2><span style=\"font-size: 14pt;\">Imballaggio e stoccaggio<\/span><\/h2>\n<p>La polvere di cloruro di ferro diidrato \u00e8 confezionata in un sacchetto sottovuoto a doppio strato o in una bottiglia sottovuoto a doppio strato e la confezione esterna \u00e8 confezionata in una scatola di cartone.<\/p>\n<p>La polvere di cloruro di ferro deve essere conservata in un ambiente asciutto, fresco e ben ventilato, lontano da fuoco, calore e acqua e conservata separatamente da alcali e altre sostanze incompatibili per prevenire la deliquescenza, il deterioramento e la reazione chimica.<\/p>\n","protected":false},"excerpt":{"rendered":"<p><span style=\"color: #0000ff;\"><a style=\"color: #0000ff;\" href=\"https:\/\/vimaterial.de\/en\/product\/iron-chloride-2\/\">Cloruro di ferro<\/a> <\/span>La polvere \u00e8 una polvere di composto inorganico bianco o verde chiaro che \u00e8 solubile in acqua e svolge un ruolo importante nella sintesi chimica, nel trattamento delle acque reflue, nella metallurgia e in altri campi e ha forti propriet\u00e0 riducenti.<\/p>\n","protected":false},"featured_media":1001877,"comment_status":"open","ping_status":"closed","template":"","meta":{"_acf_changed":false},"product_brand":[],"product_cat":[201],"product_tag":[],"class_list":{"0":"post-1015155","1":"product","2":"type-product","3":"status-publish","4":"has-post-thumbnail","6":"product_cat-materiali-a-base-di-alogenuri","8":"first","9":"instock","10":"shipping-taxable","11":"purchasable","12":"product-type-variable"},"acf":[],"_links":{"self":[{"href":"https:\/\/vimaterial.de\/it\/wp-json\/wp\/v2\/product\/1015155","targetHints":{"allow":["GET"]}}],"collection":[{"href":"https:\/\/vimaterial.de\/it\/wp-json\/wp\/v2\/product"}],"about":[{"href":"https:\/\/vimaterial.de\/it\/wp-json\/wp\/v2\/types\/product"}],"replies":[{"embeddable":true,"href":"https:\/\/vimaterial.de\/it\/wp-json\/wp\/v2\/comments?post=1015155"}],"wp:featuredmedia":[{"embeddable":true,"href":"https:\/\/vimaterial.de\/it\/wp-json\/wp\/v2\/media\/1001877"}],"wp:attachment":[{"href":"https:\/\/vimaterial.de\/it\/wp-json\/wp\/v2\/media?parent=1015155"}],"wp:term":[{"taxonomy":"product_brand","embeddable":true,"href":"https:\/\/vimaterial.de\/it\/wp-json\/wp\/v2\/product_brand?post=1015155"},{"taxonomy":"product_cat","embeddable":true,"href":"https:\/\/vimaterial.de\/it\/wp-json\/wp\/v2\/product_cat?post=1015155"},{"taxonomy":"product_tag","embeddable":true,"href":"https:\/\/vimaterial.de\/it\/wp-json\/wp\/v2\/product_tag?post=1015155"}],"curies":[{"name":"wp","href":"https:\/\/api.w.org\/{rel}","templated":true}]}}