{"id":1015142,"date":"2024-06-17T14:41:59","date_gmt":"2024-06-17T06:41:59","guid":{"rendered":"https:\/\/vimaterial.de\/product\/cloruro-di-ferro\/"},"modified":"2025-04-17T09:05:17","modified_gmt":"2025-04-17T01:05:17","slug":"cloruro-di-ferro","status":"publish","type":"product","link":"https:\/\/vimaterial.de\/it\/product\/cloruro-di-ferro\/","title":{"rendered":"Cloruro di ferro"},"content":{"rendered":"<p>La polvere di <span style=\"color: #0000ff;\"><a style=\"color: #0000ff;\" href=\"https:\/\/vimaterial.de\/en\/product\/iron-chloride\/\">cloruro di ferro<\/a><\/span> \u00e8 una polvere di composto inorganico giallo-brunastro, che pu\u00f2 essere utilizzata come mordenzante per circuiti stampati nell&#8217;industria, come coagulante e precipitante nel trattamento delle acque e come mordente nella tintura e nella stampa, tra gli altri usi.<\/p>\n<p>VIAMTERIAL fornisce polvere di cloruro di ferro, la nostra polvere ha le caratteristiche di elevata purezza, granulometria uniforme, propriet\u00e0 chimiche stabili, ecc. Supportiamo anche l&#8217;imballaggio e l&#8217;ordinazione di piccoli lotti. Abbiamo un team di ricerca e sviluppo tecnico professionale, accettiamo la personalizzazione e la sperimentazione del prodotto, non esitate <span style=\"color: #0000ff;\"><a style=\"color: #0000ff;\" href=\"https:\/\/vimaterial.de\/en\/contact-us\/\">a contattarci.<\/a><\/span>  <\/p>\n<h2><span style=\"font-size: 14pt;\">Propriet\u00e0 fisiche<\/span><\/h2>\n<p>Formula molecolare: FeCl\u2083<\/p>\n<p>Peso molecolare: 162,2<\/p>\n<p>Aspetto: polvere giallo brunastra<\/p>\n<p>Densit\u00e0: circa 2,90 g\/cm\u00b3<\/p>\n<p>Punto di fusione: circa 306\u00b0C<\/p>\n<p>Punto di ebollizione: circa 319\u00b0C (decomposizione)<\/p>\n<p>Struttura cristallina: Sistema cristallino esagonale<\/p>\n<h2><span style=\"font-size: 14pt;\">Applicazioni<\/span><\/h2>\n<p>Campo di trattamento delle acque: come flocculante aggiunto all&#8217;acqua, il colloide di idrossido di ferro prodotto dall&#8217;idrolisi pu\u00f2 adsorbire le impurit\u00e0 sospese e chiarire l&#8217;acqua, rimuovendo efficacemente minuscole particelle e sostanze colloidali nell&#8217;acqua e migliorando la qualit\u00e0 dell&#8217;acqua.<\/p>\n<p>Nel campo dell&#8217;industria elettronica: come componente chiave della soluzione di incisione, pu\u00f2 corrodere con precisione la lamina di rame e altri materiali metallici, in modo da formare modelli di circuiti fini sui circuiti stampati e garantire la miniaturizzazione e le alte prestazioni delle apparecchiature elettroniche.<\/p>\n<p>Industria della stampa e della tintura: utilizzato come mordente per aiutare i coloranti ad aderire pi\u00f9 saldamente alle fibre dei tessuti, migliorare l&#8217;effetto tintorio, migliorare la vividezza e la solidit\u00e0 del colore dei tessuti e soddisfare esigenze diversificate di stampa e tintura.<\/p>\n<p>Industria farmaceutica: partecipare a determinate reazioni di sintesi di farmaci, come catalizzatore per promuovere reazioni chimiche specifiche, per promuovere la preparazione di principi attivi nei farmaci, per aiutare la ricerca e lo sviluppo di farmaci e il processo di produzione.<\/p>\n<h2><span style=\"font-size: 14pt;\">Controllo qualit\u00e0<\/span><\/h2>\n<p><span style=\"color: #0000ff;\"><a style=\"color: #0000ff;\" href=\"https:\/\/vimaterial.de\/en\/quality-control\/\">Il controllo di qualit\u00e0<\/a> <\/span>di ogni lotto di prodotti viene effettuato durante l&#8217;intero processo di approvvigionamento delle materie prime, produzione e lavorazione, test e ispezione e imballaggio, seguendo rigorosamente gli standard internazionali e le norme del settore. Disponiamo di apparecchiature di collaudo avanzate, team di controllo qualit\u00e0 professionale e rigoroso sistema di controllo della qualit\u00e0 per garantire la qualit\u00e0 del prodotto. <\/p>\n<h2><span style=\"font-size: 14pt;\">Imballaggio e stoccaggio<\/span><\/h2>\n<p>La polvere di cloruro di ferro diidrato \u00e8 confezionata in un sacchetto sottovuoto a doppio strato o in una bottiglia sottovuoto a doppio strato e la confezione esterna \u00e8 confezionata in una scatola di cartone.<\/p>\n<p>La polvere di cloruro di ferro deve essere conservata in un ambiente asciutto, fresco e ben ventilato, lontano da fuoco, calore e acqua e conservata separatamente da alcali e altre sostanze incompatibili per prevenire la deliquescenza, il deterioramento e la reazione chimica.<\/p>\n","protected":false},"excerpt":{"rendered":"<p>La polvere di <span style=\"color: #0000ff;\"><a style=\"color: #0000ff;\" href=\"https:\/\/vimaterial.de\/en\/product\/iron-chloride\/\">cloruro di ferro<\/a><\/span> \u00e8 una polvere di composto inorganico giallo-brunastro, che pu\u00f2 essere utilizzata come mordenzante per circuiti stampati nell&#8217;industria, come coagulante e precipitante nel trattamento delle acque e come mordente nella tintura e nella stampa, tra gli altri usi.<\/p>\n","protected":false},"featured_media":1001887,"comment_status":"open","ping_status":"closed","template":"","meta":{"_acf_changed":false},"product_brand":[],"product_cat":[201],"product_tag":[],"class_list":{"0":"post-1015142","1":"product","2":"type-product","3":"status-publish","4":"has-post-thumbnail","6":"product_cat-materiali-a-base-di-alogenuri","8":"first","9":"instock","10":"shipping-taxable","11":"purchasable","12":"product-type-variable"},"acf":[],"_links":{"self":[{"href":"https:\/\/vimaterial.de\/it\/wp-json\/wp\/v2\/product\/1015142","targetHints":{"allow":["GET"]}}],"collection":[{"href":"https:\/\/vimaterial.de\/it\/wp-json\/wp\/v2\/product"}],"about":[{"href":"https:\/\/vimaterial.de\/it\/wp-json\/wp\/v2\/types\/product"}],"replies":[{"embeddable":true,"href":"https:\/\/vimaterial.de\/it\/wp-json\/wp\/v2\/comments?post=1015142"}],"wp:featuredmedia":[{"embeddable":true,"href":"https:\/\/vimaterial.de\/it\/wp-json\/wp\/v2\/media\/1001887"}],"wp:attachment":[{"href":"https:\/\/vimaterial.de\/it\/wp-json\/wp\/v2\/media?parent=1015142"}],"wp:term":[{"taxonomy":"product_brand","embeddable":true,"href":"https:\/\/vimaterial.de\/it\/wp-json\/wp\/v2\/product_brand?post=1015142"},{"taxonomy":"product_cat","embeddable":true,"href":"https:\/\/vimaterial.de\/it\/wp-json\/wp\/v2\/product_cat?post=1015142"},{"taxonomy":"product_tag","embeddable":true,"href":"https:\/\/vimaterial.de\/it\/wp-json\/wp\/v2\/product_tag?post=1015142"}],"curies":[{"name":"wp","href":"https:\/\/api.w.org\/{rel}","templated":true}]}}