{"id":1015130,"date":"2024-06-17T14:42:02","date_gmt":"2024-06-17T06:42:02","guid":{"rendered":"https:\/\/vimaterial.de\/product\/ferro-cromo-molibdeno-biobio-boro-lega\/"},"modified":"2025-04-17T09:02:07","modified_gmt":"2025-04-17T01:02:07","slug":"ferro-cromo-molibdeno-biobio-boro-lega","status":"publish","type":"product","link":"https:\/\/vimaterial.de\/it\/product\/ferro-cromo-molibdeno-biobio-boro-lega\/","title":{"rendered":"Lega di ferro cromo molibdeno niobio boro"},"content":{"rendered":"<p>Il bersaglio per sputtering in lega di ferro cromo molibdeno niobio boro \u00e8 un tipo di bersaglio in lega composto da ferro, cromo, molibdeno, niobio e boro, che ha un&#8217;elevata durezza, una buona resistenza all&#8217;abrasione, resistenza alla corrosione e stabilit\u00e0 alle alte temperature, ecc. Pu\u00f2 essere utilizzato in molti campi, come l&#8217;aviazione e l&#8217;aerospaziale, la produzione di macchinari ed elettronica, ecc., per depositare film sottili ad alte prestazioni sul substrato attraverso lo sputtering. Aerospaziale, ingegneria meccanica, elettronica e molti altri settori.  <\/p>\n<p>VIMATERIAL fornisce bersagli sputtering in lega di ferro-cromo-molibdeno e niobio e boro, i nostri bersagli sputtering in lega di ferro-cromo-molibdeno-niobio e boro sono caratterizzati da elevata purezza, alta densit\u00e0, buona struttura cristallina, eccellenti propriet\u00e0 del film sottile, elevata precisione dimensionale e stabilit\u00e0 allo sputtering. E possiamo anche fornire un servizio vincolante, accettiamo la vostra personalizzazione e sperimentazione, vi preghiamo di <span style=\"color: #0000ff;\"><a style=\"color: #0000ff;\" href=\"https:\/\/vimaterial.de\/en\/contact-us\/\">contattarci<\/a><\/span>! <\/p>\n<h2><span style=\"font-size: 14pt;\">Propriet\u00e0 fisiche<\/span><\/h2>\n<p>Formula molecolare: FeCrMoNbB<\/p>\n<p>Aspetto: Lucentezza metallica generalmente grigio argenteo, la superficie pu\u00f2 essere relativamente liscia, struttura uniforme del materiale di destinazione<\/p>\n<p>Densit\u00e0: approssimativamente tra 7 e 9 g\/cm\u00b3.<\/p>\n<p>Punto di fusione: circa 1300 &#8211; 1600\u00b0C<\/p>\n<h2><span style=\"font-size: 14pt;\">Applicazioni<\/span><\/h2>\n<p>Campo aerospaziale: utilizzato per rivestire le pale del motore aeronautico, per migliorarne l&#8217;alta temperatura e la resistenza all&#8217;usura e per garantire il funzionamento stabile del motore in condizioni di lavoro estreme.<\/p>\n<p>Campo di produzione automobilistica: utilizzato come materiale di rinforzo superficiale per parti chiave dei motori delle automobili per migliorare la resistenza alla fatica e alla corrosione delle parti e prolungare la durata delle automobili.<\/p>\n<p>Nel campo dell&#8217;industria elettronica, viene utilizzato come materiale di deposizione di film a funzioni speciali nella produzione di chip semiconduttori, ottimizzando le prestazioni elettriche e la stabilit\u00e0 del chip.<\/p>\n<p>Nel campo della lavorazione: trasformato in rivestimenti per utensili da taglio, migliorare la durezza e la resistenza all&#8217;usura degli utensili da taglio, migliorare efficacemente l&#8217;efficienza e la precisione della lavorazione di taglio.<\/p>\n<h2><span style=\"font-size: 14pt;\">Controllo qualit\u00e0<\/span><\/h2>\n<p><span style=\"color: #0000ff;\"><a style=\"color: #0000ff;\" href=\"https:\/\/vimaterial.de\/en\/quality-control\/\">Il controllo di qualit\u00e0<\/a> <\/span>dei nostri prodotti \u00e8 molto rigoroso, dalla selezione di materie prime stabili e di elevata purezza, all&#8217;uso di attrezzature di precisione avanzate e tecnologia rigorosa durante il controllo preciso del processo di produzione, all&#8217;uso di metodi di test professionali sulle propriet\u00e0 fisiche, chimiche, microstrutturali e di altro tipo del prodotto dell&#8217;intera gamma di test approfonditi,  Ogni collegamento \u00e8 rigorosamente seguire gli standard internazionali elevati, per garantire che ogni lotto di materiali consegnato con qualit\u00e0 e stabilit\u00e0 eccellenti, per fornire ai clienti una garanzia di qualit\u00e0 solida e affidabile. Ci impegniamo a garantire che ogni lotto di materiali consegnato abbia un&#8217;eccellente qualit\u00e0 e stabilit\u00e0, fornendo ai clienti una garanzia di qualit\u00e0 solida e affidabile. <\/p>\n<h2><span style=\"font-size: 14pt;\">Imballaggio e stoccaggio<\/span><\/h2>\n<p>I bersagli sputtering in lega di ferro cromo molibdeno niobio boro sono confezionati in sacchetti e scatole sottovuoto a doppio strato e l&#8217;esterno \u00e8 confezionato in cartoni.<\/p>\n<p>I bersagli sputtering in lega di ferro cromo molibdeno niobio boro devono essere conservati in un ambiente asciutto, fresco e ben ventilato, evitando l&#8217;umidit\u00e0, impedendo il contatto con sostanze corrosive come acidi e alcali ed evitando urti violenti e luce solare diretta, per garantire che le loro propriet\u00e0 fisiche e chimiche siano stabili, in modo da garantire le normali prestazioni del materiale nel processo di sputtering.<\/p>\n","protected":false},"excerpt":{"rendered":"<p>Il bersaglio per sputtering in lega di ferro cromo molibdeno niobio boro \u00e8 un tipo di bersaglio in lega composto da ferro, cromo, molibdeno, niobio e boro, che ha un&#8217;elevata durezza, una buona resistenza all&#8217;abrasione, resistenza alla corrosione e stabilit\u00e0 alle alte temperature, ecc. Pu\u00f2 essere utilizzato in molti campi, come l&#8217;aviazione e l&#8217;aerospaziale, la produzione di macchinari ed elettronica, ecc., per depositare film sottili ad alte prestazioni sul substrato attraverso lo sputtering. Aerospaziale, ingegneria meccanica, elettronica e molti altri settori.  <\/p>\n","protected":false},"featured_media":1001901,"comment_status":"open","ping_status":"closed","template":"","meta":{"_acf_changed":false},"product_brand":[],"product_cat":[197],"product_tag":[],"class_list":{"0":"post-1015130","1":"product","2":"type-product","3":"status-publish","4":"has-post-thumbnail","6":"product_cat-obiettivi-di-sputtering-planari","8":"first","9":"instock","10":"shipping-taxable","11":"product-type-variable"},"acf":[],"_links":{"self":[{"href":"https:\/\/vimaterial.de\/it\/wp-json\/wp\/v2\/product\/1015130","targetHints":{"allow":["GET"]}}],"collection":[{"href":"https:\/\/vimaterial.de\/it\/wp-json\/wp\/v2\/product"}],"about":[{"href":"https:\/\/vimaterial.de\/it\/wp-json\/wp\/v2\/types\/product"}],"replies":[{"embeddable":true,"href":"https:\/\/vimaterial.de\/it\/wp-json\/wp\/v2\/comments?post=1015130"}],"wp:featuredmedia":[{"embeddable":true,"href":"https:\/\/vimaterial.de\/it\/wp-json\/wp\/v2\/media\/1001901"}],"wp:attachment":[{"href":"https:\/\/vimaterial.de\/it\/wp-json\/wp\/v2\/media?parent=1015130"}],"wp:term":[{"taxonomy":"product_brand","embeddable":true,"href":"https:\/\/vimaterial.de\/it\/wp-json\/wp\/v2\/product_brand?post=1015130"},{"taxonomy":"product_cat","embeddable":true,"href":"https:\/\/vimaterial.de\/it\/wp-json\/wp\/v2\/product_cat?post=1015130"},{"taxonomy":"product_tag","embeddable":true,"href":"https:\/\/vimaterial.de\/it\/wp-json\/wp\/v2\/product_tag?post=1015130"}],"curies":[{"name":"wp","href":"https:\/\/api.w.org\/{rel}","templated":true}]}}