{"id":1015119,"date":"2024-06-17T14:42:40","date_gmt":"2024-06-17T06:42:40","guid":{"rendered":"https:\/\/vimaterial.de\/product\/lega-di-ferro-e-gallio-2\/"},"modified":"2025-04-17T08:59:04","modified_gmt":"2025-04-17T00:59:04","slug":"lega-di-ferro-e-gallio-2","status":"publish","type":"product","link":"https:\/\/vimaterial.de\/it\/product\/lega-di-ferro-e-gallio-2\/","title":{"rendered":"Lega di ferro e gallio"},"content":{"rendered":"<p>I granuli in <span style=\"color: #0000ff;\"><a style=\"color: #0000ff;\" href=\"https:\/\/vimaterial.de\/en\/product\/iron-gallium-alloy-2\/\">lega di ferro e gallio<\/a><\/span> sono un tipo di granuli di lega composti da ferro e gallio, che di solito hanno buone propriet\u00e0 magnetiche, una certa flessibilit\u00e0 e resistenza alla corrosione e hanno importanti applicazioni in sensori, attuatori, trasduttori e altri campi.<\/p>\n<p>VIMATERIAL fornisce particelle di lega di ferro e gallio, i nostri granuli sono uniformi e stabili nella composizione, elevata purezza, forte durezza, dimensione delle particelle controllabile, ecc. E possiamo accettare prodotti ed esperimenti personalizzati, abbiamo un team di ricerca e sviluppo tecnico professionale, <span style=\"color: #0000ff;\"><a style=\"color: #0000ff;\" href=\"https:\/\/vimaterial.de\/en\/contact-us\/\">contattaci<\/a><\/span>.<\/p>\n<h2><span style=\"font-size: 14pt;\">Propriet\u00e0 fisiche<\/span><\/h2>\n<p>Formula molecolare: FeGa<\/p>\n<p>Aspetto: lucentezza metallizzata generalmente grigio argento, superficie liscia.<\/p>\n<p>Densit\u00e0: circa 7,2-7,5 g\/cm\u00b3.<\/p>\n<p>Punto di fusione: circa 1200\u00b0C-1300\u00b0C.<\/p>\n<p>Struttura cristallina: cubica centrata sul corpo o cubica centrata sulla faccia, ecc. La struttura cristallina influisce sulle sue propriet\u00e0 fisiche e chimiche. <\/p>\n<h2><span style=\"font-size: 14pt;\">Applicazioni<\/span><\/h2>\n<p>Campo elettronico: utilizzato nelle apparecchiature elettroniche, con le sue propriet\u00e0 elettromagnetiche uniche, pu\u00f2 migliorare la sensibilit\u00e0 e la stabilit\u00e0 delle prestazioni dei componenti elettronici.<\/p>\n<p>Sensori: le particelle di lega di ferro e gallio sono utilizzate nei sensori per misure di precisione in un&#8217;ampia gamma di applicazioni, poich\u00e9 rispondono con precisione alle variazioni dei campi magnetici.<\/p>\n<p>Medico: le particelle di lega di ferro gallio sono utilizzate nei dispositivi medici, come le apparecchiature di imaging, dove le loro propriet\u00e0 vengono utilizzate per ottenere immagini diagnostiche pi\u00f9 chiare e accurate.<\/p>\n<p>Aerospaziale: nelle applicazioni aerospaziali, le particelle di Alloyium sono utilizzate nella produzione di componenti critici che funzionano in modo affidabile in ambienti complessi e soddisfano specifici requisiti di prestazione.<\/p>\n<h2><span style=\"font-size: 14pt;\">Controllo qualit\u00e0<\/span><\/h2>\n<p><span style=\"color: #0000ff;\"><a style=\"color: #0000ff;\" href=\"https:\/\/vimaterial.de\/en\/quality-control\/\">Ogni lotto<\/a><\/span> di prodotti protegge rigorosamente la qualit\u00e0, dalla selezione dei fornitori di materie prime, all&#8217;uso di apparecchiature di collaudo avanzate per monitorare accuratamente l&#8217;intero processo di produzione, al prodotto finito attraverso molti cicli di campionamento severo e certificazione autorevole di terze parti, per garantire che ogni lotto di prodotti soddisfi e superi gli elevati standard del settore con un tuttofare,  Sistema di controllo della qualit\u00e0 a tolleranza zero, per fornire ai nostri clienti la migliore qualit\u00e0 e i prodotti pi\u00f9 stabili.<\/p>\n<h2><span style=\"font-size: 14pt;\">Imballaggio e stoccaggio<\/span><\/h2>\n<p>I pellet in lega di ferro e gallio sono confezionati in sacchetti sottovuoto o bottiglie sottovuoto in cartoni.<\/p>\n<p>I pellet in lega di ferro e gallio devono essere conservati in un luogo asciutto, ventilato e fresco, protetto da umidit\u00e0, ossidazione e contatto con sostanze corrosive e possono essere conservati in contenitori sigillati per prolungarne la durata.<\/p>\n","protected":false},"excerpt":{"rendered":"<p>I granuli in <span style=\"color: #0000ff;\"><a style=\"color: #0000ff;\" href=\"https:\/\/vimaterial.de\/en\/product\/iron-gallium-alloy-2\/\">lega di ferro e gallio<\/a><\/span> sono un tipo di granuli di lega composti da ferro e gallio, che di solito hanno buone propriet\u00e0 magnetiche, una certa flessibilit\u00e0 e resistenza alla corrosione e hanno importanti applicazioni in sensori, attuatori, trasduttori e altri campi.<\/p>\n","protected":false},"featured_media":1001915,"comment_status":"open","ping_status":"closed","template":"","meta":{"_acf_changed":false},"product_brand":[],"product_cat":[198],"product_tag":[],"class_list":{"0":"post-1015119","1":"product","2":"type-product","3":"status-publish","4":"has-post-thumbnail","6":"product_cat-materiali-per-levaporazione","8":"first","9":"instock","10":"shipping-taxable","11":"product-type-variable"},"acf":[],"_links":{"self":[{"href":"https:\/\/vimaterial.de\/it\/wp-json\/wp\/v2\/product\/1015119","targetHints":{"allow":["GET"]}}],"collection":[{"href":"https:\/\/vimaterial.de\/it\/wp-json\/wp\/v2\/product"}],"about":[{"href":"https:\/\/vimaterial.de\/it\/wp-json\/wp\/v2\/types\/product"}],"replies":[{"embeddable":true,"href":"https:\/\/vimaterial.de\/it\/wp-json\/wp\/v2\/comments?post=1015119"}],"wp:featuredmedia":[{"embeddable":true,"href":"https:\/\/vimaterial.de\/it\/wp-json\/wp\/v2\/media\/1001915"}],"wp:attachment":[{"href":"https:\/\/vimaterial.de\/it\/wp-json\/wp\/v2\/media?parent=1015119"}],"wp:term":[{"taxonomy":"product_brand","embeddable":true,"href":"https:\/\/vimaterial.de\/it\/wp-json\/wp\/v2\/product_brand?post=1015119"},{"taxonomy":"product_cat","embeddable":true,"href":"https:\/\/vimaterial.de\/it\/wp-json\/wp\/v2\/product_cat?post=1015119"},{"taxonomy":"product_tag","embeddable":true,"href":"https:\/\/vimaterial.de\/it\/wp-json\/wp\/v2\/product_tag?post=1015119"}],"curies":[{"name":"wp","href":"https:\/\/api.w.org\/{rel}","templated":true}]}}