{"id":1015113,"date":"2024-06-17T14:42:06","date_gmt":"2024-06-17T06:42:06","guid":{"rendered":"https:\/\/vimaterial.de\/product\/fluoruro-di-ferro\/"},"modified":"2025-04-17T09:00:40","modified_gmt":"2025-04-17T01:00:40","slug":"fluoruro-di-ferro","status":"publish","type":"product","link":"https:\/\/vimaterial.de\/it\/product\/fluoruro-di-ferro\/","title":{"rendered":"Fluoruro di ferro"},"content":{"rendered":"<p>La polvere di fluoruro di ferro \u00e8 una sorta di polvere composta da elementi di ferro e fluoro, il colore \u00e8 solitamente bianco o bianco sporco, leggermente solubile in acqua e svolge un ruolo importante nel campo dei materiali per batterie, catalizzatori e cos\u00ec via.<\/p>\n<p>VIAMTERIAL fornisce polvere di fluoruro di ferro, la nostra polvere ha le caratteristiche di elevata purezza, granulometria uniforme, buona fluidit\u00e0, propriet\u00e0 chimiche stabili, ecc. Supportiamo anche l&#8217;imballaggio e l&#8217;ordinazione di piccole quantit\u00e0. Abbiamo un team di ricerca e sviluppo tecnico professionale, accettiamo la personalizzazione e la sperimentazione del prodotto, non esitate <span style=\"color: #0000ff;\"><a style=\"color: #0000ff;\" href=\"https:\/\/vimaterial.de\/en\/contact-us\/\">a contattarci.<\/a><\/span>  <\/p>\n<h2><span style=\"font-size: 14pt;\">Propriet\u00e0 fisiche<\/span><\/h2>\n<p>Formula molecolare: FeF3<\/p>\n<p>Peso molecolare: 112,84 g\/mol<\/p>\n<p>Aspetto: polvere verde chiaro<\/p>\n<p>Densit\u00e0: 3,87 g\/cm\u00b3<\/p>\n<p>Punto di fusione: &gt;1000\u00b0C<\/p>\n<p>Struttura cristallina: appartiene al sistema cristallino tripartito, il gruppo spaziale \u00e8 R3c, costante reticolare a=b=0,519nm, c=1,334nm, \u03b1=\u03b2=90\u00b0, \u03b3=120\u00b0, volume della cella V=0,3113nm\u00b3<\/p>\n<h2><span style=\"font-size: 14pt;\">Applicazioni<\/span><\/h2>\n<p>Campo delle batterie agli ioni di litio: la polvere di fluoruro di ferro come materiale attivo anodico, con il suo elevato vantaggio teorico di capacit\u00e0 specifica, pu\u00f2 migliorare la densit\u00e0 energetica della batteria, fornire un supporto energetico pi\u00f9 duraturo per veicoli elettrici e altri veicoli elettrici e promuovere lo sviluppo di una nuova industria energetica.<\/p>\n<p>Campo di trattamento della superficie metallica: nel processo di incisione dei metalli, la soluzione di polvere di fluoruro di ferro pu\u00f2 rimuovere accuratamente una parte specifica della superficie metallica e, controllando la velocit\u00e0 e il grado di incisione, pu\u00f2 ottenere una lavorazione fine della microstruttura della superficie dei prodotti in metallo per soddisfare le esigenze della produzione di prodotti di alta precisione come i chip elettronici.<\/p>\n<p>Materiali ottici: pu\u00f2 essere utilizzato per preparare il vetro ottico e, regolando la sua proporzione nella formula del vetro, pu\u00f2 modificare l&#8217;indice di rifrazione, la dispersione e altre propriet\u00e0 ottiche del vetro, fornendo materiali chiave per la produzione di lenti ottiche di alta qualit\u00e0, fibre ottiche, ecc. e promuovendo il miglioramento delle prestazioni degli strumenti ottici.<\/p>\n<p>Campo catalitico: come catalizzatore, la polvere di fluoruro di ferro pu\u00f2 ridurre l&#8217;energia di attivazione della reazione, accelerare la velocit\u00e0 di reazione e migliorare la selettivit\u00e0 del prodotto bersaglio nella reazione di sintesi organica, come la reazione di alchilazione degli idrocarburi aromatici, che \u00e8 di grande valore nell&#8217;industria della sintesi chimica.<\/p>\n<h2><span style=\"font-size: 14pt;\">Controllo qualit\u00e0<\/span><\/h2>\n<p><span style=\"color: #0000ff;\"><a style=\"color: #0000ff;\" href=\"https:\/\/vimaterial.de\/en\/quality-control\/\">Il controllo di qualit\u00e0<\/a> <\/span>di ogni lotto di prodotti viene effettuato durante l&#8217;intero processo di approvvigionamento delle materie prime, produzione e lavorazione, test e ispezione e imballaggio, seguendo rigorosamente gli standard internazionali e le norme del settore. Disponiamo di apparecchiature di collaudo avanzate, team di controllo qualit\u00e0 professionale e rigoroso sistema di controllo della qualit\u00e0 per garantire la qualit\u00e0 del prodotto. <\/p>\n<h2><span style=\"font-size: 14pt;\">Imballaggio e stoccaggio<\/span><\/h2>\n<p>La polvere di fluoruro di ferro \u00e8 confezionata in un sacchetto sottovuoto a doppio strato o in una bottiglia sottovuoto a doppio strato e la confezione esterna \u00e8 confezionata in una scatola di cartone.<\/p>\n<p>La polvere di fluoruro di ferro deve essere conservata in un ambiente asciutto, fresco e ben ventilato, sigillata, evitando il contatto con acqua, aria umida, alcali forti e sostanze suscettibili di reazione chimica, e deve essere collocata in conformit\u00e0 con le disposizioni dello stoccaggio di prodotti chimici, lontano da fuoco e fonti di calore.<\/p>\n","protected":false},"excerpt":{"rendered":"<p>La polvere di fluoruro di ferro \u00e8 una sorta di polvere composta da elementi di ferro e fluoro, il colore \u00e8 solitamente bianco o bianco sporco, leggermente solubile in acqua e svolge un ruolo importante nel campo dei materiali per batterie, catalizzatori e cos\u00ec via.<\/p>\n","protected":false},"featured_media":1001908,"comment_status":"open","ping_status":"closed","template":"","meta":{"_acf_changed":false},"product_brand":[],"product_cat":[201],"product_tag":[],"class_list":{"0":"post-1015113","1":"product","2":"type-product","3":"status-publish","4":"has-post-thumbnail","6":"product_cat-materiali-a-base-di-alogenuri","8":"first","9":"instock","10":"shipping-taxable","11":"purchasable","12":"product-type-variable"},"acf":[],"_links":{"self":[{"href":"https:\/\/vimaterial.de\/it\/wp-json\/wp\/v2\/product\/1015113","targetHints":{"allow":["GET"]}}],"collection":[{"href":"https:\/\/vimaterial.de\/it\/wp-json\/wp\/v2\/product"}],"about":[{"href":"https:\/\/vimaterial.de\/it\/wp-json\/wp\/v2\/types\/product"}],"replies":[{"embeddable":true,"href":"https:\/\/vimaterial.de\/it\/wp-json\/wp\/v2\/comments?post=1015113"}],"wp:featuredmedia":[{"embeddable":true,"href":"https:\/\/vimaterial.de\/it\/wp-json\/wp\/v2\/media\/1001908"}],"wp:attachment":[{"href":"https:\/\/vimaterial.de\/it\/wp-json\/wp\/v2\/media?parent=1015113"}],"wp:term":[{"taxonomy":"product_brand","embeddable":true,"href":"https:\/\/vimaterial.de\/it\/wp-json\/wp\/v2\/product_brand?post=1015113"},{"taxonomy":"product_cat","embeddable":true,"href":"https:\/\/vimaterial.de\/it\/wp-json\/wp\/v2\/product_cat?post=1015113"},{"taxonomy":"product_tag","embeddable":true,"href":"https:\/\/vimaterial.de\/it\/wp-json\/wp\/v2\/product_tag?post=1015113"}],"curies":[{"name":"wp","href":"https:\/\/api.w.org\/{rel}","templated":true}]}}