{"id":1015105,"date":"2024-06-17T14:42:44","date_gmt":"2024-06-17T06:42:44","guid":{"rendered":"https:\/\/vimaterial.de\/product\/ferro-magnesio\/"},"modified":"2025-04-17T08:55:49","modified_gmt":"2025-04-17T00:55:49","slug":"ferro-magnesio","status":"publish","type":"product","link":"https:\/\/vimaterial.de\/it\/product\/ferro-magnesio\/","title":{"rendered":"Ferro Magnesio"},"content":{"rendered":"<p>I bersagli sputtering di ferro e magnesio sono materiali costituiti da ferro e magnesio, che vengono utilizzati principalmente nella deposizione fisica da vapore. Durante il processo di sputtering, gli atomi di ferro e magnesio vengono depositati sul substrato per formare film sottili con speciali propriet\u00e0 fisico-chimiche, utili nei settori dell&#8217;elettronica e della protezione dei materiali. <\/p>\n<p>VIMATERIAL fornisce bersagli sputtering di ferro e magnesio, i nostri target sputtering di ferro e magnesio presentano i vantaggi di elevata purezza, buona densit\u00e0, buona struttura cristallina, eccellenti propriet\u00e0 del film sottile, elevata precisione dimensionale e alta efficienza di sputtering e siamo in grado di fornire un servizio di legatura, possiamo accettare personalizzazioni ed esperimenti, <span style=\"color: #0000ff;\"><a style=\"color: #0000ff;\" href=\"https:\/\/vimaterial.de\/en\/contact-us\/\">vi preghiamo di contattarci<\/a><\/span> presto! Contattateci. <\/p>\n<h2><span style=\"font-size: 14pt;\">Propriet\u00e0 fisiche<\/span><\/h2>\n<p>Formula molecolare: FeMg<\/p>\n<p>Aspetto: colore grigio argento metallizzato, pu\u00f2 avere una lucentezza metallica sulla superficie del materiale target.<\/p>\n<p>Densit\u00e0: circa 3,5 &#8211; 7,9 g\/cm\u00b3.<\/p>\n<p>Punto di fusione: circa 649 &#8211; 1538\u00b0C<\/p>\n<h2><span style=\"font-size: 14pt;\">Applicazioni<\/span><\/h2>\n<p>Campo elettronico: utilizzato nella produzione di strati di schermatura elettromagnetica di componenti elettronici, riduce efficacemente le interferenze elettromagnetiche, per garantire il funzionamento stabile delle apparecchiature elettroniche.<\/p>\n<p>Campo di produzione automobilistica: utilizzato come materiale di rivestimento resistente all&#8217;usura per le parti del motore per migliorare la resistenza all&#8217;usura delle parti e migliorare la durata del motore.<\/p>\n<p>Campo aerospaziale: applicato alla superficie di parti strutturali leggere di aeromobili, per garantire un certo grado di resistenza riducendo il peso e migliorando le prestazioni del velivolo.<\/p>\n<h2><span style=\"font-size: 14pt;\">Controllo qualit\u00e0<\/span><\/h2>\n<p><span style=\"color: #0000ff;\"><a style=\"color: #0000ff;\" href=\"https:\/\/vimaterial.de\/en\/quality-control\/\">Il controllo di qualit\u00e0<\/a><\/span> dei nostri prodotti \u00e8 molto rigoroso, dalla selezione di materie prime stabili e di elevata purezza, all&#8217;uso di attrezzature di precisione avanzate e tecnologia rigorosa durante il controllo preciso del processo di produzione, all&#8217;uso di metodi di test professionali sulle propriet\u00e0 fisiche, chimiche, microstrutturali e di altro tipo del prodotto dell&#8217;intera gamma di test approfonditi,  Ogni collegamento \u00e8 rigorosamente seguire gli standard internazionali elevati, per garantire che ogni lotto di materiali consegnato con qualit\u00e0 e stabilit\u00e0 eccellenti, per fornire ai clienti una garanzia di qualit\u00e0 solida e affidabile. Ci impegniamo a garantire che ogni lotto di materiali consegnato abbia un&#8217;eccellente qualit\u00e0 e stabilit\u00e0, fornendo ai clienti una garanzia di qualit\u00e0 solida e affidabile. <\/p>\n<h2><span style=\"font-size: 14pt;\">Imballaggio e stoccaggio<\/span><\/h2>\n<p>I bersagli sputtering di ferro e magnesio sono confezionati in sacchetti e scatole sottovuoto doppi e l&#8217;esterno \u00e8 imballato in scatole di cartone.<\/p>\n<p>I bersagli sputtering di ferro e magnesio devono essere conservati in un ambiente asciutto, fresco e ben ventilato, evitando l&#8217;umidit\u00e0, evitando il contatto con sostanze corrosive come acidi e alcali ed evitando anche collisioni violente e luce solare diretta al fine di mantenere la stabilit\u00e0 delle sue propriet\u00e0 fisiche e chimiche.<\/p>\n","protected":false},"excerpt":{"rendered":"<p>I bersagli sputtering di ferro e magnesio sono materiali costituiti da ferro e magnesio, che vengono utilizzati principalmente nella deposizione fisica da vapore. Durante il processo di sputtering, gli atomi di ferro e magnesio vengono depositati sul substrato per formare film sottili con speciali propriet\u00e0 fisico-chimiche, utili nei settori dell&#8217;elettronica e della protezione dei materiali. <\/p>\n","protected":false},"featured_media":1001924,"comment_status":"open","ping_status":"closed","template":"","meta":{"_acf_changed":false},"product_brand":[],"product_cat":[197],"product_tag":[],"class_list":{"0":"post-1015105","1":"product","2":"type-product","3":"status-publish","4":"has-post-thumbnail","6":"product_cat-obiettivi-di-sputtering-planari","8":"first","9":"instock","10":"shipping-taxable","11":"product-type-variable"},"acf":[],"_links":{"self":[{"href":"https:\/\/vimaterial.de\/it\/wp-json\/wp\/v2\/product\/1015105","targetHints":{"allow":["GET"]}}],"collection":[{"href":"https:\/\/vimaterial.de\/it\/wp-json\/wp\/v2\/product"}],"about":[{"href":"https:\/\/vimaterial.de\/it\/wp-json\/wp\/v2\/types\/product"}],"replies":[{"embeddable":true,"href":"https:\/\/vimaterial.de\/it\/wp-json\/wp\/v2\/comments?post=1015105"}],"wp:featuredmedia":[{"embeddable":true,"href":"https:\/\/vimaterial.de\/it\/wp-json\/wp\/v2\/media\/1001924"}],"wp:attachment":[{"href":"https:\/\/vimaterial.de\/it\/wp-json\/wp\/v2\/media?parent=1015105"}],"wp:term":[{"taxonomy":"product_brand","embeddable":true,"href":"https:\/\/vimaterial.de\/it\/wp-json\/wp\/v2\/product_brand?post=1015105"},{"taxonomy":"product_cat","embeddable":true,"href":"https:\/\/vimaterial.de\/it\/wp-json\/wp\/v2\/product_cat?post=1015105"},{"taxonomy":"product_tag","embeddable":true,"href":"https:\/\/vimaterial.de\/it\/wp-json\/wp\/v2\/product_tag?post=1015105"}],"curies":[{"name":"wp","href":"https:\/\/api.w.org\/{rel}","templated":true}]}}