{"id":1015103,"date":"2024-06-17T14:42:44","date_gmt":"2024-06-17T06:42:44","guid":{"rendered":"https:\/\/vimaterial.de\/product\/lega-di-ferro-e-gallio\/"},"modified":"2025-04-17T08:57:38","modified_gmt":"2025-04-17T00:57:38","slug":"lega-di-ferro-e-gallio","status":"publish","type":"product","link":"https:\/\/vimaterial.de\/it\/product\/lega-di-ferro-e-gallio\/","title":{"rendered":"Lega di ferro e gallio"},"content":{"rendered":"<p>Il bersaglio sputtering in <span style=\"color: #0000ff;\"><a style=\"color: #0000ff;\" href=\"https:\/\/vimaterial.de\/en\/product\/iron-gallium-alloy\/\">lega di ferro e gallio<\/a><\/span> \u00e8 un tipo di bersaglio in lega composto da ferro e gallio, questo tipo di bersaglio pu\u00f2 depositare atomi di ferro e gallio sul substrato nel processo di deposizione fisica da vapore per formare un film sottile con propriet\u00e0 magnetostrittive uniche, buona conduttivit\u00e0 elettrica e un certo grado di resistenza alla corrosione, che ha un futuro promettente nel campo dei sistemi microelettromeccanici,  sensori e attuatori.<\/p>\n<p>VIMATERIAL fornisce bersagli sputtering in lega di ferro gallio, i nostri target sputtering in lega di ferro gallio presentano i vantaggi di elevata purezza, buona densit\u00e0, buona struttura cristallina, eccellenti propriet\u00e0 del film sottile, elevata precisione dimensionale, alta efficienza sputtering e siamo in grado di fornire un servizio di legatura, possiamo accettare la personalizzazione e la sperimentazione dei prodotti. <span style=\"color: #0000ff;\"><a style=\"color: #0000ff;\" href=\"https:\/\/vimaterial.de\/en\/contact-us\/\"> Vi preghiamo di contattarci<\/a><\/span> al pi\u00f9 presto. <\/p>\n<h2><span style=\"font-size: 14pt;\">Propriet\u00e0 fisiche<\/span><\/h2>\n<p>Formula molecolare: FeGa<\/p>\n<p>Aspetto: lucentezza metallica grigio argento, materiale target con superficie liscia.<\/p>\n<p>Densit\u00e0: generalmente intorno ai 7 &#8211; 8 g\/cm\u00b3.<\/p>\n<p>Punto di fusione: all&#8217;incirca nell&#8217;intervallo 1200 &#8211; 1400\u00b0C<\/p>\n<p>Struttura cristallina: struttura cubica centrata sul corpo<\/p>\n<h2><span style=\"font-size: 14pt;\">Applicazioni<\/span><\/h2>\n<p>Campo dell&#8217;informazione elettronica: utilizzato nella preparazione di sensori magnetici e attuatori in chip semiconduttori per migliorare le prestazioni del chip.<\/p>\n<p>Sistemi microelettromeccanici: utilizzati come materiale chiave per la produzione di componenti a film sottile di alta precisione in sistemi microelettromeccanici, come micro-nano sensori e micro-nano attuatori.<\/p>\n<p>Campo dei materiali magnetici: i materiali magnetostrittivi ad alte prestazioni possono essere preparati e applicati a trasformatori, induttori, ecc. per ottimizzare le prestazioni elettromagnetiche.<\/p>\n<p>Settore aerospaziale: utilizzato nella produzione di rivestimenti resistenti alle alte temperature e alla corrosione e componenti magnetici in apparecchiature aerospaziali per migliorare l&#8217;affidabilit\u00e0 delle apparecchiature.<\/p>\n<p>Campo energetico: nelle batterie di nuova energia e nelle celle solari, pu\u00f2 essere utilizzato come materiale per elettrodi o materiale per film funzionali per migliorare le prestazioni e l&#8217;efficienza della batteria.<\/p>\n<h2><span style=\"font-size: 14pt;\">Controllo qualit\u00e0<\/span><\/h2>\n<p><span style=\"color: #0000ff;\"><a style=\"color: #0000ff;\" href=\"https:\/\/vimaterial.de\/en\/quality-control\/\">Il controllo di qualit\u00e0<\/a> <\/span>dei nostri prodotti \u00e8 molto rigoroso, dalla selezione di materie prime stabili e di elevata purezza, all&#8217;uso di attrezzature di precisione avanzate e tecnologia rigorosa durante il controllo preciso del processo di produzione, all&#8217;uso di metodi di test professionali sulle propriet\u00e0 fisiche, chimiche, microstrutturali e di altro tipo del prodotto dell&#8217;intera gamma di test approfonditi,  Ogni collegamento \u00e8 rigorosamente seguire gli standard internazionali elevati, per garantire che ogni lotto di materiali consegnato con qualit\u00e0 e stabilit\u00e0 eccellenti, per fornire ai clienti una garanzia di qualit\u00e0 solida e affidabile. Ci impegniamo a garantire che ogni lotto di materiali consegnato abbia un&#8217;eccellente qualit\u00e0 e stabilit\u00e0, fornendo ai clienti una garanzia di qualit\u00e0 solida e affidabile. <\/p>\n<h2><span style=\"font-size: 14pt;\">Imballaggio e stoccaggio<\/span><\/h2>\n<p>I bersagli sputtering in lega di ferro e gallio sono confezionati in sacchetti e scatole sottovuoto a doppio strato e l&#8217;esterno \u00e8 confezionato in cartoni.<\/p>\n<p>I bersagli sputtering in lega di ferro gallio devono essere conservati in un ambiente asciutto e ben ventilato a una temperatura stabile, protetti da umidit\u00e0, ossidazione e sostanze corrosive e protetti da urti fisici violenti per garantire che le loro propriet\u00e0 fisiche e chimiche non vengano danneggiate.<\/p>\n","protected":false},"excerpt":{"rendered":"<p>Il bersaglio sputtering in <span style=\"color: #0000ff;\"><a style=\"color: #0000ff;\" href=\"https:\/\/vimaterial.de\/en\/product\/iron-gallium-alloy\/\">lega di ferro e gallio<\/a><\/span> \u00e8 un tipo di bersaglio in lega composto da ferro e gallio, questo tipo di bersaglio pu\u00f2 depositare atomi di ferro e gallio sul substrato nel processo di deposizione fisica da vapore per formare un film sottile con propriet\u00e0 magnetostrittive uniche, buona conduttivit\u00e0 elettrica e un certo grado di resistenza alla corrosione, che ha un futuro promettente nel campo dei sistemi microelettromeccanici,  sensori e attuatori.<\/p>\n","protected":false},"featured_media":1001915,"comment_status":"open","ping_status":"closed","template":"","meta":{"_acf_changed":false},"product_brand":[],"product_cat":[197],"product_tag":[],"class_list":{"0":"post-1015103","1":"product","2":"type-product","3":"status-publish","4":"has-post-thumbnail","6":"product_cat-obiettivi-di-sputtering-planari","8":"first","9":"instock","10":"shipping-taxable","11":"product-type-variable"},"acf":[],"_links":{"self":[{"href":"https:\/\/vimaterial.de\/it\/wp-json\/wp\/v2\/product\/1015103","targetHints":{"allow":["GET"]}}],"collection":[{"href":"https:\/\/vimaterial.de\/it\/wp-json\/wp\/v2\/product"}],"about":[{"href":"https:\/\/vimaterial.de\/it\/wp-json\/wp\/v2\/types\/product"}],"replies":[{"embeddable":true,"href":"https:\/\/vimaterial.de\/it\/wp-json\/wp\/v2\/comments?post=1015103"}],"wp:featuredmedia":[{"embeddable":true,"href":"https:\/\/vimaterial.de\/it\/wp-json\/wp\/v2\/media\/1001915"}],"wp:attachment":[{"href":"https:\/\/vimaterial.de\/it\/wp-json\/wp\/v2\/media?parent=1015103"}],"wp:term":[{"taxonomy":"product_brand","embeddable":true,"href":"https:\/\/vimaterial.de\/it\/wp-json\/wp\/v2\/product_brand?post=1015103"},{"taxonomy":"product_cat","embeddable":true,"href":"https:\/\/vimaterial.de\/it\/wp-json\/wp\/v2\/product_cat?post=1015103"},{"taxonomy":"product_tag","embeddable":true,"href":"https:\/\/vimaterial.de\/it\/wp-json\/wp\/v2\/product_tag?post=1015103"}],"curies":[{"name":"wp","href":"https:\/\/api.w.org\/{rel}","templated":true}]}}