{"id":1015077,"date":"2024-06-17T14:43:15","date_gmt":"2024-06-17T06:43:15","guid":{"rendered":"https:\/\/vimaterial.de\/product\/solfuro-di-ferro-6\/"},"modified":"2025-04-16T14:48:54","modified_gmt":"2025-04-16T06:48:54","slug":"solfuro-di-ferro-6","status":"publish","type":"product","link":"https:\/\/vimaterial.de\/it\/product\/solfuro-di-ferro-6\/","title":{"rendered":"Solfuro di ferro"},"content":{"rendered":"<p>I granuli di <span style=\"color: #0000ff;\"><a style=\"color: #0000ff;\" href=\"https:\/\/vimaterial.de\/en\/product\/iron-sulfide-3\/\">solfuro di ferro<\/a><\/span> sono granuli solidi neri o marrone scuro, il componente principale \u00e8 il solfuro ferroso, con propriet\u00e0 chimiche come insolubile in acqua, solubile in acido e ha una vasta gamma di applicazioni nell&#8217;industria, nella protezione dell&#8217;ambiente e in altri campi.<\/p>\n<p>VIMATERIAL fornisce granuli di solfuro di ferro, i nostri granuli sono uniformi e stabili nella composizione, ad alta purezza, forti nella durezza, controllabili nella dimensione delle particelle, ecc. E possiamo accettare prodotti ed esperimenti personalizzati, abbiamo un team di ricerca e sviluppo tecnico professionale,<span style=\"color: #0000ff;\"><a style=\"color: #0000ff;\" href=\"https:\/\/vimaterial.de\/en\/contact-us\/\"> contattaci<\/a><\/span> presto. <\/p>\n<h2><span style=\"font-size: 14pt;\">Propriet\u00e0 fisiche<\/span><\/h2>\n<p>Formula molecolare: FeS<\/p>\n<p>Peso molecolare: 87,91<\/p>\n<p>Aspetto: cristalli esagonali solitamente nero-marroni<\/p>\n<p>Densit\u00e0: circa 4,84 g\/cm\u00b3.<\/p>\n<p>Punto di fusione: circa 1194\u00b0C<\/p>\n<p>Struttura cristallina: appartiene al sistema cristallino esagonale, la sua struttura cristallina determina che le sue propriet\u00e0 fisiche e chimiche possono differire in diverse direzioni.<\/p>\n<h2><span style=\"font-size: 14pt;\">Applicazione<\/span><\/h2>\n<p>Campo industriale: Nell&#8217;industria, pu\u00f2 essere utilizzato come materia prima importante per la preparazione di sali di ferro come il solfato ferroso, ampiamente utilizzato nella purificazione dell&#8217;acqua, negli additivi per mangimi e nelle industrie dei pigmenti.<\/p>\n<p>Agricoltura: in agricoltura, pu\u00f2 essere aggiunto al terreno come fertilizzante solforoso per fornire elementi solforati alle colture che amano lo zolfo, migliorare la resistenza e la qualit\u00e0 delle colture e aiutare la produzione agricola.<\/p>\n<p>Campo della protezione ambientale: Nella protezione dell&#8217;ambiente, ha alcune propriet\u00e0 riducenti e pu\u00f2 essere utilizzato per trattare le acque reflue contenenti ioni di metalli pesanti, attraverso la reazione chimica per convertire parte degli ioni di metalli pesanti in precipitazioni, in modo da ridurre il grado di inquinamento delle acque reflue e svolgere un ruolo nella purificazione della qualit\u00e0 dell&#8217;acqua.<\/p>\n<h2><span style=\"font-size: 14pt;\">Controllo qualit\u00e0<\/span><\/h2>\n<p><span style=\"color: #0000ff;\"><a style=\"color: #0000ff;\" href=\"https:\/\/vimaterial.de\/en\/quality-control\/\">Ogni lotto<\/a><\/span> di prodotti protegge rigorosamente la qualit\u00e0, dalla selezione dei fornitori di materie prime, all&#8217;uso di apparecchiature di collaudo avanzate per monitorare accuratamente l&#8217;intero processo di produzione, al prodotto finito attraverso molti cicli di campionamento severo e certificazione autorevole di terze parti, per garantire che ogni lotto di prodotti soddisfi e superi gli elevati standard del settore con un tuttofare,  Sistema di controllo della qualit\u00e0 a tolleranza zero, per fornire ai nostri clienti la migliore qualit\u00e0 e i prodotti pi\u00f9 stabili.<\/p>\n<h2><span style=\"font-size: 14pt;\">Imballaggio e stoccaggio<\/span><\/h2>\n<p>I granuli di solfuro di ferro sono confezionati in sacchetti sottovuoto o flaconi sottovuoto con cartoni esterni.<\/p>\n<p>I granuli di solfuro di ferro devono essere conservati in un luogo asciutto, fresco e ben ventilato, lontano da aria, acqua e forti ossidanti per prevenire l&#8217;ossidazione, l&#8217;idrolisi e il deterioramento.<\/p>\n","protected":false},"excerpt":{"rendered":"<p>I granuli di <span style=\"color: #0000ff;\"><a style=\"color: #0000ff;\" href=\"https:\/\/vimaterial.de\/en\/product\/iron-sulfide-3\/\">solfuro di ferro<\/a><\/span> sono granuli solidi neri o marrone scuro, il componente principale \u00e8 il solfuro ferroso, con propriet\u00e0 chimiche come insolubile in acqua, solubile in acido e ha una vasta gamma di applicazioni nell&#8217;industria, nella protezione dell&#8217;ambiente e in altri campi.<\/p>\n","protected":false},"featured_media":1001945,"comment_status":"open","ping_status":"closed","template":"","meta":{"_acf_changed":false},"product_brand":[],"product_cat":[198],"product_tag":[],"class_list":{"0":"post-1015077","1":"product","2":"type-product","3":"status-publish","4":"has-post-thumbnail","6":"product_cat-materiali-per-levaporazione","8":"first","9":"instock","10":"shipping-taxable","11":"product-type-variable"},"acf":[],"_links":{"self":[{"href":"https:\/\/vimaterial.de\/it\/wp-json\/wp\/v2\/product\/1015077","targetHints":{"allow":["GET"]}}],"collection":[{"href":"https:\/\/vimaterial.de\/it\/wp-json\/wp\/v2\/product"}],"about":[{"href":"https:\/\/vimaterial.de\/it\/wp-json\/wp\/v2\/types\/product"}],"replies":[{"embeddable":true,"href":"https:\/\/vimaterial.de\/it\/wp-json\/wp\/v2\/comments?post=1015077"}],"wp:featuredmedia":[{"embeddable":true,"href":"https:\/\/vimaterial.de\/it\/wp-json\/wp\/v2\/media\/1001945"}],"wp:attachment":[{"href":"https:\/\/vimaterial.de\/it\/wp-json\/wp\/v2\/media?parent=1015077"}],"wp:term":[{"taxonomy":"product_brand","embeddable":true,"href":"https:\/\/vimaterial.de\/it\/wp-json\/wp\/v2\/product_brand?post=1015077"},{"taxonomy":"product_cat","embeddable":true,"href":"https:\/\/vimaterial.de\/it\/wp-json\/wp\/v2\/product_cat?post=1015077"},{"taxonomy":"product_tag","embeddable":true,"href":"https:\/\/vimaterial.de\/it\/wp-json\/wp\/v2\/product_tag?post=1015077"}],"curies":[{"name":"wp","href":"https:\/\/api.w.org\/{rel}","templated":true}]}}