{"id":1015075,"date":"2024-06-17T14:42:47","date_gmt":"2024-06-17T06:42:47","guid":{"rendered":"https:\/\/vimaterial.de\/product\/lega-di-ferro-nichel-e-boro\/"},"modified":"2025-04-16T14:49:36","modified_gmt":"2025-04-16T06:49:36","slug":"lega-di-ferro-nichel-e-boro","status":"publish","type":"product","link":"https:\/\/vimaterial.de\/it\/product\/lega-di-ferro-nichel-e-boro\/","title":{"rendered":"Lega di ferro nichel boro"},"content":{"rendered":"<p>Il bersaglio sputtering in lega di ferro nichel boro \u00e8 un tipo di bersaglio in lega composto da ferro, nichel e boro, che ha un buon magnetismo, resistenza alla corrosione e stabilit\u00e0 termica e pu\u00f2 essere depositato sul substrato per formare un film sottile con speciali propriet\u00e0 fisico-chimiche attraverso la tecnologia sputtering, ampiamente utilizzata nei campi dell&#8217;elettronica, dei materiali magnetici e cos\u00ec via.<\/p>\n<p>VIMATERIAL fornisce bersagli sputtering in lega di ferro nichel boro, i nostri bersagli sputtering in lega di ferro nichel-boro presentano i vantaggi di elevata purezza, buona densit\u00e0, buona struttura cristallina, eccellenti propriet\u00e0 del film sottile, elevata precisione dimensionale e alta efficienza di sputtering, e siamo in grado di fornire il servizio di legatura e possiamo accettare la personalizzazione e gli esperimenti. Possiamo accettare prodotti personalizzati ed esperimenti, <span style=\"color: #0000ff;\"><a style=\"color: #0000ff;\" href=\"https:\/\/vimaterial.de\/en\/contact-us\/\">vi preghiamo di contattarci<\/a><\/span> presto. <\/p>\n<h2><span style=\"font-size: 14pt;\">Propriet\u00e0 fisiche<\/span><\/h2>\n<p>Formula molecolare: FeNiB<\/p>\n<p>Aspetto: lucentezza metallica grigio-argento, superficie liscia e consistenza uniforme del materiale target<\/p>\n<p>Densit\u00e0: circa 7,5 &#8211; 8,5 g\/cm\u00b3.<\/p>\n<p>Punto di fusione: nell&#8217;intervallo di circa 1300 &#8211; 1500\u00b0C<\/p>\n<h2><span style=\"font-size: 14pt;\">Applicazioni<\/span><\/h2>\n<p>Elettronica: Elettrodi e interconnessioni per componenti elettronici per migliorare la conduttivit\u00e0 e la stabilit\u00e0.<\/p>\n<p>Aerospaziale: come materiale di rivestimento per componenti ad alta temperatura di motori aeronautici per migliorare la resistenza alle alte temperature e all&#8217;usura.<\/p>\n<p>Materiali magnetici: preparazione di materiali magnetici morbidi ad alte prestazioni per trasformatori, sensori, ecc. per ottimizzare le propriet\u00e0 magnetiche.<\/p>\n<h2><span style=\"font-size: 14pt;\">Controllo qualit\u00e0<\/span><\/h2>\n<p><span style=\"color: #0000ff;\"><a style=\"color: #0000ff;\" href=\"https:\/\/vimaterial.de\/en\/quality-control\/\">Il controllo di qualit\u00e0<\/a> <\/span>dei nostri prodotti \u00e8 molto rigoroso, dalla selezione di materie prime stabili e di elevata purezza, all&#8217;uso di attrezzature di precisione avanzate e tecnologia rigorosa durante il controllo preciso del processo di produzione, all&#8217;uso di metodi di test professionali sulle propriet\u00e0 fisiche, chimiche, microstrutturali e di altro tipo del prodotto dell&#8217;intera gamma di test approfonditi,  Ogni collegamento \u00e8 rigorosamente seguire gli standard internazionali elevati, per garantire che ogni lotto di materiali consegnato con qualit\u00e0 e stabilit\u00e0 eccellenti, per fornire ai clienti una garanzia di qualit\u00e0 solida e affidabile. Ci impegniamo a garantire che ogni lotto di materiali consegnato abbia un&#8217;eccellente qualit\u00e0 e stabilit\u00e0, fornendo ai clienti una garanzia di qualit\u00e0 solida e affidabile. <\/p>\n<h2><span style=\"font-size: 14pt;\">Imballaggio e stoccaggio<\/span><\/h2>\n<p>I bersagli sputtering in lega di ferro nichel boro sono confezionati in sacchetti e scatole sottovuoto a doppio strato e l&#8217;esterno \u00e8 confezionato in cartoni.<\/p>\n<p>I bersagli sputtering in lega di ferro nichel boro devono essere conservati in un ambiente asciutto, fresco e ben ventilato a una temperatura costante, evitando il contatto con sostanze corrosive come acidi e alcali, prevenendo l&#8217;umidit\u00e0 e l&#8217;ossidazione ed evitando collisioni violente e luce solare diretta.<\/p>\n","protected":false},"excerpt":{"rendered":"<p>Il bersaglio sputtering in lega di ferro nichel boro \u00e8 un tipo di bersaglio in lega composto da ferro, nichel e boro, che ha un buon magnetismo, resistenza alla corrosione e stabilit\u00e0 termica e pu\u00f2 essere depositato sul substrato per formare un film sottile con speciali propriet\u00e0 fisico-chimiche attraverso la tecnologia sputtering, ampiamente utilizzata nei campi dell&#8217;elettronica, dei materiali magnetici e cos\u00ec via.<\/p>\n","protected":false},"featured_media":1001938,"comment_status":"open","ping_status":"closed","template":"","meta":{"_acf_changed":false},"product_brand":[],"product_cat":[197],"product_tag":[],"class_list":{"0":"post-1015075","1":"product","2":"type-product","3":"status-publish","4":"has-post-thumbnail","6":"product_cat-obiettivi-di-sputtering-planari","8":"first","9":"instock","10":"shipping-taxable","11":"product-type-variable"},"acf":[],"_links":{"self":[{"href":"https:\/\/vimaterial.de\/it\/wp-json\/wp\/v2\/product\/1015075","targetHints":{"allow":["GET"]}}],"collection":[{"href":"https:\/\/vimaterial.de\/it\/wp-json\/wp\/v2\/product"}],"about":[{"href":"https:\/\/vimaterial.de\/it\/wp-json\/wp\/v2\/types\/product"}],"replies":[{"embeddable":true,"href":"https:\/\/vimaterial.de\/it\/wp-json\/wp\/v2\/comments?post=1015075"}],"wp:featuredmedia":[{"embeddable":true,"href":"https:\/\/vimaterial.de\/it\/wp-json\/wp\/v2\/media\/1001938"}],"wp:attachment":[{"href":"https:\/\/vimaterial.de\/it\/wp-json\/wp\/v2\/media?parent=1015075"}],"wp:term":[{"taxonomy":"product_brand","embeddable":true,"href":"https:\/\/vimaterial.de\/it\/wp-json\/wp\/v2\/product_brand?post=1015075"},{"taxonomy":"product_cat","embeddable":true,"href":"https:\/\/vimaterial.de\/it\/wp-json\/wp\/v2\/product_cat?post=1015075"},{"taxonomy":"product_tag","embeddable":true,"href":"https:\/\/vimaterial.de\/it\/wp-json\/wp\/v2\/product_tag?post=1015075"}],"curies":[{"name":"wp","href":"https:\/\/api.w.org\/{rel}","templated":true}]}}