{"id":1015065,"date":"2024-06-17T14:43:15","date_gmt":"2024-06-17T06:43:15","guid":{"rendered":"https:\/\/vimaterial.de\/product\/solfuro-di-ferro-5\/"},"modified":"2025-04-16T14:44:14","modified_gmt":"2025-04-16T06:44:14","slug":"solfuro-di-ferro-5","status":"publish","type":"product","link":"https:\/\/vimaterial.de\/it\/product\/solfuro-di-ferro-5\/","title":{"rendered":"Solfuro di ferro"},"content":{"rendered":"<p>La polvere di <span style=\"color: #0000ff;\"><a style=\"color: #0000ff;\" href=\"https:\/\/vimaterial.de\/en\/product\/iron-sulfide-3\/\">solfuro di ferro<\/a><\/span> \u00e8 una polvere nero-marrone, composta principalmente da ferro e zolfo, con una certa lucentezza metallica, insolubile in acqua, pu\u00f2 essere utilizzata come materia prima per la preparazione di altri composti di ferro nell&#8217;industria chimica e utilizzata anche nel campo del trattamento delle acque reflue e della produzione di pigmenti.<\/p>\n<p>VIAMTERIAL fornisce polvere di solfuro di ferro, la nostra polvere ha le caratteristiche di elevata purezza, granulometria uniforme, buona scorrevolezza, propriet\u00e0 chimiche stabili, ecc. Supportiamo anche l&#8217;imballaggio e l&#8217;ordinazione di piccoli lotti. Abbiamo un team di ricerca e sviluppo tecnico professionale, accettiamo la personalizzazione e la sperimentazione del prodotto, non esitate <span style=\"color: #0000ff;\"><a style=\"color: #0000ff;\" href=\"https:\/\/vimaterial.de\/en\/contact-us\/\">a contattarci.<\/a><\/span>  <\/p>\n<h2><span style=\"font-size: 14pt;\">Propriet\u00e0 fisiche<\/span><\/h2>\n<p>Formula molecolare: FeS<\/p>\n<p>Peso molecolare: circa 87,91<\/p>\n<p>Aspetto: Si presenta come polvere nero-marrone con una leggera lucentezza metallica<\/p>\n<p>Densit\u00e0: circa 4,84 g\/cm\u00b3<\/p>\n<p>Punto di fusione: circa 1194\u00b0C<\/p>\n<p>Struttura cristallina: Ha una struttura cristallina esagonale, che influisce sulle sue propriet\u00e0 fisiche e chimiche, come le propriet\u00e0 elettriche e magnetiche.<\/p>\n<h2><span style=\"font-size: 14pt;\">Applicazioni<\/span><\/h2>\n<p>Campo di trattamento delle acque reflue: la polvere di solfuro di ferro viene utilizzata nel trattamento delle acque reflue, che pu\u00f2 rimuovere gli ioni di metalli pesanti nelle acque reflue attraverso le precipitazioni, formare precipitazioni di solfuro di metallo insolubile, purificare efficacemente la qualit\u00e0 dell&#8217;acqua, soddisfare lo standard di scarico e aiutare il collegamento di trattamento delle acque reflue nel settore della protezione ambientale.<\/p>\n<p>Industria metallurgica: nel processo di fusione del ferro e dell&#8217;acciaio, la polvere di solfuro di ferro, come una sorta di agente solforante, pu\u00f2 regolare il contenuto di zolfo nel ferro e nell&#8217;acciaio, in modo da migliorare le propriet\u00e0 di taglio e meccaniche del ferro e dell&#8217;acciaio e soddisfare i requisiti specifici dei materiali in ferro e acciaio per diverse applicazioni industriali.<\/p>\n<h2><span style=\"font-size: 14pt;\">Controllo qualit\u00e0<\/span><\/h2>\n<p><span style=\"color: #0000ff;\"><a style=\"color: #0000ff;\" href=\"https:\/\/vimaterial.de\/en\/quality-control\/\">Il controllo di qualit\u00e0<\/a><\/span> di ogni lotto di prodotti viene effettuato durante l&#8217;intero processo di approvvigionamento delle materie prime, produzione e lavorazione, test e ispezione e imballaggio, seguendo rigorosamente gli standard internazionali e le norme del settore. Disponiamo di apparecchiature di collaudo avanzate, team di controllo qualit\u00e0 professionale e rigoroso sistema di controllo della qualit\u00e0 per garantire la qualit\u00e0 del prodotto. <\/p>\n<h2><span style=\"font-size: 14pt;\">Imballaggio e stoccaggio<\/span><\/h2>\n<p>La polvere di solfuro di ferro \u00e8 confezionata in un sacchetto sottovuoto a doppio strato o in una bottiglia sottovuoto a doppio strato e la confezione esterna \u00e8 confezionata in una scatola di cartone.<\/p>\n<p>La polvere di solfuro di ferro deve essere conservata in un ambiente asciutto, fresco, ben ventilato, sigillata, evitando il contatto con agenti ossidanti e acidi, prevenendo l&#8217;umidit\u00e0, l&#8217;ossidazione e possibili reazioni chimiche, e collocata in conformit\u00e0 con le normative sullo stoccaggio dei prodotti chimici.<\/p>\n","protected":false},"excerpt":{"rendered":"<p>La polvere di <span style=\"color: #0000ff;\"><a style=\"color: #0000ff;\" href=\"https:\/\/vimaterial.de\/en\/product\/iron-sulfide-3\/\">solfuro di ferro<\/a><\/span> \u00e8 una polvere nero-marrone, composta principalmente da ferro e zolfo, con una certa lucentezza metallica, insolubile in acqua, pu\u00f2 essere utilizzata come materia prima per la preparazione di altri composti di ferro nell&#8217;industria chimica e utilizzata anche nel campo del trattamento delle acque reflue e della produzione di pigmenti.<\/p>\n","protected":false},"featured_media":1001952,"comment_status":"open","ping_status":"closed","template":"","meta":{"_acf_changed":false},"product_brand":[],"product_cat":[200],"product_tag":[],"class_list":{"0":"post-1015065","1":"product","2":"type-product","3":"status-publish","4":"has-post-thumbnail","6":"product_cat-materiali-calcogenidici","8":"first","9":"instock","10":"shipping-taxable","11":"purchasable","12":"product-type-variable"},"acf":[],"_links":{"self":[{"href":"https:\/\/vimaterial.de\/it\/wp-json\/wp\/v2\/product\/1015065","targetHints":{"allow":["GET"]}}],"collection":[{"href":"https:\/\/vimaterial.de\/it\/wp-json\/wp\/v2\/product"}],"about":[{"href":"https:\/\/vimaterial.de\/it\/wp-json\/wp\/v2\/types\/product"}],"replies":[{"embeddable":true,"href":"https:\/\/vimaterial.de\/it\/wp-json\/wp\/v2\/comments?post=1015065"}],"wp:featuredmedia":[{"embeddable":true,"href":"https:\/\/vimaterial.de\/it\/wp-json\/wp\/v2\/media\/1001952"}],"wp:attachment":[{"href":"https:\/\/vimaterial.de\/it\/wp-json\/wp\/v2\/media?parent=1015065"}],"wp:term":[{"taxonomy":"product_brand","embeddable":true,"href":"https:\/\/vimaterial.de\/it\/wp-json\/wp\/v2\/product_brand?post=1015065"},{"taxonomy":"product_cat","embeddable":true,"href":"https:\/\/vimaterial.de\/it\/wp-json\/wp\/v2\/product_cat?post=1015065"},{"taxonomy":"product_tag","embeddable":true,"href":"https:\/\/vimaterial.de\/it\/wp-json\/wp\/v2\/product_tag?post=1015065"}],"curies":[{"name":"wp","href":"https:\/\/api.w.org\/{rel}","templated":true}]}}