{"id":1015062,"date":"2024-06-17T14:43:16","date_gmt":"2024-06-17T06:43:16","guid":{"rendered":"https:\/\/vimaterial.de\/product\/solfuro-di-ferro-4\/"},"modified":"2025-04-16T14:42:46","modified_gmt":"2025-04-16T06:42:46","slug":"solfuro-di-ferro-4","status":"publish","type":"product","link":"https:\/\/vimaterial.de\/it\/product\/solfuro-di-ferro-4\/","title":{"rendered":"Solfuro di ferro"},"content":{"rendered":"<p>Il bersaglio sputtering del solfuro di ferro \u00e8 un bersaglio composto costituito da ferro e zolfo, utilizzato nel processo di deposizione fisica da vapore, in cui gli atomi di ferro e zolfo vengono depositati sul substrato durante lo sputtering per formare film sottili con una certa stabilit\u00e0 chimica e speciali propriet\u00e0 fotovoltaiche, che vengono utilizzati nei campi dei materiali fotovoltaici, della ricerca mineraria e cos\u00ec via.<\/p>\n<p>VIMATERIAL fornisce bersagli sputtering al solfuro di ferro, i nostri target sputtering al solfuro di ferro presentano i vantaggi di elevata purezza, buona densit\u00e0, buona struttura cristallina, eccellenti propriet\u00e0 del film sottile, elevata precisione dimensionale e alta efficienza sputtering e siamo in grado di fornire il servizio di legatura, possiamo accettare la personalizzazione dei prodotti e gli esperimenti, vi preghiamo di <span style=\"color: #0000ff;\"><a style=\"color: #0000ff;\" href=\"https:\/\/vimaterial.de\/en\/contact-us\/\">contattarci<\/a><\/span> presto.<\/p>\n<h2><span style=\"font-size: 14pt;\">Propriet\u00e0 fisiche<\/span><\/h2>\n<p>Formula molecolare: FeS<\/p>\n<p>Peso molecolare: circa 87,91 g\/mol<\/p>\n<p>Aspetto: Bersaglio solitamente nero-marrone o giallo-rame con lucentezza metallica.<\/p>\n<p>Densit\u00e0: circa 4,84 g\/cm\u00b3.<\/p>\n<p>Punto di fusione: circa 1194\u00b0C<\/p>\n<p>Punto di ebollizione: circa 1600\u00b0C per la temperatura di sublimazione<\/p>\n<p>Struttura cristallina: Sistema cristallino esagonale<\/p>\n<h2><span style=\"font-size: 14pt;\">Applicazioni<\/span><\/h2>\n<p>Campo batteria: utilizzato nella preparazione di nuovi materiali per elettrodi della batteria per migliorare le prestazioni di accumulo e conversione dell&#8217;energia della batteria.<\/p>\n<p>Campo del dispositivo optoelettronico: utilizzato come materiale dello strato attivo per aumentare l&#8217;assorbimento della luce e la trasmissione della carica nei dispositivi optoelettronici.<\/p>\n<p>Campo catalitico: utilizzato come catalizzatore o vettore del catalizzatore per accelerare il processo di reazione chimica e migliorare l&#8217;efficienza della reazione.<\/p>\n<h2><span style=\"font-size: 14pt;\">Controllo qualit\u00e0<\/span><\/h2>\n<p><span style=\"color: #0000ff;\"><a style=\"color: #0000ff;\" href=\"https:\/\/vimaterial.de\/en\/quality-control\/\">Il controllo di qualit\u00e0<\/a> <\/span>dei nostri prodotti \u00e8 molto rigoroso, dalla selezione di materie prime stabili e di elevata purezza, all&#8217;uso di attrezzature di precisione avanzate e tecnologia rigorosa durante il controllo preciso del processo di produzione, all&#8217;uso di metodi di test professionali sulle propriet\u00e0 fisiche, chimiche, microstrutturali e di altro tipo del prodotto dell&#8217;intera gamma di test approfonditi,  Ogni collegamento \u00e8 rigorosamente seguire gli standard internazionali elevati, per garantire che ogni lotto di materiali consegnato con qualit\u00e0 e stabilit\u00e0 eccellenti, per fornire ai clienti una garanzia di qualit\u00e0 solida e affidabile. Ci impegniamo a garantire che ogni lotto di materiali consegnato abbia un&#8217;eccellente qualit\u00e0 e stabilit\u00e0, fornendo ai clienti una garanzia di qualit\u00e0 solida e affidabile. <\/p>\n<h2><span style=\"font-size: 14pt;\">Imballaggio e stoccaggio<\/span><\/h2>\n<p>I bersagli sputtering di solfuro di ferro sono confezionati in sacchetti e scatole sottovuoto a doppio strato e l&#8217;esterno \u00e8 confezionato in cartoni.<\/p>\n<p>I bersagli sputtering di solfuro di ferro devono essere conservati in un ambiente asciutto, fresco e ben ventilato, evitando l&#8217;umidit\u00e0, prevenendo l&#8217;ossidazione, isolando da acidi e altre sostanze corrosive ed evitando una forte luce e un violento impatto fisico.<\/p>\n","protected":false},"excerpt":{"rendered":"<p>Il bersaglio sputtering del solfuro di ferro \u00e8 un bersaglio composto costituito da ferro e zolfo, utilizzato nel processo di deposizione fisica da vapore, in cui gli atomi di ferro e zolfo vengono depositati sul substrato durante lo sputtering per formare film sottili con una certa stabilit\u00e0 chimica e speciali propriet\u00e0 fotovoltaiche, che vengono utilizzati nei campi dei materiali fotovoltaici, della ricerca mineraria e cos\u00ec via.<\/p>\n","protected":false},"featured_media":1001959,"comment_status":"open","ping_status":"closed","template":"","meta":{"_acf_changed":false},"product_brand":[],"product_cat":[197],"product_tag":[],"class_list":{"0":"post-1015062","1":"product","2":"type-product","3":"status-publish","4":"has-post-thumbnail","6":"product_cat-obiettivi-di-sputtering-planari","8":"first","9":"instock","10":"shipping-taxable","11":"product-type-variable"},"acf":[],"_links":{"self":[{"href":"https:\/\/vimaterial.de\/it\/wp-json\/wp\/v2\/product\/1015062","targetHints":{"allow":["GET"]}}],"collection":[{"href":"https:\/\/vimaterial.de\/it\/wp-json\/wp\/v2\/product"}],"about":[{"href":"https:\/\/vimaterial.de\/it\/wp-json\/wp\/v2\/types\/product"}],"replies":[{"embeddable":true,"href":"https:\/\/vimaterial.de\/it\/wp-json\/wp\/v2\/comments?post=1015062"}],"wp:featuredmedia":[{"embeddable":true,"href":"https:\/\/vimaterial.de\/it\/wp-json\/wp\/v2\/media\/1001959"}],"wp:attachment":[{"href":"https:\/\/vimaterial.de\/it\/wp-json\/wp\/v2\/media?parent=1015062"}],"wp:term":[{"taxonomy":"product_brand","embeddable":true,"href":"https:\/\/vimaterial.de\/it\/wp-json\/wp\/v2\/product_brand?post=1015062"},{"taxonomy":"product_cat","embeddable":true,"href":"https:\/\/vimaterial.de\/it\/wp-json\/wp\/v2\/product_cat?post=1015062"},{"taxonomy":"product_tag","embeddable":true,"href":"https:\/\/vimaterial.de\/it\/wp-json\/wp\/v2\/product_tag?post=1015062"}],"curies":[{"name":"wp","href":"https:\/\/api.w.org\/{rel}","templated":true}]}}