{"id":1015045,"date":"2024-06-17T14:43:16","date_gmt":"2024-06-17T06:43:16","guid":{"rendered":"https:\/\/vimaterial.de\/product\/solfuro-di-ferro-3\/"},"modified":"2025-04-16T14:36:17","modified_gmt":"2025-04-16T06:36:17","slug":"solfuro-di-ferro-3","status":"publish","type":"product","link":"https:\/\/vimaterial.de\/it\/product\/solfuro-di-ferro-3\/","title":{"rendered":"Solfuro di ferro"},"content":{"rendered":"<p>I granuli di <span style=\"color: #0000ff;\"><a style=\"color: #0000ff;\" href=\"https:\/\/vimaterial.de\/en\/product\/iron-sulfide-6\/\">solfuro di ferro<\/a><\/span> sono particelle di un composto costituito da ferro e zolfo, solitamente di colore nero o marrone scuro, con una variet\u00e0 di strutture cristalline, e hanno importanti applicazioni in mineralogia, scienza dei materiali e industria chimica.<\/p>\n<p>VIMATERIAL fornisce granuli di solfuro di ferro, i nostri granuli sono uniformi e stabili nella composizione, elevata purezza, elevata durezza, controllabili nella dimensione delle particelle, ecc. E possiamo accettare prodotti ed esperimenti personalizzati, abbiamo un team di ricerca e sviluppo tecnico professionale, <span style=\"color: #0000ff;\"><a style=\"color: #0000ff;\" href=\"https:\/\/vimaterial.de\/en\/contact-us\/\">contattaci.<\/a><\/span> <\/p>\n<h2><span style=\"font-size: 14pt;\">Propriet\u00e0 fisiche<\/span><\/h2>\n<p>Formula molecolare: FeS2<\/p>\n<p>Peso molecolare: circa 119,98<\/p>\n<p>Aspetto: Solitamente solido cristallino giallo con lucentezza metallica.<\/p>\n<p>Struttura cristallina: Esistono due tipi di sistema cristallino equiassiale di tipo pirite e sistema cristallino romboedrico di tipo albite, il primo \u00e8 la struttura derivata della struttura di tipo NaCl e il secondo gruppo spaziale \u00e8 Pnnm.<\/p>\n<h2><span style=\"font-size: 14pt;\">Applicazioni<\/span><\/h2>\n<p>Industria: le particelle di solfuro di ferro possono essere utilizzate come minerale nell&#8217;industria metallurgica per estrarre elementi come ferro e zolfo, fornendo un&#8217;importante fonte di materie prime per la produzione di acciaio.<\/p>\n<p>Agricoltura: le particelle di solfuro di ferro possono essere utilizzate come fertilizzante solforoso in agricoltura per reintegrare il suolo con zolfo, che aiuta a migliorare la fertilit\u00e0 del suolo, promuovere la crescita e lo sviluppo di alcune colture e migliorare la resa e la qualit\u00e0 dei prodotti agricoli.<\/p>\n<p>Protezione ambientale: le particelle di solfuro di ferro hanno determinate propriet\u00e0 di adsorbimento e possono essere utilizzate per trattare alcune acque reflue industriali o gas di scarico, adsorbendo ioni di metalli pesanti e altri inquinanti, per ridurre in una certa misura l&#8217;inquinamento ambientale.<\/p>\n<h2><span style=\"font-size: 14pt;\">Controllo qualit\u00e0<\/span><\/h2>\n<p><span style=\"color: #0000ff;\"><a style=\"color: #0000ff;\" href=\"https:\/\/vimaterial.de\/en\/quality-control\/\">Ogni lotto<\/a><\/span> di prodotti protegge rigorosamente la qualit\u00e0, dalla selezione dei fornitori di materie prime, all&#8217;uso di apparecchiature di collaudo avanzate per monitorare accuratamente l&#8217;intero processo di produzione, al prodotto finito attraverso molti cicli di campionamento severo e certificazione autorevole di terze parti, per garantire che ogni lotto di prodotti soddisfi e superi gli elevati standard del settore con un tuttofare,  Sistema di controllo della qualit\u00e0 a tolleranza zero, per fornire ai nostri clienti la migliore qualit\u00e0 e i prodotti pi\u00f9 stabili.<\/p>\n<h2><span style=\"font-size: 14pt;\">Imballaggio e stoccaggio<\/span><\/h2>\n<p>I granuli di solfuro di ferro sono confezionati in sacchetti sottovuoto o bottiglie sottovuoto in cartoni.<\/p>\n<p>I granuli di solfuro di ferro devono essere conservati in un luogo asciutto, fresco e ben ventilato, lontano da aria, acqua e forti ossidanti per prevenire l&#8217;ossidazione, l&#8217;idrolisi e il deterioramento.<\/p>\n","protected":false},"excerpt":{"rendered":"<p>I granuli di <span style=\"color: #0000ff;\"><a style=\"color: #0000ff;\" href=\"https:\/\/vimaterial.de\/en\/product\/iron-sulfide-6\/\">solfuro di ferro<\/a><\/span> sono particelle di un composto costituito da ferro e zolfo, solitamente di colore nero o marrone scuro, con una variet\u00e0 di strutture cristalline, e hanno importanti applicazioni in mineralogia, scienza dei materiali e industria chimica.<\/p>\n","protected":false},"featured_media":1001967,"comment_status":"open","ping_status":"closed","template":"","meta":{"_acf_changed":false},"product_brand":[],"product_cat":[198],"product_tag":[],"class_list":{"0":"post-1015045","1":"product","2":"type-product","3":"status-publish","4":"has-post-thumbnail","6":"product_cat-materiali-per-levaporazione","8":"first","9":"instock","10":"shipping-taxable","11":"product-type-variable"},"acf":[],"_links":{"self":[{"href":"https:\/\/vimaterial.de\/it\/wp-json\/wp\/v2\/product\/1015045","targetHints":{"allow":["GET"]}}],"collection":[{"href":"https:\/\/vimaterial.de\/it\/wp-json\/wp\/v2\/product"}],"about":[{"href":"https:\/\/vimaterial.de\/it\/wp-json\/wp\/v2\/types\/product"}],"replies":[{"embeddable":true,"href":"https:\/\/vimaterial.de\/it\/wp-json\/wp\/v2\/comments?post=1015045"}],"wp:featuredmedia":[{"embeddable":true,"href":"https:\/\/vimaterial.de\/it\/wp-json\/wp\/v2\/media\/1001967"}],"wp:attachment":[{"href":"https:\/\/vimaterial.de\/it\/wp-json\/wp\/v2\/media?parent=1015045"}],"wp:term":[{"taxonomy":"product_brand","embeddable":true,"href":"https:\/\/vimaterial.de\/it\/wp-json\/wp\/v2\/product_brand?post=1015045"},{"taxonomy":"product_cat","embeddable":true,"href":"https:\/\/vimaterial.de\/it\/wp-json\/wp\/v2\/product_cat?post=1015045"},{"taxonomy":"product_tag","embeddable":true,"href":"https:\/\/vimaterial.de\/it\/wp-json\/wp\/v2\/product_tag?post=1015045"}],"curies":[{"name":"wp","href":"https:\/\/api.w.org\/{rel}","templated":true}]}}