{"id":1015018,"date":"2024-06-17T14:56:24","date_gmt":"2024-06-17T06:56:24","guid":{"rendered":"https:\/\/vimaterial.de\/product\/ossido-rameoso-i\/"},"modified":"2025-04-14T10:01:50","modified_gmt":"2025-04-14T02:01:50","slug":"ossido-rameoso-i","status":"publish","type":"product","link":"https:\/\/vimaterial.de\/it\/product\/ossido-rameoso-i\/","title":{"rendered":"Ossido rameoso (I)"},"content":{"rendered":"<p>Il bersaglio di sputtering di <span style=\"color: #0000ff;\"><a style=\"color: #0000ff;\" href=\"https:\/\/vimaterial.de\/en\/product\/cuprous-i-oxide-2\/\">ossido rameoso (I)<\/a> <\/span>\u00e8 un processo di sputtering utilizzato nella deposizione fisica da vapore (PVD) per depositare film sottili di ossido rameoso di alta qualit\u00e0 sulla superficie del substrato, che svolge un ruolo importante in molti campi come l&#8217;elettronica e l&#8217;ottica.<\/p>\n<p>VIMATERIAL fornisce bersagli di sputtering di ossido rameoso (I) di alta purezza e alta qualit\u00e0 con struttura densa, sputtering uniforme, elevata purezza, basse impurit\u00e0, prestazioni stabili del prodotto e pu\u00f2 fornire un servizio di legatura del target. La nostra azienda ha un team di ricerca e sviluppo professionale e accetta tutti i tipi di servizi personalizzati, non esitate <span style=\"color: #0000ff;\"><a style=\"color: #0000ff;\" href=\"https:\/\/vimaterial.de\/en\/contact-us\/\">a contattarci<\/a><\/span>. <\/p>\n<h2><span style=\"font-size: 14pt;\">Propriet\u00e0 fisiche<\/span><\/h2>\n<p>Formula molecolare: Cu\u2082O<\/p>\n<p>Peso molecolare: 143,08<\/p>\n<p>Aspetto: bersaglio solitamente rosso scuro<\/p>\n<p>Densit\u00e0: 6,04 g\/cm\u00b3 (20\u00b0C)<\/p>\n<p>Punto di fusione: 1235\u00b0C<\/p>\n<p>Struttura cristallina: sistema cristallino cubico<\/p>\n<h2><span style=\"font-size: 14pt;\">Applicazioni<\/span><\/h2>\n<p>Campo delle celle solari: aiuta la preparazione del film di conversione fotoelettrica ad alta efficienza, migliora l&#8217;efficienza dell&#8217;uso dell&#8217;energia solare.<\/p>\n<p>Nella produzione elettronica: i bersagli di ossido rameoso (I) vengono utilizzati per la deposizione di speciali film conduttivi, fondamentali per ottimizzare le prestazioni dei circuiti di precisione.<\/p>\n<p>Rivestimento ottico: pu\u00f2 creare film sottili con propriet\u00e0 ottiche uniche, ampiamente utilizzati nelle lenti degli strumenti ottici per aumentare la trasparenza e filtrare la luce.<\/p>\n<p>Produzione di sensori: i target di ossido rameoso (I) sputtering consentono la deposizione di film sottili funzionali sulla superficie di componenti sensibili, migliorando con precisione la sensibilit\u00e0 e la stabilit\u00e0 dei sensori.<\/p>\n<h2><span style=\"font-size: 14pt;\">Controllo qualit\u00e0<\/span><\/h2>\n<p>Per ogni lotto di prodotti viene implementato <span style=\"color: #0000ff;\"><a style=\"color: #0000ff;\" href=\"https:\/\/vimaterial.de\/en\/quality-control\/\">il pi\u00f9 rigoroso<\/a><\/span> sistema di gestione della qualit\u00e0, con registrazioni complete dalle materie prime ai prodotti finali per una facile tracciabilit\u00e0 del prodotto. Abbiamo adottato rigorose misure di segregazione per la gestione dei prodotti non conformi per garantire che nessun singolo prodotto non conforme possa essere lasciato al processo successivo. <\/p>\n<h2><span style=\"font-size: 14pt;\">Imballaggio e stoccaggio<\/span><\/h2>\n<p>I bersagli di ossido rameoso (I) vengono confezionati in doppi sacchetti sottovuoto e poi inscatolati.<\/p>\n<p>I bersagli di ossido rameoso (I) devono essere conservati in un ambiente asciutto, fresco e ben ventilato, protetto dall&#8217;umidit\u00e0, dall&#8217;ossidazione e dal contatto con sostanze corrosive e protetto da urti fisici e compressione.<\/p>\n","protected":false},"excerpt":{"rendered":"<p>Il bersaglio di sputtering di <span style=\"color: #0000ff;\"><a style=\"color: #0000ff;\" href=\"https:\/\/vimaterial.de\/en\/product\/cuprous-i-oxide-2\/\">ossido rameoso (I)<\/a> <\/span>\u00e8 un processo di sputtering utilizzato nella deposizione fisica da vapore (PVD) per depositare film sottili di ossido rameoso di alta qualit\u00e0 sulla superficie del substrato, che svolge un ruolo importante in molti campi come l&#8217;elettronica e l&#8217;ottica.<\/p>\n","protected":false},"featured_media":1002973,"comment_status":"open","ping_status":"closed","template":"","meta":{"_acf_changed":false},"product_brand":[],"product_cat":[197],"product_tag":[],"class_list":{"0":"post-1015018","1":"product","2":"type-product","3":"status-publish","4":"has-post-thumbnail","6":"product_cat-obiettivi-di-sputtering-planari","8":"first","9":"instock","10":"shipping-taxable","11":"purchasable","12":"product-type-variable"},"acf":[],"_links":{"self":[{"href":"https:\/\/vimaterial.de\/it\/wp-json\/wp\/v2\/product\/1015018","targetHints":{"allow":["GET"]}}],"collection":[{"href":"https:\/\/vimaterial.de\/it\/wp-json\/wp\/v2\/product"}],"about":[{"href":"https:\/\/vimaterial.de\/it\/wp-json\/wp\/v2\/types\/product"}],"replies":[{"embeddable":true,"href":"https:\/\/vimaterial.de\/it\/wp-json\/wp\/v2\/comments?post=1015018"}],"wp:featuredmedia":[{"embeddable":true,"href":"https:\/\/vimaterial.de\/it\/wp-json\/wp\/v2\/media\/1002973"}],"wp:attachment":[{"href":"https:\/\/vimaterial.de\/it\/wp-json\/wp\/v2\/media?parent=1015018"}],"wp:term":[{"taxonomy":"product_brand","embeddable":true,"href":"https:\/\/vimaterial.de\/it\/wp-json\/wp\/v2\/product_brand?post=1015018"},{"taxonomy":"product_cat","embeddable":true,"href":"https:\/\/vimaterial.de\/it\/wp-json\/wp\/v2\/product_cat?post=1015018"},{"taxonomy":"product_tag","embeddable":true,"href":"https:\/\/vimaterial.de\/it\/wp-json\/wp\/v2\/product_tag?post=1015018"}],"curies":[{"name":"wp","href":"https:\/\/api.w.org\/{rel}","templated":true}]}}